{"id":460,"date":"2016-07-09T22:54:51","date_gmt":"2016-07-09T22:54:51","guid":{"rendered":"http:\/\/segtotaltreinamentos.com.br\/Loja\/?page_id=460"},"modified":"2016-09-18T18:53:25","modified_gmt":"2016-09-18T18:53:25","slug":"termos-e-condicoes","status":"publish","type":"page","link":"https:\/\/segtotaltreinamentos.com.br\/Loja\/termos-e-condicoes\/","title":{"rendered":"Termos e Condi\u00e7\u00f5es"},"content":{"rendered":"<p>Em Caso de produto com problemas, poder\u00e1 ser solicitado a substitui\u00e7\u00e3o sem custo adicional.<\/p>\n<p><strong>Para produtos e quantidades em estoque o prazo de entrega \u00e9 at\u00e9 em 48 horas.<\/strong><\/p>\n<p>Para produtos sob encomenda favor enviar um e-mail solicitando produto e quantidade.<\/p>\n<p>Para pessoa Jur\u00eddica \u00e9 necess\u00e1rio o envio de ordem de compra para o e-mail da <a href=\"mailto:segtotaltreinamentos@hotmail.com\">segtotaltreinamentos@hotmail.com<\/a><\/p>\n<p><strong>Prazo de chegada da mercadoria encomendada \u00e9 de 5 \u00e1 10 dias \u00dateis, se tudo correr bem.<\/strong><\/p>\n<p><strong>Frete Gratuito para Caxias do Sul e S\u00e3o Marcos.<\/strong><\/p>\n<p><strong>Formas de pagamento.<\/strong><\/p>\n<p><strong>Boleto banc\u00e1rio avulso para 75 dias, atrav\u00e9s do Gerencianet, com d\u00e9bito para a Segtotal.<\/strong><\/p>\n<p><img decoding=\"async\" class=\"alignnone size-full wp-image-2745\" src=\"https:\/\/segtotaltreinamentos.com.br\/Loja\/wp-content\/uploads\/2016\/07\/banner_gerencianet-165x204.png\" alt=\"banner_gerencianet-165x204\" width=\"165\" height=\"204\" \/><\/p>\n<p><strong>Transfer\u00eancia Banc\u00e1ria &#8211; \u00e1 vista.<\/strong><\/p>\n<p><strong>Formas de pagamentos\u00a0atrav\u00e9s do PagSeguro temos as op\u00e7\u00f5es:<\/strong><\/p>\n<p><strong>Cart\u00e3o de credito &#8211; parcelado\u00a0conforme promo\u00e7\u00e3o do momento em 18x conforme a bandeira do cart\u00e3o.<\/strong><\/p>\n<p><strong>Cart\u00e3o de d\u00e9bito &#8211; \u00e1 Vista.<\/strong><\/p>\n<p><strong>Boleto sendo que este vence em tr\u00eas dias \u00fateis &#8211; \u00e0 vista\u00a0tem acr\u00e9scimo de R$ 1,00. Sendo que este acr\u00e9scimo \u00e9 descontado pelo\u00a0pr\u00f3prio\u00a0PagSeguro por cada venda realizada.<br \/>\n<\/strong><\/p>\n<p><strong>D\u00e9bito online &#8211; \u00e1 vista.<\/strong><\/p>\n<p><strong>Dep\u00f3sito banc\u00e1rio &#8211; \u00e0 vista.<\/strong><\/p>\n<p style=\"text-align: center;\">Todos os meios de pagamento em um lugar s\u00f3<\/p>\n<p><img decoding=\"async\" class=\"aligncenter\" title=\"Este site aceita pagamentos com Visa, MasterCard, Diners, American Express, Hipercard, Aura, Elo, PLENOCard, PersonalCard, BrasilCard, FORTBRASIL, Cabal, Mais!, Avista, Grandcard, Sorocred, Bradesco, Ita\u00fa, Banco do Brasil, Banrisul, Banco HSBC, saldo em conta PagSeguro e boleto.\" src=\"https:\/\/stc.pagseguro.uol.com.br\/public\/img\/banners\/pagamento\/todos_estatico_550_100.gif\" alt=\"Logotipos de meios de pagamento do PagSeguro\" \/><\/p>\n<p>&nbsp;<\/p>\n<p>&nbsp;<\/p>\n<p><strong>Emiss\u00e3o de NFE<\/strong>: A emiss\u00e3o da nota fiscal e libera\u00e7\u00e3o do produto somente ocorrer\u00e1 ap\u00f3s a aprova\u00e7\u00e3o, confirma\u00e7\u00e3o e ou libera\u00e7\u00e3o do pagamento.<\/p>\n","protected":false},"excerpt":{"rendered":"<p>Em Caso de produto com problemas, poder\u00e1 ser solicitado a substitui\u00e7\u00e3o sem custo adicional. Para produtos e quantidades em estoque&hellip;<\/p>\n","protected":false},"author":1,"featured_media":0,"parent":0,"menu_order":0,"comment_status":"closed","ping_status":"closed","template":"","meta":{"footnotes":""},"class_list":["post-460","page","type-page","status-publish","hentry"],"_links":{"self":[{"href":"https:\/\/segtotaltreinamentos.com.br\/Loja\/wp-json\/wp\/v2\/pages\/460","targetHints":{"allow":["GET"]}}],"collection":[{"href":"https:\/\/segtotaltreinamentos.com.br\/Loja\/wp-json\/wp\/v2\/pages"}],"about":[{"href":"https:\/\/segtotaltreinamentos.com.br\/Loja\/wp-json\/wp\/v2\/types\/page"}],"author":[{"embeddable":true,"href":"https:\/\/segtotaltreinamentos.com.br\/Loja\/wp-json\/wp\/v2\/users\/1"}],"replies":[{"embeddable":true,"href":"https:\/\/segtotaltreinamentos.com.br\/Loja\/wp-json\/wp\/v2\/comments?post=460"}],"version-history":[{"count":14,"href":"https:\/\/segtotaltreinamentos.com.br\/Loja\/wp-json\/wp\/v2\/pages\/460\/revisions"}],"predecessor-version":[{"id":2746,"href":"https:\/\/segtotaltreinamentos.com.br\/Loja\/wp-json\/wp\/v2\/pages\/460\/revisions\/2746"}],"wp:attachment":[{"href":"https:\/\/segtotaltreinamentos.com.br\/Loja\/wp-json\/wp\/v2\/media?parent=460"}],"curies":[{"name":"wp","href":"https:\/\/api.w.org\/{rel}","templated":true}]}}