{"id":503,"date":"2016-07-17T17:36:37","date_gmt":"2016-07-17T17:36:37","guid":{"rendered":"http:\/\/segtotaltreinamentos.com.br\/Loja\/?page_id=503"},"modified":"2020-11-29T12:13:02","modified_gmt":"2020-11-29T12:13:02","slug":"quem-somos","status":"publish","type":"page","link":"https:\/\/segtotaltreinamentos.com.br\/Loja\/quem-somos\/","title":{"rendered":"Quem somos?"},"content":{"rendered":"<p style=\"text-align: justify;\">Somos uma loja online em Caxias do Sul-RS que revende EPIS, para todas as \u00e1reas, no momento atendemos a serra ga\u00facha. Voc\u00ea pode comprar os EPIS sob encomenda tamb\u00e9m.<\/p>\n<p style=\"text-align: justify;\">Telefones para contato: (54) 3229-2968<\/p>\n<p>Celular (54) 99942-6400<\/p>\n\n\n<!-- WhatsHelp.io widget -->\n<script type=\"text\/javascript\">\n    (function () {\n        var options = {\n            whatsapp: \"+55(54)996164575\", \/\/ WhatsApp number\n            call_to_action: \"Solicite or\u00e7amento\", \/\/ Call to action\n            position: \"left\", \/\/ Position may be 'right' or 'left'\n        };\n        var proto = document.location.protocol, host = \"whatshelp.io\", url = proto + \"\/\/static.\" + host;\n        var s = document.createElement('script'); s.type = 'text\/javascript'; s.async = true; s.src = url + '\/widget-send-button\/js\/init.js';\n        s.onload = function () { WhWidgetSendButton.init(host, proto, options); };\n        var x = document.getElementsByTagName('script')[0]; x.parentNode.insertBefore(s, x);\n    })();\n<\/script>\n<!-- \/WhatsHelp.io widget -->\n","protected":false},"excerpt":{"rendered":"<p>Somos uma loja online em Caxias do Sul-RS que revende EPIS, para todas as \u00e1reas, no momento atendemos a serra&hellip;<\/p>\n","protected":false},"author":2,"featured_media":0,"parent":0,"menu_order":0,"comment_status":"closed","ping_status":"closed","template":"","meta":{"footnotes":""},"class_list":["post-503","page","type-page","status-publish","hentry"],"_links":{"self":[{"href":"https:\/\/segtotaltreinamentos.com.br\/Loja\/wp-json\/wp\/v2\/pages\/503","targetHints":{"allow":["GET"]}}],"collection":[{"href":"https:\/\/segtotaltreinamentos.com.br\/Loja\/wp-json\/wp\/v2\/pages"}],"about":[{"href":"https:\/\/segtotaltreinamentos.com.br\/Loja\/wp-json\/wp\/v2\/types\/page"}],"author":[{"embeddable":true,"href":"https:\/\/segtotaltreinamentos.com.br\/Loja\/wp-json\/wp\/v2\/users\/2"}],"replies":[{"embeddable":true,"href":"https:\/\/segtotaltreinamentos.com.br\/Loja\/wp-json\/wp\/v2\/comments?post=503"}],"version-history":[{"count":10,"href":"https:\/\/segtotaltreinamentos.com.br\/Loja\/wp-json\/wp\/v2\/pages\/503\/revisions"}],"predecessor-version":[{"id":29552,"href":"https:\/\/segtotaltreinamentos.com.br\/Loja\/wp-json\/wp\/v2\/pages\/503\/revisions\/29552"}],"wp:attachment":[{"href":"https:\/\/segtotaltreinamentos.com.br\/Loja\/wp-json\/wp\/v2\/media?parent=503"}],"curies":[{"name":"wp","href":"https:\/\/api.w.org\/{rel}","templated":true}]}}