{"id":1017,"date":"2016-07-23T19:22:29","date_gmt":"2016-07-23T19:22:29","guid":{"rendered":"http:\/\/segtotaltreinamentos.com.br\/Loja\/?post_type=product&#038;p=1017"},"modified":"2016-09-27T12:31:00","modified_gmt":"2016-09-27T12:31:00","slug":"luva-nitriflex-verde","status":"publish","type":"product","link":"https:\/\/segtotaltreinamentos.com.br\/Loja\/produto\/luva-nitriflex-verde\/","title":{"rendered":"Luva Nitrilflex Verde"},"content":{"rendered":"<p><a href=\"https:\/\/segtotaltreinamentos.com.br\/Loja\/wp-content\/uploads\/2016\/07\/FT-LUVA-DANNY-NITRIFLEX-CA10005-DA36100-DA36101-1.pdf\">FT-LUVA-DANNY-NITRIFLEX-CA10005-DA36100-DA36101<\/a><\/p>\n","protected":false},"excerpt":{"rendered":"<div id=\"corpo-desc-prod\"><b>Descri\u00e7\u00e3o<\/b><br \/>\nLuva nitr\u00edlica verde com ou sem forro e palma antiderrapante.<\/div>\n<div id=\"corpo-van-prod\">\n<div id=\"txt-van-prod\">\n<p><b>Vantagens<\/b>A NITRIFLEX \u00e9 altamente resistente a produtos qu\u00edmicos, principalmente \u00e1cidos, c\u00e1usticos e solventes. Alta resist\u00eancia mec\u00e2nica a rasgo, perfura\u00e7\u00e3o, corte e abras\u00e3o. \u00c9 altamente flex\u00edvel o que oferece conforto ao usu\u00e1rio Possui palma antiderrapante que facilita o manuseio seguro de objetos secos ou molhados. A borracha nitr\u00edlica oferece maior resist\u00eancia \u00e0 abras\u00e3o e higieniza\u00e7\u00e3o maximizando a rela\u00e7\u00e3o custo versus benef\u00edcio. Seu formato anat\u00f4mico e sua espessura conferem alto n\u00edvel de sensibilidade. Esta sensibilidade proporciona processos mais seguros e \u00e1geis<\/p>\n<\/div>\n<\/div>\n","protected":false},"featured_media":598,"comment_status":"open","ping_status":"closed","template":"","meta":[],"product_brand":[],"product_cat":[39,6,9],"product_tag":[],"class_list":{"0":"post-1017","1":"product","2":"type-product","3":"status-publish","4":"has-post-thumbnail","6":"product_cat-danny","7":"product_cat-luvas","8":"product_cat-luvas-quimico","10":"first","11":"onbackorder","12":"taxable","13":"shipping-taxable","14":"product-type-simple"},"_links":{"self":[{"href":"https:\/\/segtotaltreinamentos.com.br\/Loja\/wp-json\/wp\/v2\/product\/1017","targetHints":{"allow":["GET"]}}],"collection":[{"href":"https:\/\/segtotaltreinamentos.com.br\/Loja\/wp-json\/wp\/v2\/product"}],"about":[{"href":"https:\/\/segtotaltreinamentos.com.br\/Loja\/wp-json\/wp\/v2\/types\/product"}],"replies":[{"embeddable":true,"href":"https:\/\/segtotaltreinamentos.com.br\/Loja\/wp-json\/wp\/v2\/comments?post=1017"}],"wp:featuredmedia":[{"embeddable":true,"href":"https:\/\/segtotaltreinamentos.com.br\/Loja\/wp-json\/wp\/v2\/media\/598"}],"wp:attachment":[{"href":"https:\/\/segtotaltreinamentos.com.br\/Loja\/wp-json\/wp\/v2\/media?parent=1017"}],"wp:term":[{"taxonomy":"product_brand","embeddable":true,"href":"https:\/\/segtotaltreinamentos.com.br\/Loja\/wp-json\/wp\/v2\/product_brand?post=1017"},{"taxonomy":"product_cat","embeddable":true,"href":"https:\/\/segtotaltreinamentos.com.br\/Loja\/wp-json\/wp\/v2\/product_cat?post=1017"},{"taxonomy":"product_tag","embeddable":true,"href":"https:\/\/segtotaltreinamentos.com.br\/Loja\/wp-json\/wp\/v2\/product_tag?post=1017"}],"curies":[{"name":"wp","href":"https:\/\/api.w.org\/{rel}","templated":true}]}}