{"id":1111,"date":"2016-07-23T22:29:43","date_gmt":"2016-07-23T22:29:43","guid":{"rendered":"http:\/\/segtotaltreinamentos.com.br\/Loja\/?post_type=product&#038;p=1111"},"modified":"2016-09-27T12:30:30","modified_gmt":"2016-09-27T12:30:30","slug":"luva-maxiflex-endurance-total","status":"publish","type":"product","link":"https:\/\/segtotaltreinamentos.com.br\/Loja\/produto\/luva-maxiflex-endurance-total\/","title":{"rendered":"Luva Maxiflex Endurance Total"},"content":{"rendered":"<p><a href=\"https:\/\/segtotaltreinamentos.com.br\/Loja\/wp-content\/uploads\/2016\/07\/FT-LUVA-DANNY-MAXIFLEX-ENDURANCE-TOTAL-CA28010-DA11847.pdf\">FT-LUVA-DANNY-MAXIFLEX-ENDURANCE-TOTAL-CA28010-DA11847<\/a><\/p>\n","protected":false},"excerpt":{"rendered":"<div id=\"corpo-desc-prod\"><b>Descri\u00e7\u00e3o<\/b><br \/>\nLuva de seguran\u00e7a tricotada em nylon e elastano, totalmente recoberta em nitrilo Foam na palma, nos dedos e no punho que \u00e9 tricotado em el\u00e1stico. Possui pigmenta\u00e7\u00e3o plana na palma.<\/div>\n<div id=\"corpo-van-prod\">\n<div id=\"txt-van-prod\">\n<p><b>Vantagens<\/b>Respirabilidade e alta destreza.<\/p>\n<\/div>\n<\/div>\n","protected":false},"featured_media":534,"comment_status":"open","ping_status":"closed","template":"","meta":[],"product_brand":[],"product_cat":[39,6,7],"product_tag":[],"class_list":{"0":"post-1111","1":"product","2":"type-product","3":"status-publish","4":"has-post-thumbnail","6":"product_cat-danny","7":"product_cat-luvas","8":"product_cat-luvas-anticorte","10":"first","11":"onbackorder","12":"taxable","13":"shipping-taxable","14":"product-type-simple"},"_links":{"self":[{"href":"https:\/\/segtotaltreinamentos.com.br\/Loja\/wp-json\/wp\/v2\/product\/1111","targetHints":{"allow":["GET"]}}],"collection":[{"href":"https:\/\/segtotaltreinamentos.com.br\/Loja\/wp-json\/wp\/v2\/product"}],"about":[{"href":"https:\/\/segtotaltreinamentos.com.br\/Loja\/wp-json\/wp\/v2\/types\/product"}],"replies":[{"embeddable":true,"href":"https:\/\/segtotaltreinamentos.com.br\/Loja\/wp-json\/wp\/v2\/comments?post=1111"}],"wp:featuredmedia":[{"embeddable":true,"href":"https:\/\/segtotaltreinamentos.com.br\/Loja\/wp-json\/wp\/v2\/media\/534"}],"wp:attachment":[{"href":"https:\/\/segtotaltreinamentos.com.br\/Loja\/wp-json\/wp\/v2\/media?parent=1111"}],"wp:term":[{"taxonomy":"product_brand","embeddable":true,"href":"https:\/\/segtotaltreinamentos.com.br\/Loja\/wp-json\/wp\/v2\/product_brand?post=1111"},{"taxonomy":"product_cat","embeddable":true,"href":"https:\/\/segtotaltreinamentos.com.br\/Loja\/wp-json\/wp\/v2\/product_cat?post=1111"},{"taxonomy":"product_tag","embeddable":true,"href":"https:\/\/segtotaltreinamentos.com.br\/Loja\/wp-json\/wp\/v2\/product_tag?post=1111"}],"curies":[{"name":"wp","href":"https:\/\/api.w.org\/{rel}","templated":true}]}}