{"id":1117,"date":"2016-07-23T22:37:09","date_gmt":"2016-07-23T22:37:09","guid":{"rendered":"http:\/\/segtotaltreinamentos.com.br\/Loja\/?post_type=product&#038;p=1117"},"modified":"2016-09-27T12:30:29","modified_gmt":"2016-09-27T12:30:29","slug":"luva-maxidry-total","status":"publish","type":"product","link":"https:\/\/segtotaltreinamentos.com.br\/Loja\/produto\/luva-maxidry-total\/","title":{"rendered":"Luva Maxidry Total"},"content":{"rendered":"<p><a href=\"https:\/\/segtotaltreinamentos.com.br\/Loja\/wp-content\/uploads\/2016\/07\/FT-LUVA-DANNY-MAXIDRY-TOTAL-CA32640-DA35426.pdf\">FT-LUVA-DANNY-MAXIDRY-TOTAL-CA32640-DA35426<\/a><\/p>\n","protected":false},"excerpt":{"rendered":"<div id=\"corpo-desc-prod\"><b>Descri\u00e7\u00e3o<\/b><br \/>\nLuva de seguran\u00e7a tricotada em nylon e elastano, recoberta com nitrilo Total, banho nitrilo espumoso antiderrapante na palma, face palmar dos dedos e pontas dos dedos.<\/div>\n<div id=\"corpo-van-prod\">\n<div id=\"txt-van-prod\">\n<p><b>Vantagens<\/b>Seu suporte t\u00eaxtil feito em nylon e seu revestimento em nitrilo oferecem alta resist\u00eancia qu\u00edmica e mec\u00e2nica. O banho total oferece ampla prote\u00e7\u00e3o qu\u00edmica. A forma ergon\u00f4mica reduz a fadiga muscular e facilita a coloca\u00e7\u00e3o e retirada da luva. Excelente performance abrasiva e qu\u00edmica \u2013 EN388 3110 e MT11. O tratamento Foam Oil imperme\u00e1vel permite o trabalho com \u00f3leos, graxas, \u00e1cidos, solvente e bases alco\u00f3is. Resistente a in\u00fameras lavagens, o que aumenta a vida \u00fatil do equipamento.<\/p>\n<\/div>\n<\/div>\n","protected":false},"featured_media":591,"comment_status":"open","ping_status":"closed","template":"","meta":[],"product_brand":[],"product_cat":[39,6,7],"product_tag":[],"class_list":{"0":"post-1117","1":"product","2":"type-product","3":"status-publish","4":"has-post-thumbnail","6":"product_cat-danny","7":"product_cat-luvas","8":"product_cat-luvas-anticorte","10":"first","11":"onbackorder","12":"taxable","13":"shipping-taxable","14":"product-type-simple"},"_links":{"self":[{"href":"https:\/\/segtotaltreinamentos.com.br\/Loja\/wp-json\/wp\/v2\/product\/1117","targetHints":{"allow":["GET"]}}],"collection":[{"href":"https:\/\/segtotaltreinamentos.com.br\/Loja\/wp-json\/wp\/v2\/product"}],"about":[{"href":"https:\/\/segtotaltreinamentos.com.br\/Loja\/wp-json\/wp\/v2\/types\/product"}],"replies":[{"embeddable":true,"href":"https:\/\/segtotaltreinamentos.com.br\/Loja\/wp-json\/wp\/v2\/comments?post=1117"}],"wp:featuredmedia":[{"embeddable":true,"href":"https:\/\/segtotaltreinamentos.com.br\/Loja\/wp-json\/wp\/v2\/media\/591"}],"wp:attachment":[{"href":"https:\/\/segtotaltreinamentos.com.br\/Loja\/wp-json\/wp\/v2\/media?parent=1117"}],"wp:term":[{"taxonomy":"product_brand","embeddable":true,"href":"https:\/\/segtotaltreinamentos.com.br\/Loja\/wp-json\/wp\/v2\/product_brand?post=1117"},{"taxonomy":"product_cat","embeddable":true,"href":"https:\/\/segtotaltreinamentos.com.br\/Loja\/wp-json\/wp\/v2\/product_cat?post=1117"},{"taxonomy":"product_tag","embeddable":true,"href":"https:\/\/segtotaltreinamentos.com.br\/Loja\/wp-json\/wp\/v2\/product_tag?post=1117"}],"curies":[{"name":"wp","href":"https:\/\/api.w.org\/{rel}","templated":true}]}}