{"id":1156,"date":"2016-07-24T15:41:04","date_gmt":"2016-07-24T15:41:04","guid":{"rendered":"http:\/\/segtotaltreinamentos.com.br\/Loja\/?post_type=product&#038;p=1156"},"modified":"2017-08-17T20:20:19","modified_gmt":"2017-08-17T20:20:19","slug":"luva-flextactil","status":"publish","type":"product","link":"https:\/\/segtotaltreinamentos.com.br\/Loja\/produto\/luva-flextactil\/","title":{"rendered":"Luva Flextactil"},"content":{"rendered":"<p><a href=\"https:\/\/segtotaltreinamentos.com.br\/Loja\/wp-content\/uploads\/2016\/07\/FT-LUVA-DANNY-FLEXTACTIL-CA29014-DA12100.pdf\">FT-LUVA-DANNY-FLEXTACTIL-CA29014-DA12100<\/a><\/p>\n","protected":false},"excerpt":{"rendered":"<div id=\"corpo-desc-prod\"><b>Descri\u00e7\u00e3o<\/b><br \/>\nLuva de seguran\u00e7a tricotada em nylon, recoberta de poliuretano na palma, face palmar dos dedos e ponta dos dedos. Punho em el\u00e1stico.<\/div>\n<div id=\"corpo-van-prod\">\n<div id=\"txt-van-prod\">\n<p><b>Vantagens<\/b>Alta destreza para atividades com pe\u00e7as secas ou \u00famidas. Sua forma anat\u00f4mica reduz a fadiga muscular e permite o perfeito ajuste \u00e0s m\u00e3os. Excelente performance abrasiva \u2013 EN 388 (4041). A cor escura atribui \u00e0 luva maior durabilidade j\u00e1 que n\u00e3o apresenta sujidade. A melhor op\u00e7\u00e3o na substitui\u00e7\u00e3o de luvas de malha em rela\u00e7\u00e3o custo x benef\u00edcio. Por ser fabricada em nylon, n\u00e3o solta res\u00edduos nas pe\u00e7as trabalhadas. \u00c9 antiest\u00e1tica, ou seja, protege os equipamentos eletr\u00f4nicos manuseados pelo trabalhador.<\/p>\n<\/div>\n<\/div>\n","protected":false},"featured_media":607,"comment_status":"open","ping_status":"closed","template":"","meta":[],"product_brand":[],"product_cat":[39,6,7],"product_tag":[],"class_list":{"0":"post-1156","1":"product","2":"type-product","3":"status-publish","4":"has-post-thumbnail","6":"product_cat-danny","7":"product_cat-luvas","8":"product_cat-luvas-anticorte","10":"first","11":"onbackorder","12":"taxable","13":"shipping-taxable","14":"purchasable","15":"product-type-simple"},"_links":{"self":[{"href":"https:\/\/segtotaltreinamentos.com.br\/Loja\/wp-json\/wp\/v2\/product\/1156","targetHints":{"allow":["GET"]}}],"collection":[{"href":"https:\/\/segtotaltreinamentos.com.br\/Loja\/wp-json\/wp\/v2\/product"}],"about":[{"href":"https:\/\/segtotaltreinamentos.com.br\/Loja\/wp-json\/wp\/v2\/types\/product"}],"replies":[{"embeddable":true,"href":"https:\/\/segtotaltreinamentos.com.br\/Loja\/wp-json\/wp\/v2\/comments?post=1156"}],"wp:featuredmedia":[{"embeddable":true,"href":"https:\/\/segtotaltreinamentos.com.br\/Loja\/wp-json\/wp\/v2\/media\/607"}],"wp:attachment":[{"href":"https:\/\/segtotaltreinamentos.com.br\/Loja\/wp-json\/wp\/v2\/media?parent=1156"}],"wp:term":[{"taxonomy":"product_brand","embeddable":true,"href":"https:\/\/segtotaltreinamentos.com.br\/Loja\/wp-json\/wp\/v2\/product_brand?post=1156"},{"taxonomy":"product_cat","embeddable":true,"href":"https:\/\/segtotaltreinamentos.com.br\/Loja\/wp-json\/wp\/v2\/product_cat?post=1156"},{"taxonomy":"product_tag","embeddable":true,"href":"https:\/\/segtotaltreinamentos.com.br\/Loja\/wp-json\/wp\/v2\/product_tag?post=1156"}],"curies":[{"name":"wp","href":"https:\/\/api.w.org\/{rel}","templated":true}]}}