{"id":1185,"date":"2016-07-24T16:47:38","date_gmt":"2016-07-24T16:47:38","guid":{"rendered":"http:\/\/segtotaltreinamentos.com.br\/Loja\/?post_type=product&#038;p=1185"},"modified":"2016-09-27T12:30:23","modified_gmt":"2016-09-27T12:30:23","slug":"luva-thermaflex-banahda","status":"publish","type":"product","link":"https:\/\/segtotaltreinamentos.com.br\/Loja\/produto\/luva-thermaflex-banahda\/","title":{"rendered":"Luva Thermaflex Banhada"},"content":{"rendered":"<p><a href=\"https:\/\/segtotaltreinamentos.com.br\/Loja\/wp-content\/uploads\/2016\/07\/FT-LUVA-DANNY-THERMAFLEX-BANHADA-CA32931-DA22100L.pdf\">FT-LUVA-DANNY-THERMAFLEX-BANHADA-CA32931-DA22100L<\/a><\/p>\n","protected":false},"excerpt":{"rendered":"<div id=\"corpo-desc-prod\"><b>Descri\u00e7\u00e3o<\/b><br \/>\nLuva tricotada em fio thermastat para prote\u00e7\u00e3o t\u00e9rmica. Banho nitr\u00edlico para atividades que exigem impermeabilidade com punho de el\u00e1stico longo para a prote\u00e7\u00e3o do antebra\u00e7o.<\/div>\n<div id=\"corpo-van-prod\">\n<div id=\"txt-van-prod\">\n<p><b>Vantagens<\/b>Muito flex\u00edvel, oferece excelente tato no manuseio de pe\u00e7as em alta ou baixa temperatura. Permite o uso compartilhado com outras luvas.<\/p>\n<\/div>\n<\/div>\n","protected":false},"featured_media":626,"comment_status":"open","ping_status":"closed","template":"","meta":[],"product_brand":[],"product_cat":[39,6,8],"product_tag":[],"class_list":{"0":"post-1185","1":"product","2":"type-product","3":"status-publish","4":"has-post-thumbnail","6":"product_cat-danny","7":"product_cat-luvas","8":"product_cat-luvas-calor","10":"first","11":"onbackorder","12":"taxable","13":"shipping-taxable","14":"product-type-simple"},"_links":{"self":[{"href":"https:\/\/segtotaltreinamentos.com.br\/Loja\/wp-json\/wp\/v2\/product\/1185","targetHints":{"allow":["GET"]}}],"collection":[{"href":"https:\/\/segtotaltreinamentos.com.br\/Loja\/wp-json\/wp\/v2\/product"}],"about":[{"href":"https:\/\/segtotaltreinamentos.com.br\/Loja\/wp-json\/wp\/v2\/types\/product"}],"replies":[{"embeddable":true,"href":"https:\/\/segtotaltreinamentos.com.br\/Loja\/wp-json\/wp\/v2\/comments?post=1185"}],"wp:featuredmedia":[{"embeddable":true,"href":"https:\/\/segtotaltreinamentos.com.br\/Loja\/wp-json\/wp\/v2\/media\/626"}],"wp:attachment":[{"href":"https:\/\/segtotaltreinamentos.com.br\/Loja\/wp-json\/wp\/v2\/media?parent=1185"}],"wp:term":[{"taxonomy":"product_brand","embeddable":true,"href":"https:\/\/segtotaltreinamentos.com.br\/Loja\/wp-json\/wp\/v2\/product_brand?post=1185"},{"taxonomy":"product_cat","embeddable":true,"href":"https:\/\/segtotaltreinamentos.com.br\/Loja\/wp-json\/wp\/v2\/product_cat?post=1185"},{"taxonomy":"product_tag","embeddable":true,"href":"https:\/\/segtotaltreinamentos.com.br\/Loja\/wp-json\/wp\/v2\/product_tag?post=1185"}],"curies":[{"name":"wp","href":"https:\/\/api.w.org\/{rel}","templated":true}]}}