{"id":1227,"date":"2016-07-24T18:04:00","date_gmt":"2016-07-24T18:04:00","guid":{"rendered":"http:\/\/segtotaltreinamentos.com.br\/Loja\/?post_type=product&#038;p=1227"},"modified":"2016-09-27T12:29:28","modified_gmt":"2016-09-27T12:29:28","slug":"luvaaltaflex-silicone","status":"publish","type":"product","link":"https:\/\/segtotaltreinamentos.com.br\/Loja\/produto\/luvaaltaflex-silicone\/","title":{"rendered":"Luva Altaflex silicone"},"content":{"rendered":"<p><a href=\"https:\/\/segtotaltreinamentos.com.br\/Loja\/wp-content\/uploads\/2016\/07\/FT-LUVA-DANNY-ALTAFLEX-CA16460-DA24000.pdf\">FT-LUVA-DANNY-ALTAFLEX-CA16460-DA24000<\/a><\/p>\n","protected":false},"excerpt":{"rendered":"<div id=\"corpo-desc-prod\"><b>Descri\u00e7\u00e3o<\/b><br \/>\nLuva em silicone totalmente imperme\u00e1vel para temperaturas at\u00e9 250\u00baC em atividades intermitentes.<\/div>\n<div id=\"corpo-van-prod\">\n<div id=\"txt-van-prod\">\n<p><b>Vantagens<\/b>SUPORTA AT\u00c9 500\u00baC, IMPERME\u00c1VEL E RESISTENTE. A Luva ALTAFLEX \u00e9 confeccionada 100% em silicone, com antiderrapante na palma, totalmente imperme\u00e1vel, ambidestra e com punho reto. Possui 35cm de comprimento total. Fornece prote\u00e7\u00e3o \u00e0s m\u00e3os do usu\u00e1rio em temperaturas de at\u00e9 500\u00baC em opera\u00e7\u00f5es intermitentes. Por permitir lavagem, possui vida \u00fatil superior aos produtos tradicionais, oferecendo economia ao cliente. Vendida por pe\u00e7a.<\/p>\n<\/div>\n<\/div>\n","protected":false},"featured_media":595,"comment_status":"open","ping_status":"closed","template":"","meta":[],"product_brand":[],"product_cat":[39,6,8],"product_tag":[],"class_list":{"0":"post-1227","1":"product","2":"type-product","3":"status-publish","4":"has-post-thumbnail","6":"product_cat-danny","7":"product_cat-luvas","8":"product_cat-luvas-calor","10":"first","11":"onbackorder","12":"taxable","13":"shipping-taxable","14":"product-type-simple"},"_links":{"self":[{"href":"https:\/\/segtotaltreinamentos.com.br\/Loja\/wp-json\/wp\/v2\/product\/1227","targetHints":{"allow":["GET"]}}],"collection":[{"href":"https:\/\/segtotaltreinamentos.com.br\/Loja\/wp-json\/wp\/v2\/product"}],"about":[{"href":"https:\/\/segtotaltreinamentos.com.br\/Loja\/wp-json\/wp\/v2\/types\/product"}],"replies":[{"embeddable":true,"href":"https:\/\/segtotaltreinamentos.com.br\/Loja\/wp-json\/wp\/v2\/comments?post=1227"}],"wp:featuredmedia":[{"embeddable":true,"href":"https:\/\/segtotaltreinamentos.com.br\/Loja\/wp-json\/wp\/v2\/media\/595"}],"wp:attachment":[{"href":"https:\/\/segtotaltreinamentos.com.br\/Loja\/wp-json\/wp\/v2\/media?parent=1227"}],"wp:term":[{"taxonomy":"product_brand","embeddable":true,"href":"https:\/\/segtotaltreinamentos.com.br\/Loja\/wp-json\/wp\/v2\/product_brand?post=1227"},{"taxonomy":"product_cat","embeddable":true,"href":"https:\/\/segtotaltreinamentos.com.br\/Loja\/wp-json\/wp\/v2\/product_cat?post=1227"},{"taxonomy":"product_tag","embeddable":true,"href":"https:\/\/segtotaltreinamentos.com.br\/Loja\/wp-json\/wp\/v2\/product_tag?post=1227"}],"curies":[{"name":"wp","href":"https:\/\/api.w.org\/{rel}","templated":true}]}}