{"id":1268,"date":"2016-07-24T18:40:41","date_gmt":"2016-07-24T18:40:41","guid":{"rendered":"http:\/\/segtotaltreinamentos.com.br\/Loja\/?post_type=product&#038;p=1268"},"modified":"2016-09-27T12:29:27","modified_gmt":"2016-09-27T12:29:27","slug":"luva-de-malha-de-aco-danny-epi","status":"publish","type":"product","link":"https:\/\/segtotaltreinamentos.com.br\/Loja\/produto\/luva-de-malha-de-aco-danny-epi\/","title":{"rendered":"Luva de Malha de A\u00e7o"},"content":{"rendered":"<p><a href=\"https:\/\/segtotaltreinamentos.com.br\/Loja\/wp-content\/uploads\/2016\/07\/FT-LUVA-DANNY-MALHA-DE-ACO-PUNHO-CURTO-CA6257.pdf\">FT-LUVA-DANNY-MALHA-DE-ACO-PUNHO-CURTO-CA6257<\/a><\/p>\n","protected":false},"excerpt":{"rendered":"<div id=\"corpo-desc-prod\"><b>Descri\u00e7\u00e3o<\/b><br \/>\nAn\u00e9is em a\u00e7o cromo-n\u00edquel, fecho em a\u00e7o, eslo de espessura de 0,55 mm.<\/div>\n<div id=\"corpo-van-prod\">\n<div id=\"txt-van-prod\">\n<p><b>Vantagens<\/b>Esta luva possui alta resist\u00eacia a cortes de faca, proporcionando ao usu\u00e1rio total seguran\u00e7a. Confeccionadas em a\u00e7o inoxid\u00e1vel, s\u00e3o extremamente dur\u00e1veis, oferecendo uma excelente rela\u00e7\u00e3o custo versus benef\u00edcio. S\u00e3o muito male\u00e1veis, permitindo ao usu\u00e1rio exercer sua fun\u00e7\u00e3o normalmente. Com fechamento em garras permite total higieniza\u00e7\u00e3o sem deixar res\u00edduos. Luva de Punho Curto. Consulte tamb\u00e9m as luvas de punho longo.<\/p>\n<\/div>\n<\/div>\n","protected":false},"featured_media":691,"comment_status":"open","ping_status":"closed","template":"","meta":[],"product_brand":[],"product_cat":[39,6,7,43],"product_tag":[],"class_list":{"0":"post-1268","1":"product","2":"type-product","3":"status-publish","4":"has-post-thumbnail","6":"product_cat-danny","7":"product_cat-luvas","8":"product_cat-luvas-anticorte","9":"product_cat-malha-de-aco-luvas-anticorte","11":"first","12":"onbackorder","13":"taxable","14":"shipping-taxable","15":"product-type-simple"},"_links":{"self":[{"href":"https:\/\/segtotaltreinamentos.com.br\/Loja\/wp-json\/wp\/v2\/product\/1268","targetHints":{"allow":["GET"]}}],"collection":[{"href":"https:\/\/segtotaltreinamentos.com.br\/Loja\/wp-json\/wp\/v2\/product"}],"about":[{"href":"https:\/\/segtotaltreinamentos.com.br\/Loja\/wp-json\/wp\/v2\/types\/product"}],"replies":[{"embeddable":true,"href":"https:\/\/segtotaltreinamentos.com.br\/Loja\/wp-json\/wp\/v2\/comments?post=1268"}],"wp:featuredmedia":[{"embeddable":true,"href":"https:\/\/segtotaltreinamentos.com.br\/Loja\/wp-json\/wp\/v2\/media\/691"}],"wp:attachment":[{"href":"https:\/\/segtotaltreinamentos.com.br\/Loja\/wp-json\/wp\/v2\/media?parent=1268"}],"wp:term":[{"taxonomy":"product_brand","embeddable":true,"href":"https:\/\/segtotaltreinamentos.com.br\/Loja\/wp-json\/wp\/v2\/product_brand?post=1268"},{"taxonomy":"product_cat","embeddable":true,"href":"https:\/\/segtotaltreinamentos.com.br\/Loja\/wp-json\/wp\/v2\/product_cat?post=1268"},{"taxonomy":"product_tag","embeddable":true,"href":"https:\/\/segtotaltreinamentos.com.br\/Loja\/wp-json\/wp\/v2\/product_tag?post=1268"}],"curies":[{"name":"wp","href":"https:\/\/api.w.org\/{rel}","templated":true}]}}