{"id":1379,"date":"2016-07-24T19:16:46","date_gmt":"2016-07-24T19:16:46","guid":{"rendered":"http:\/\/segtotaltreinamentos.com.br\/Loja\/?post_type=product&#038;p=1379"},"modified":"2016-09-27T12:29:24","modified_gmt":"2016-09-27T12:29:24","slug":"oculos-de-protecao-tradicional-5","status":"publish","type":"product","link":"https:\/\/segtotaltreinamentos.com.br\/Loja\/produto\/oculos-de-protecao-tradicional-5\/","title":{"rendered":"\u00d3culos de Prote\u00e7\u00e3o Tradicional Igor"},"content":{"rendered":"","protected":false},"excerpt":{"rendered":"<div id=\"corpo-desc-prod\"><b>Descri\u00e7\u00e3o<\/b><br \/>\n\u00d3culos de prote\u00e7\u00e3o Igor &#8211; lentes em policarbonato com tratamento anti-riscos. Visor curvo para prote\u00e7\u00e3o lateral. Arma\u00e7\u00e3o e hastes pretas com revestimento de borracha para conforto. Acompanha cord\u00e3o de seguran\u00e7a.<\/div>\n<div id=\"corpo-van-prod\">\n<div id=\"txt-van-prod\">\n<p><b>Vantagens<\/b>\u00d3culos de seguran\u00e7a em policarbonato resistentes a impacto e choques f\u00edsicos de materiais s\u00f3lidos e l\u00edquidos como: fragmentos de madeira, ferro, respingos de produtos \u00e1cidos, c\u00e1usticos, entre outros. Visor curvo para prote\u00e7\u00e3o lateral. Arma\u00e7\u00e3o preta presa \u00e0 lente com parafusos. Apoio nasal male\u00e1vel para maior conforto no uso. Hastes tipo esp\u00e1tula com borracha macia nas pontas propiciando maior conforto ao usu\u00e1rio. Prote\u00e7\u00e3o contra raios UVA e UVB.<\/p>\n<\/div>\n<\/div>\n","protected":false},"featured_media":678,"comment_status":"open","ping_status":"closed","template":"","meta":[],"product_brand":[],"product_cat":[39,20],"product_tag":[],"class_list":{"0":"post-1379","1":"product","2":"type-product","3":"status-publish","4":"has-post-thumbnail","6":"product_cat-danny","7":"product_cat-oculos","9":"first","10":"onbackorder","11":"taxable","12":"shipping-taxable","13":"product-type-simple"},"_links":{"self":[{"href":"https:\/\/segtotaltreinamentos.com.br\/Loja\/wp-json\/wp\/v2\/product\/1379","targetHints":{"allow":["GET"]}}],"collection":[{"href":"https:\/\/segtotaltreinamentos.com.br\/Loja\/wp-json\/wp\/v2\/product"}],"about":[{"href":"https:\/\/segtotaltreinamentos.com.br\/Loja\/wp-json\/wp\/v2\/types\/product"}],"replies":[{"embeddable":true,"href":"https:\/\/segtotaltreinamentos.com.br\/Loja\/wp-json\/wp\/v2\/comments?post=1379"}],"wp:featuredmedia":[{"embeddable":true,"href":"https:\/\/segtotaltreinamentos.com.br\/Loja\/wp-json\/wp\/v2\/media\/678"}],"wp:attachment":[{"href":"https:\/\/segtotaltreinamentos.com.br\/Loja\/wp-json\/wp\/v2\/media?parent=1379"}],"wp:term":[{"taxonomy":"product_brand","embeddable":true,"href":"https:\/\/segtotaltreinamentos.com.br\/Loja\/wp-json\/wp\/v2\/product_brand?post=1379"},{"taxonomy":"product_cat","embeddable":true,"href":"https:\/\/segtotaltreinamentos.com.br\/Loja\/wp-json\/wp\/v2\/product_cat?post=1379"},{"taxonomy":"product_tag","embeddable":true,"href":"https:\/\/segtotaltreinamentos.com.br\/Loja\/wp-json\/wp\/v2\/product_tag?post=1379"}],"curies":[{"name":"wp","href":"https:\/\/api.w.org\/{rel}","templated":true}]}}