{"id":1386,"date":"2016-07-24T19:23:03","date_gmt":"2016-07-24T19:23:03","guid":{"rendered":"http:\/\/segtotaltreinamentos.com.br\/Loja\/?post_type=product&#038;p=1386"},"modified":"2017-07-12T20:29:52","modified_gmt":"2017-07-12T20:29:52","slug":"oculos-de-protecao-apollo","status":"publish","type":"product","link":"https:\/\/segtotaltreinamentos.com.br\/Loja\/produto\/oculos-de-protecao-apollo\/","title":{"rendered":"\u00d3culos de Prote\u00e7\u00e3o APOLLO"},"content":{"rendered":"<p><a href=\"https:\/\/segtotaltreinamentos.com.br\/Loja\/wp-content\/uploads\/2016\/07\/FT-OCULOS-DANNY-APOLLO-CA16463-DA15800.pdf\">FT-OCULOS-DANNY-APOLLO-CA16463-DA15800<\/a><\/p>\n","protected":false},"excerpt":{"rendered":"<div id=\"corpo-desc-prod\"><b>Descri\u00e7\u00e3o<\/b><br \/>\n\u00d3culos de prote\u00e7\u00e3o Apollo &#8211; lentes em policarbonato com tratamento anti-riscos. Visor curvo para prote\u00e7\u00e3o lateral. Arco com revestimento em borracha e hastes regul\u00e1veis no comprimento e com catraca para regulagem de altura. Acompanha cord\u00e3o de seguran\u00e7a.<\/div>\n<div id=\"corpo-van-prod\">\n<div id=\"txt-van-prod\">\n<p><b>Vantagens<\/b>\u00d3culos em pe\u00e7a \u00fanica de policarbonato \u00f3ptico virgem com tratamento anti-riscos, resistente a impactos e choques f\u00edsicos, Arco superior com revestimento de borracha macia e hastes tamb\u00e9m com revestimento em borracha e regul\u00e1veis em comprimento e em \u00e2ngulo, ideal para proporcionar o melhor ajuste \u00e0 face do usu\u00e1rio.. Oferece prote\u00e7\u00e3o contra raios UVA e UVB. Apoio Nasal, do mesmo material da lente.<\/p>\n<\/div>\n<\/div>\n","protected":false},"featured_media":674,"comment_status":"open","ping_status":"closed","template":"","meta":[],"product_brand":[],"product_cat":[39,20],"product_tag":[],"class_list":{"0":"post-1386","1":"product","2":"type-product","3":"status-publish","4":"has-post-thumbnail","6":"product_cat-danny","7":"product_cat-oculos","9":"first","10":"onbackorder","11":"taxable","12":"shipping-taxable","13":"purchasable","14":"product-type-simple"},"_links":{"self":[{"href":"https:\/\/segtotaltreinamentos.com.br\/Loja\/wp-json\/wp\/v2\/product\/1386","targetHints":{"allow":["GET"]}}],"collection":[{"href":"https:\/\/segtotaltreinamentos.com.br\/Loja\/wp-json\/wp\/v2\/product"}],"about":[{"href":"https:\/\/segtotaltreinamentos.com.br\/Loja\/wp-json\/wp\/v2\/types\/product"}],"replies":[{"embeddable":true,"href":"https:\/\/segtotaltreinamentos.com.br\/Loja\/wp-json\/wp\/v2\/comments?post=1386"}],"wp:featuredmedia":[{"embeddable":true,"href":"https:\/\/segtotaltreinamentos.com.br\/Loja\/wp-json\/wp\/v2\/media\/674"}],"wp:attachment":[{"href":"https:\/\/segtotaltreinamentos.com.br\/Loja\/wp-json\/wp\/v2\/media?parent=1386"}],"wp:term":[{"taxonomy":"product_brand","embeddable":true,"href":"https:\/\/segtotaltreinamentos.com.br\/Loja\/wp-json\/wp\/v2\/product_brand?post=1386"},{"taxonomy":"product_cat","embeddable":true,"href":"https:\/\/segtotaltreinamentos.com.br\/Loja\/wp-json\/wp\/v2\/product_cat?post=1386"},{"taxonomy":"product_tag","embeddable":true,"href":"https:\/\/segtotaltreinamentos.com.br\/Loja\/wp-json\/wp\/v2\/product_tag?post=1386"}],"curies":[{"name":"wp","href":"https:\/\/api.w.org\/{rel}","templated":true}]}}