{"id":1419,"date":"2016-07-24T19:35:27","date_gmt":"2016-07-24T19:35:27","guid":{"rendered":"http:\/\/segtotaltreinamentos.com.br\/Loja\/?post_type=product&#038;p=1419"},"modified":"2016-09-27T12:29:23","modified_gmt":"2016-09-27T12:29:23","slug":"oculos-de-protecao-netuno","status":"publish","type":"product","link":"https:\/\/segtotaltreinamentos.com.br\/Loja\/produto\/oculos-de-protecao-netuno\/","title":{"rendered":"\u00d3culos de Prote\u00e7\u00e3o  NETUNO"},"content":{"rendered":"<p><a href=\"https:\/\/segtotaltreinamentos.com.br\/Loja\/wp-content\/uploads\/2016\/07\/FT-OCULOS-DANNY-NETUNO-CA16462-DA15700.pdf\">FT-OCULOS-DANNY-NETUNO-CA16462-DA15700<\/a><\/p>\n","protected":false},"excerpt":{"rendered":"<div id=\"corpo-desc-prod\"><b>Descri\u00e7\u00e3o<\/b><br \/>\nArma\u00e7\u00e3o e visor confeccionados em policarbonato, lentes com tratamento contra riscos e arranh\u00f5es.<\/div>\n<div id=\"corpo-van-prod\">\n<div id=\"txt-van-prod\">\n<p><b>Vantagens<\/b>\u00d3culos de seguran\u00e7a com arma\u00e7\u00e3o e visor confeccionados em uma \u00fanica pe\u00e7a de policarbonato. As hastes s\u00e3o confeccionadas no mesmo material da arma\u00e7\u00e3o, do tipo esp\u00e1tula, com 6 fendas para ventila\u00e7\u00e3o e fixas a arma\u00e7\u00e3o atrav\u00e9s de pinos pl\u00e1sticos. As lentes em policarbonato protegem os olhos do usu\u00e1rio contra impactos de part\u00edculas volantes multidirecionais. Prote\u00e7\u00e3o contra raios UVA e UVB.<\/p>\n<\/div>\n<\/div>\n","protected":false},"featured_media":684,"comment_status":"open","ping_status":"closed","template":"","meta":[],"product_brand":[],"product_cat":[39,20],"product_tag":[],"class_list":{"0":"post-1419","1":"product","2":"type-product","3":"status-publish","4":"has-post-thumbnail","6":"product_cat-danny","7":"product_cat-oculos","9":"first","10":"onbackorder","11":"taxable","12":"shipping-taxable","13":"product-type-simple"},"_links":{"self":[{"href":"https:\/\/segtotaltreinamentos.com.br\/Loja\/wp-json\/wp\/v2\/product\/1419","targetHints":{"allow":["GET"]}}],"collection":[{"href":"https:\/\/segtotaltreinamentos.com.br\/Loja\/wp-json\/wp\/v2\/product"}],"about":[{"href":"https:\/\/segtotaltreinamentos.com.br\/Loja\/wp-json\/wp\/v2\/types\/product"}],"replies":[{"embeddable":true,"href":"https:\/\/segtotaltreinamentos.com.br\/Loja\/wp-json\/wp\/v2\/comments?post=1419"}],"wp:featuredmedia":[{"embeddable":true,"href":"https:\/\/segtotaltreinamentos.com.br\/Loja\/wp-json\/wp\/v2\/media\/684"}],"wp:attachment":[{"href":"https:\/\/segtotaltreinamentos.com.br\/Loja\/wp-json\/wp\/v2\/media?parent=1419"}],"wp:term":[{"taxonomy":"product_brand","embeddable":true,"href":"https:\/\/segtotaltreinamentos.com.br\/Loja\/wp-json\/wp\/v2\/product_brand?post=1419"},{"taxonomy":"product_cat","embeddable":true,"href":"https:\/\/segtotaltreinamentos.com.br\/Loja\/wp-json\/wp\/v2\/product_cat?post=1419"},{"taxonomy":"product_tag","embeddable":true,"href":"https:\/\/segtotaltreinamentos.com.br\/Loja\/wp-json\/wp\/v2\/product_tag?post=1419"}],"curies":[{"name":"wp","href":"https:\/\/api.w.org\/{rel}","templated":true}]}}