{"id":1429,"date":"2016-07-24T20:46:37","date_gmt":"2016-07-24T20:46:37","guid":{"rendered":"http:\/\/segtotaltreinamentos.com.br\/Loja\/?post_type=product&#038;p=1429"},"modified":"2016-12-08T17:06:05","modified_gmt":"2016-12-08T17:06:05","slug":"oculos-ampla-visao-de-protecao-titanium","status":"publish","type":"product","link":"https:\/\/segtotaltreinamentos.com.br\/Loja\/produto\/oculos-ampla-visao-de-protecao-titanium\/","title":{"rendered":"\u00d3culos Ampla Vis\u00e3o de Prote\u00e7\u00e3o TITANIUM"},"content":{"rendered":"<p><a href=\"https:\/\/segtotaltreinamentos.com.br\/Loja\/wp-content\/uploads\/2016\/07\/FT-OCULOS-DANNY-TITANIUM-CA21591-DA14100.pdf\">FT-OCULOS-DANNY-TITANIUM<\/a><\/p>\n<p><a href=\"https:\/\/segtotaltreinamentos.com.br\/Loja\/wp-content\/uploads\/2016\/07\/FT-OCULOS-DANNY-TITANIUM-CA21591-DA14100.pdf\">CA21591-DA14100<\/a><\/p>\n","protected":false},"excerpt":{"rendered":"<div id=\"corpo-desc-prod\"><b>Descri\u00e7\u00e3o<\/b><br \/>\nAmpla Vis\u00e3o com Lentes Antiemba\u00e7ante e Antirriscos. Tirante el\u00e1stico ajust\u00e1vel.<\/div>\n<div id=\"corpo-van-prod\">\n<div id=\"txt-van-prod\">\n<p><b>Vantagens<\/b>Este modelo possui lentes de policarbonato para prote\u00e7\u00e3o contra impacto com tratamento antirrisco e antiemba\u00e7ante. Arma\u00e7\u00e3o com uma \u00fanica pe\u00e7a de polipropileno, com borracha macia branca que se acomoda \u00e0 face do usu\u00e1rio e possui um sistema de ventila\u00e7\u00e3o indireta. Para a seguran\u00e7a do usu\u00e1rio, o equipamento de prote\u00e7\u00e3o individual &#8211; EPI &#8211; Titanium possui lente de alta resist\u00eancia que garante a integridade do trabalhador. Prote\u00e7\u00e3o contra raios UVA e UVB.<\/p>\n<\/div>\n<\/div>\n","protected":false},"featured_media":689,"comment_status":"open","ping_status":"closed","template":"","meta":[],"product_brand":[],"product_cat":[98,39,20],"product_tag":[],"class_list":{"0":"post-1429","1":"product","2":"type-product","3":"status-publish","4":"has-post-thumbnail","6":"product_cat-ampla-visao","7":"product_cat-danny","8":"product_cat-oculos","10":"first","11":"onbackorder","12":"sale","13":"taxable","14":"shipping-taxable","15":"purchasable","16":"product-type-simple"},"_links":{"self":[{"href":"https:\/\/segtotaltreinamentos.com.br\/Loja\/wp-json\/wp\/v2\/product\/1429","targetHints":{"allow":["GET"]}}],"collection":[{"href":"https:\/\/segtotaltreinamentos.com.br\/Loja\/wp-json\/wp\/v2\/product"}],"about":[{"href":"https:\/\/segtotaltreinamentos.com.br\/Loja\/wp-json\/wp\/v2\/types\/product"}],"replies":[{"embeddable":true,"href":"https:\/\/segtotaltreinamentos.com.br\/Loja\/wp-json\/wp\/v2\/comments?post=1429"}],"wp:featuredmedia":[{"embeddable":true,"href":"https:\/\/segtotaltreinamentos.com.br\/Loja\/wp-json\/wp\/v2\/media\/689"}],"wp:attachment":[{"href":"https:\/\/segtotaltreinamentos.com.br\/Loja\/wp-json\/wp\/v2\/media?parent=1429"}],"wp:term":[{"taxonomy":"product_brand","embeddable":true,"href":"https:\/\/segtotaltreinamentos.com.br\/Loja\/wp-json\/wp\/v2\/product_brand?post=1429"},{"taxonomy":"product_cat","embeddable":true,"href":"https:\/\/segtotaltreinamentos.com.br\/Loja\/wp-json\/wp\/v2\/product_cat?post=1429"},{"taxonomy":"product_tag","embeddable":true,"href":"https:\/\/segtotaltreinamentos.com.br\/Loja\/wp-json\/wp\/v2\/product_tag?post=1429"}],"curies":[{"name":"wp","href":"https:\/\/api.w.org\/{rel}","templated":true}]}}