{"id":1431,"date":"2016-07-24T20:49:10","date_gmt":"2016-07-24T20:49:10","guid":{"rendered":"http:\/\/segtotaltreinamentos.com.br\/Loja\/?post_type=product&#038;p=1431"},"modified":"2016-09-27T12:29:22","modified_gmt":"2016-09-27T12:29:22","slug":"oculos-de-protecao-ampla-visao-plutao","status":"publish","type":"product","link":"https:\/\/segtotaltreinamentos.com.br\/Loja\/produto\/oculos-de-protecao-ampla-visao-plutao\/","title":{"rendered":"\u00d3culos de Prote\u00e7\u00e3o Ampla Vis\u00e3o  PLUT\u00c3O"},"content":{"rendered":"<p><a href=\"https:\/\/segtotaltreinamentos.com.br\/Loja\/wp-content\/uploads\/2016\/07\/FT-OCULOS-DANNY-PLUTAO-CA14883-DA15600.pdf\">FT-OCULOS-DANNY-PLUTAO-CA14883-DA15600<\/a><\/p>\n","protected":false},"excerpt":{"rendered":"<div id=\"corpo-desc-prod\"><b>Descri\u00e7\u00e3o<\/b><br \/>\nLentes em policarbonato com tratamento antirriscos e antiemba\u00e7ante. Arma\u00e7\u00e3o cinza recoberta com silicone. Tirante el\u00e1stico regul\u00e1vel.<\/div>\n<div id=\"corpo-van-prod\">\n<div id=\"txt-van-prod\">\n<p><b>Vantagens<\/b>Lentes em policarbonato resistente a impactos e choques f\u00edsicos de materiais s\u00f3lidos e l\u00edquidos como: fragmentos de madeira, ferro, respingos de produtos \u00e1cidos, c\u00e1usticos, entre outros. Prote\u00e7\u00e3o contra raios UVA e UVB. Arma\u00e7\u00e3o em polipropileno cinza recoberta com silicone que se ajusta ao rosto do usu\u00e1rio. Oferece \u00f3tima veda\u00e7\u00e3o cobrindo toda a regi\u00e3o em torno dos olhos do usu\u00e1rio. Possui sistema de ventila\u00e7\u00e3o indireta. Modelo ampla vis\u00e3o oferecendo prote\u00e7\u00e3o al\u00e9m dos modelos comuns. Com tirante el\u00e1stico que permite ajuste.<\/p>\n<\/div>\n<\/div>\n","protected":false},"featured_media":687,"comment_status":"open","ping_status":"closed","template":"","meta":[],"product_brand":[],"product_cat":[39,20],"product_tag":[],"class_list":{"0":"post-1431","1":"product","2":"type-product","3":"status-publish","4":"has-post-thumbnail","6":"product_cat-danny","7":"product_cat-oculos","9":"first","10":"onbackorder","11":"taxable","12":"shipping-taxable","13":"product-type-simple"},"_links":{"self":[{"href":"https:\/\/segtotaltreinamentos.com.br\/Loja\/wp-json\/wp\/v2\/product\/1431","targetHints":{"allow":["GET"]}}],"collection":[{"href":"https:\/\/segtotaltreinamentos.com.br\/Loja\/wp-json\/wp\/v2\/product"}],"about":[{"href":"https:\/\/segtotaltreinamentos.com.br\/Loja\/wp-json\/wp\/v2\/types\/product"}],"replies":[{"embeddable":true,"href":"https:\/\/segtotaltreinamentos.com.br\/Loja\/wp-json\/wp\/v2\/comments?post=1431"}],"wp:featuredmedia":[{"embeddable":true,"href":"https:\/\/segtotaltreinamentos.com.br\/Loja\/wp-json\/wp\/v2\/media\/687"}],"wp:attachment":[{"href":"https:\/\/segtotaltreinamentos.com.br\/Loja\/wp-json\/wp\/v2\/media?parent=1431"}],"wp:term":[{"taxonomy":"product_brand","embeddable":true,"href":"https:\/\/segtotaltreinamentos.com.br\/Loja\/wp-json\/wp\/v2\/product_brand?post=1431"},{"taxonomy":"product_cat","embeddable":true,"href":"https:\/\/segtotaltreinamentos.com.br\/Loja\/wp-json\/wp\/v2\/product_cat?post=1431"},{"taxonomy":"product_tag","embeddable":true,"href":"https:\/\/segtotaltreinamentos.com.br\/Loja\/wp-json\/wp\/v2\/product_tag?post=1431"}],"curies":[{"name":"wp","href":"https:\/\/api.w.org\/{rel}","templated":true}]}}