{"id":1435,"date":"2016-07-24T20:57:53","date_gmt":"2016-07-24T20:57:53","guid":{"rendered":"http:\/\/segtotaltreinamentos.com.br\/Loja\/?post_type=product&#038;p=1435"},"modified":"2016-12-08T17:07:59","modified_gmt":"2016-12-08T17:07:59","slug":"oculos-ampla-visao-anti-embacante-d-protect","status":"publish","type":"product","link":"https:\/\/segtotaltreinamentos.com.br\/Loja\/produto\/oculos-ampla-visao-anti-embacante-d-protect\/","title":{"rendered":"\u00d3culos Ampla Vis\u00e3o Anti-Emba\u00e7ante D PROTECT"},"content":{"rendered":"<p><a href=\"https:\/\/segtotaltreinamentos.com.br\/Loja\/wp-content\/uploads\/2016\/07\/FT-OCULOS-DANNY-D-PROTECT-CA27607-DA14000.pdf\">FT-OCULOS-DANNY-D-PROTECT-CA27607-DA14000<\/a><\/p>\n","protected":false},"excerpt":{"rendered":"<div id=\"corpo-desc-prod\"><b>Descri\u00e7\u00e3o<\/b><br \/>\nLente em policarbonato \u00f3tico, arma\u00e7\u00e3o em poliuretano, perfeito ajuste ao rosto do usu\u00e1rio, prote\u00e7\u00e3o antirrisco e antiemba\u00e7ante.<\/div>\n<div id=\"corpo-van-prod\">\n<div id=\"txt-van-prod\">\n<p><b>Vantagens<\/b>Alta performance contra impactos, este modelo possui aprova\u00e7\u00e3o bal\u00edstica internacional sob a norma MIL-V-43511C artigo 3.5.10 e MIL-PRF-31013 artigo 3.5.1.1., ultrapassando os requisitos de resist\u00eancia a impacto da ANSI. \u00c9 um equipamento leve e ajust\u00e1vel \u00e0 face do usu\u00e1rio.<\/p>\n<\/div>\n<\/div>\n","protected":false},"featured_media":685,"comment_status":"open","ping_status":"closed","template":"","meta":[],"product_brand":[],"product_cat":[98,39,20],"product_tag":[],"class_list":{"0":"post-1435","1":"product","2":"type-product","3":"status-publish","4":"has-post-thumbnail","6":"product_cat-ampla-visao","7":"product_cat-danny","8":"product_cat-oculos","10":"first","11":"onbackorder","12":"taxable","13":"shipping-taxable","14":"purchasable","15":"product-type-simple"},"_links":{"self":[{"href":"https:\/\/segtotaltreinamentos.com.br\/Loja\/wp-json\/wp\/v2\/product\/1435","targetHints":{"allow":["GET"]}}],"collection":[{"href":"https:\/\/segtotaltreinamentos.com.br\/Loja\/wp-json\/wp\/v2\/product"}],"about":[{"href":"https:\/\/segtotaltreinamentos.com.br\/Loja\/wp-json\/wp\/v2\/types\/product"}],"replies":[{"embeddable":true,"href":"https:\/\/segtotaltreinamentos.com.br\/Loja\/wp-json\/wp\/v2\/comments?post=1435"}],"wp:featuredmedia":[{"embeddable":true,"href":"https:\/\/segtotaltreinamentos.com.br\/Loja\/wp-json\/wp\/v2\/media\/685"}],"wp:attachment":[{"href":"https:\/\/segtotaltreinamentos.com.br\/Loja\/wp-json\/wp\/v2\/media?parent=1435"}],"wp:term":[{"taxonomy":"product_brand","embeddable":true,"href":"https:\/\/segtotaltreinamentos.com.br\/Loja\/wp-json\/wp\/v2\/product_brand?post=1435"},{"taxonomy":"product_cat","embeddable":true,"href":"https:\/\/segtotaltreinamentos.com.br\/Loja\/wp-json\/wp\/v2\/product_cat?post=1435"},{"taxonomy":"product_tag","embeddable":true,"href":"https:\/\/segtotaltreinamentos.com.br\/Loja\/wp-json\/wp\/v2\/product_tag?post=1435"}],"curies":[{"name":"wp","href":"https:\/\/api.w.org\/{rel}","templated":true}]}}