{"id":1439,"date":"2016-07-24T21:07:13","date_gmt":"2016-07-24T21:07:13","guid":{"rendered":"http:\/\/segtotaltreinamentos.com.br\/Loja\/?post_type=product&#038;p=1439"},"modified":"2016-09-27T12:29:21","modified_gmt":"2016-09-27T12:29:21","slug":"oculos-ampla-visao-de-protecao-saturno","status":"publish","type":"product","link":"https:\/\/segtotaltreinamentos.com.br\/Loja\/produto\/oculos-ampla-visao-de-protecao-saturno\/","title":{"rendered":"\u00d3culos Ampla Vis\u00e3o de Prote\u00e7\u00e3o \u2013 SATURNO"},"content":{"rendered":"<p><a href=\"https:\/\/segtotaltreinamentos.com.br\/Loja\/wp-content\/uploads\/2016\/07\/FT-OCULOS-DANNY-SATURNO-CA16461-DA14300.pdf\">FT-OCULOS-DANNY-SATURNO-CA16461-DA14300<\/a><\/p>\n","protected":false},"excerpt":{"rendered":"<div id=\"corpo-desc-prod\"><b>Descri\u00e7\u00e3o<\/b><br \/>\n\u00d3culos Saturno Ampla-Vis\u00e3o com Lente antiemba\u00e7ante e antirriscos. Tirante el\u00e1stico ajust\u00e1vel.<\/div>\n<div id=\"corpo-van-prod\">\n<div id=\"txt-van-prod\">\n<p><b>Vantagens<\/b>Os \u00f3culos SATURNO DANNY possuem lentes de policarbonato para prote\u00e7\u00e3o contra impacto com tratamento antirrisco e antiemba\u00e7ante. Arma\u00e7\u00e3o com uma \u00fanica pe\u00e7a de polipropileno, com borracha macia branca que se acomoda \u00e0 face do usu\u00e1rio e possui um sistema de ventila\u00e7\u00e3o indireta. Para seguran\u00e7a do usu\u00e1rio, o equipamento de prote\u00e7\u00e3o individual &#8211; EPI &#8211; SATURNO possui lente de alta resist\u00eancia que garante a integridade do trabalhador. Prote\u00e7\u00e3o contra raios UVA e UVB.<\/p>\n<\/div>\n<\/div>\n","protected":false},"featured_media":688,"comment_status":"open","ping_status":"closed","template":"","meta":[],"product_brand":[],"product_cat":[39,20],"product_tag":[],"class_list":{"0":"post-1439","1":"product","2":"type-product","3":"status-publish","4":"has-post-thumbnail","6":"product_cat-danny","7":"product_cat-oculos","9":"first","10":"onbackorder","11":"taxable","12":"shipping-taxable","13":"product-type-simple"},"_links":{"self":[{"href":"https:\/\/segtotaltreinamentos.com.br\/Loja\/wp-json\/wp\/v2\/product\/1439","targetHints":{"allow":["GET"]}}],"collection":[{"href":"https:\/\/segtotaltreinamentos.com.br\/Loja\/wp-json\/wp\/v2\/product"}],"about":[{"href":"https:\/\/segtotaltreinamentos.com.br\/Loja\/wp-json\/wp\/v2\/types\/product"}],"replies":[{"embeddable":true,"href":"https:\/\/segtotaltreinamentos.com.br\/Loja\/wp-json\/wp\/v2\/comments?post=1439"}],"wp:featuredmedia":[{"embeddable":true,"href":"https:\/\/segtotaltreinamentos.com.br\/Loja\/wp-json\/wp\/v2\/media\/688"}],"wp:attachment":[{"href":"https:\/\/segtotaltreinamentos.com.br\/Loja\/wp-json\/wp\/v2\/media?parent=1439"}],"wp:term":[{"taxonomy":"product_brand","embeddable":true,"href":"https:\/\/segtotaltreinamentos.com.br\/Loja\/wp-json\/wp\/v2\/product_brand?post=1439"},{"taxonomy":"product_cat","embeddable":true,"href":"https:\/\/segtotaltreinamentos.com.br\/Loja\/wp-json\/wp\/v2\/product_cat?post=1439"},{"taxonomy":"product_tag","embeddable":true,"href":"https:\/\/segtotaltreinamentos.com.br\/Loja\/wp-json\/wp\/v2\/product_tag?post=1439"}],"curies":[{"name":"wp","href":"https:\/\/api.w.org\/{rel}","templated":true}]}}