{"id":2052,"date":"2016-07-30T18:40:42","date_gmt":"2016-07-30T18:40:42","guid":{"rendered":"http:\/\/segtotaltreinamentos.com.br\/Loja\/?post_type=product&#038;p=2052"},"modified":"2020-02-02T21:41:19","modified_gmt":"2020-02-02T21:41:19","slug":"macacao-tychem-termosselado-qc127t","status":"publish","type":"product","link":"https:\/\/segtotaltreinamentos.com.br\/Loja\/produto\/macacao-tychem-termosselado-qc127t\/","title":{"rendered":"Macac\u00e3o Tychem Termosselado QC127T"},"content":{"rendered":"<p><a href=\"https:\/\/segtotaltreinamentos.com.br\/Loja\/wp-content\/uploads\/2016\/07\/CA-Macac\u00e3o-Tychem-Termosselado-QC127T.pdf\">CA Macac\u00e3o Tychem Termosselado QC127T<\/a><\/p>\n","protected":false},"excerpt":{"rendered":"<p>Confeccionado em polietileno de alta densidade pelo processo de aglutina\u00e7\u00e3o de fibras cont\u00ednuas formando um n\u00e3o-tecido com uma camada de polietileno de alta qualidade sobre o n\u00e3o-tecido;<\/p>\n<p>Possui tratamento antiest\u00e1tico, abertura frontal e fechamento em ziper e velcro, el\u00e1stico nos punhos, tornozelos e capuz, costura simples tipo overloque com fita do mesmo tecido sobreposta para o termoselamento;<\/p>\n<p>Grau de Prote\u00e7\u00e3o n\u00edvel C (Norma Americana);<\/p>\n<p>Aprovado por termo de responsabilidade segundo padr\u00f5es ASTM, atrav\u00e9s da realiza\u00e7\u00f5a de Teste de Permeabilidade (ASTM F739-91).<\/p>\n<p>Aplica\u00e7\u00f5es:<\/p>\n<p>Prote\u00e7\u00e3o em opera\u00e7\u00f5es que existam riscos de contamina\u00e7\u00e3o por agentes qu\u00edmicos, na forma l\u00edquida e part\u00edculas secas e \u00famidas, menores que 0,5 micron, t\u00f3xicas ou alerg\u00eanicas.<\/p>\n<p><strong>*<\/strong>As aplica\u00e7\u00f5es mais comuns s\u00e3o em ind\u00fastrias de alimentos e farmac\u00eautica, per\u00edcia e investiga\u00e7\u00f5es criminais e de acidentes, manuseio de materiais hospitalares e opera\u00e7\u00f5es gerais de manuten\u00e7\u00e3o envolvendo l\u00edquidos e graxas.<\/p>\n<table class=\"descricao-produto\">\n<tbody>\n<tr class=\"descricao-produto\">\n<th>Modelo<\/th>\n<th>QC127T<\/th>\n<\/tr>\n<tr>\n<td class=\"titulo\">Marca<\/td>\n<td class=\"descricao\">DUPONT<\/td>\n<\/tr>\n<tr>\n<td class=\"titulo\">CA<\/td>\n<td class=\"descricao\">34.406<\/td>\n<\/tr>\n<tr>\n<td class=\"titulo\">Tamanhos<\/td>\n<td class=\"descricao\">G | XG<\/td>\n<\/tr>\n<\/tbody>\n<\/table>\n","protected":false},"featured_media":2053,"comment_status":"open","ping_status":"closed","template":"","meta":[],"product_brand":[],"product_cat":[77,76],"product_tag":[],"class_list":{"0":"post-2052","1":"product","2":"type-product","3":"status-publish","4":"has-post-thumbnail","6":"product_cat-dupont","7":"product_cat-vestimenta-de-protecao","9":"first","10":"outofstock","11":"taxable","12":"shipping-taxable","13":"product-type-simple"},"_links":{"self":[{"href":"https:\/\/segtotaltreinamentos.com.br\/Loja\/wp-json\/wp\/v2\/product\/2052","targetHints":{"allow":["GET"]}}],"collection":[{"href":"https:\/\/segtotaltreinamentos.com.br\/Loja\/wp-json\/wp\/v2\/product"}],"about":[{"href":"https:\/\/segtotaltreinamentos.com.br\/Loja\/wp-json\/wp\/v2\/types\/product"}],"replies":[{"embeddable":true,"href":"https:\/\/segtotaltreinamentos.com.br\/Loja\/wp-json\/wp\/v2\/comments?post=2052"}],"wp:featuredmedia":[{"embeddable":true,"href":"https:\/\/segtotaltreinamentos.com.br\/Loja\/wp-json\/wp\/v2\/media\/2053"}],"wp:attachment":[{"href":"https:\/\/segtotaltreinamentos.com.br\/Loja\/wp-json\/wp\/v2\/media?parent=2052"}],"wp:term":[{"taxonomy":"product_brand","embeddable":true,"href":"https:\/\/segtotaltreinamentos.com.br\/Loja\/wp-json\/wp\/v2\/product_brand?post=2052"},{"taxonomy":"product_cat","embeddable":true,"href":"https:\/\/segtotaltreinamentos.com.br\/Loja\/wp-json\/wp\/v2\/product_cat?post=2052"},{"taxonomy":"product_tag","embeddable":true,"href":"https:\/\/segtotaltreinamentos.com.br\/Loja\/wp-json\/wp\/v2\/product_tag?post=2052"}],"curies":[{"name":"wp","href":"https:\/\/api.w.org\/{rel}","templated":true}]}}