{"id":2061,"date":"2016-07-30T19:03:13","date_gmt":"2016-07-30T19:03:13","guid":{"rendered":"http:\/\/segtotaltreinamentos.com.br\/Loja\/?post_type=product&#038;p=2061"},"modified":"2017-02-23T18:07:08","modified_gmt":"2017-02-23T18:07:08","slug":"placa-de-seguranca-externa-de-policarbonato","status":"publish","type":"product","link":"https:\/\/segtotaltreinamentos.com.br\/Loja\/produto\/placa-de-seguranca-externa-de-policarbonato\/","title":{"rendered":"Placa de seguran\u00e7a externa de policarbonato"},"content":{"rendered":"","protected":false},"excerpt":{"rendered":"<p>Placa de seguran\u00e7a externa de policarbonato para m\u00e1scara HW100 e HW200.<\/p>\n<p>Embalagem com 5 unidades.<\/p>\n<table class=\"descricao-produto\">\n<tbody>\n<tr class=\"descricao-produto\">\n<th>Modelo<\/th>\n<th>PC90110<\/th>\n<\/tr>\n<tr>\n<td class=\"titulo\">Marca<\/td>\n<td class=\"descricao\">HONEYWELL<\/td>\n<\/tr>\n<\/tbody>\n<\/table>\n","protected":false},"featured_media":2062,"comment_status":"open","ping_status":"closed","template":"","meta":[],"product_brand":[],"product_cat":[62,20,44],"product_tag":[],"class_list":{"0":"post-2061","1":"product","2":"type-product","3":"status-publish","4":"has-post-thumbnail","6":"product_cat-honeywell","7":"product_cat-oculos","8":"product_cat-reposicao","10":"first","11":"outofstock","12":"taxable","13":"shipping-taxable","14":"purchasable","15":"product-type-simple"},"_links":{"self":[{"href":"https:\/\/segtotaltreinamentos.com.br\/Loja\/wp-json\/wp\/v2\/product\/2061","targetHints":{"allow":["GET"]}}],"collection":[{"href":"https:\/\/segtotaltreinamentos.com.br\/Loja\/wp-json\/wp\/v2\/product"}],"about":[{"href":"https:\/\/segtotaltreinamentos.com.br\/Loja\/wp-json\/wp\/v2\/types\/product"}],"replies":[{"embeddable":true,"href":"https:\/\/segtotaltreinamentos.com.br\/Loja\/wp-json\/wp\/v2\/comments?post=2061"}],"wp:featuredmedia":[{"embeddable":true,"href":"https:\/\/segtotaltreinamentos.com.br\/Loja\/wp-json\/wp\/v2\/media\/2062"}],"wp:attachment":[{"href":"https:\/\/segtotaltreinamentos.com.br\/Loja\/wp-json\/wp\/v2\/media?parent=2061"}],"wp:term":[{"taxonomy":"product_brand","embeddable":true,"href":"https:\/\/segtotaltreinamentos.com.br\/Loja\/wp-json\/wp\/v2\/product_brand?post=2061"},{"taxonomy":"product_cat","embeddable":true,"href":"https:\/\/segtotaltreinamentos.com.br\/Loja\/wp-json\/wp\/v2\/product_cat?post=2061"},{"taxonomy":"product_tag","embeddable":true,"href":"https:\/\/segtotaltreinamentos.com.br\/Loja\/wp-json\/wp\/v2\/product_tag?post=2061"}],"curies":[{"name":"wp","href":"https:\/\/api.w.org\/{rel}","templated":true}]}}