{"id":2162,"date":"2016-08-07T18:27:05","date_gmt":"2016-08-07T18:27:05","guid":{"rendered":"http:\/\/segtotaltreinamentos.com.br\/Loja\/?post_type=product&#038;p=2162"},"modified":"2016-08-09T22:32:33","modified_gmt":"2016-08-09T22:32:33","slug":"luva-sdedo","status":"publish","type":"product","link":"https:\/\/segtotaltreinamentos.com.br\/Loja\/produto\/luva-sdedo\/","title":{"rendered":"Luva S\/Dedo"},"content":{"rendered":"","protected":false},"excerpt":{"rendered":"<div class=\"lv_title\">Luva 54<\/div>\n<div class=\"lv_caption\">\n<p>Luva de seguran\u00e7a, de cinco dedos meia falange, confeccionada em couro vaqueta na palma e dorso e tecido entre os dedos. Refor\u00e7os interno na palma. Possui tira com velcro para ajuste no dorso. Op\u00e7\u00e3o de tamanhos P,M,G. CA: 9455<\/p>\n<p>Para prote\u00e7\u00e3o das parte m\u00e3os e pulso, contra agentes abrasivos e escoriantes utilizada em opera\u00e7\u00f5es de leve densidade que exijam muito tato e muito conforto.<\/p>\n<\/div>\n","protected":false},"featured_media":2167,"comment_status":"open","ping_status":"closed","template":"","meta":[],"product_brand":[],"product_cat":[6,12,40],"product_tag":[],"class_list":{"0":"post-2162","1":"product","2":"type-product","3":"status-publish","4":"has-post-thumbnail","6":"product_cat-luvas","7":"product_cat-luvas-de-couro","8":"product_cat-luvas-koch","10":"first","11":"outofstock","12":"taxable","13":"shipping-taxable","14":"purchasable","15":"product-type-simple"},"_links":{"self":[{"href":"https:\/\/segtotaltreinamentos.com.br\/Loja\/wp-json\/wp\/v2\/product\/2162","targetHints":{"allow":["GET"]}}],"collection":[{"href":"https:\/\/segtotaltreinamentos.com.br\/Loja\/wp-json\/wp\/v2\/product"}],"about":[{"href":"https:\/\/segtotaltreinamentos.com.br\/Loja\/wp-json\/wp\/v2\/types\/product"}],"replies":[{"embeddable":true,"href":"https:\/\/segtotaltreinamentos.com.br\/Loja\/wp-json\/wp\/v2\/comments?post=2162"}],"wp:featuredmedia":[{"embeddable":true,"href":"https:\/\/segtotaltreinamentos.com.br\/Loja\/wp-json\/wp\/v2\/media\/2167"}],"wp:attachment":[{"href":"https:\/\/segtotaltreinamentos.com.br\/Loja\/wp-json\/wp\/v2\/media?parent=2162"}],"wp:term":[{"taxonomy":"product_brand","embeddable":true,"href":"https:\/\/segtotaltreinamentos.com.br\/Loja\/wp-json\/wp\/v2\/product_brand?post=2162"},{"taxonomy":"product_cat","embeddable":true,"href":"https:\/\/segtotaltreinamentos.com.br\/Loja\/wp-json\/wp\/v2\/product_cat?post=2162"},{"taxonomy":"product_tag","embeddable":true,"href":"https:\/\/segtotaltreinamentos.com.br\/Loja\/wp-json\/wp\/v2\/product_tag?post=2162"}],"curies":[{"name":"wp","href":"https:\/\/api.w.org\/{rel}","templated":true}]}}