{"id":2227,"date":"2016-08-09T20:20:18","date_gmt":"2016-08-09T20:20:18","guid":{"rendered":"http:\/\/segtotaltreinamentos.com.br\/Loja\/?post_type=product&#038;p=2227"},"modified":"2025-01-28T20:21:23","modified_gmt":"2025-01-28T20:21:23","slug":"luva-quimica-grupo-3-agua-oleo-pintura","status":"publish","type":"product","link":"https:\/\/segtotaltreinamentos.com.br\/Loja\/produto\/luva-quimica-grupo-3-agua-oleo-pintura\/","title":{"rendered":"Creme Luva-Qu\u00edmica-Grupo-3-Agua-\u00d3leo-Pintura Bisnaga 200g"},"content":{"rendered":"<p class=\"num_ca\"><strong>N\u00b0 CA:\u00a0\u00a0 <\/strong>35339<\/p>\n<p class=\"num_ca\">Entrega em 15 dias \u00fateis ap\u00f3s o limite do estoque.<\/p>\n","protected":false},"excerpt":{"rendered":"<p>Luva Qu\u00edmica\u00a0Grupo 3 (\u00c1gua \u2013 \u00d3leo \u2013 Pintura)<\/p>\n<p>Proporciona melhores resultados quando utilizado em \u00e1reas de pintura, \u00e1cidos, vernizes, ceras e pigmenta\u00e7\u00f5es diversas.<\/p>\n","protected":false},"featured_media":3101,"comment_status":"open","ping_status":"closed","template":"","meta":[],"product_brand":[],"product_cat":[21,78],"product_tag":[],"class_list":{"0":"post-2227","1":"product","2":"type-product","3":"status-publish","4":"has-post-thumbnail","6":"product_cat-cremes","7":"product_cat-nutriex","9":"first","10":"onbackorder","11":"taxable","12":"shipping-taxable","13":"purchasable","14":"product-type-simple"},"_links":{"self":[{"href":"https:\/\/segtotaltreinamentos.com.br\/Loja\/wp-json\/wp\/v2\/product\/2227","targetHints":{"allow":["GET"]}}],"collection":[{"href":"https:\/\/segtotaltreinamentos.com.br\/Loja\/wp-json\/wp\/v2\/product"}],"about":[{"href":"https:\/\/segtotaltreinamentos.com.br\/Loja\/wp-json\/wp\/v2\/types\/product"}],"replies":[{"embeddable":true,"href":"https:\/\/segtotaltreinamentos.com.br\/Loja\/wp-json\/wp\/v2\/comments?post=2227"}],"wp:featuredmedia":[{"embeddable":true,"href":"https:\/\/segtotaltreinamentos.com.br\/Loja\/wp-json\/wp\/v2\/media\/3101"}],"wp:attachment":[{"href":"https:\/\/segtotaltreinamentos.com.br\/Loja\/wp-json\/wp\/v2\/media?parent=2227"}],"wp:term":[{"taxonomy":"product_brand","embeddable":true,"href":"https:\/\/segtotaltreinamentos.com.br\/Loja\/wp-json\/wp\/v2\/product_brand?post=2227"},{"taxonomy":"product_cat","embeddable":true,"href":"https:\/\/segtotaltreinamentos.com.br\/Loja\/wp-json\/wp\/v2\/product_cat?post=2227"},{"taxonomy":"product_tag","embeddable":true,"href":"https:\/\/segtotaltreinamentos.com.br\/Loja\/wp-json\/wp\/v2\/product_tag?post=2227"}],"curies":[{"name":"wp","href":"https:\/\/api.w.org\/{rel}","templated":true}]}}