{"id":23212,"date":"2019-07-26T18:52:50","date_gmt":"2019-07-26T18:52:50","guid":{"rendered":"http:\/\/segtotaltreinamentos.com.br\/Loja\/?post_type=product&#038;p=23212"},"modified":"2020-06-06T20:03:26","modified_gmt":"2020-06-06T20:03:26","slug":"innpro-bota-de-pvc","status":"publish","type":"product","link":"https:\/\/segtotaltreinamentos.com.br\/Loja\/produto\/innpro-bota-de-pvc\/","title":{"rendered":"Bota de PVC Innpro Work Cano Longo CA 36026"},"content":{"rendered":"<p>MODELO: <span style=\"display: inline !important; float: none; background-color: #ffffff; color: black; font-family: 'Calibri','sans-serif'; font-size: inherit; font-size-adjust: none; font-stretch: inherit; font-style: inherit; font-variant: inherit; font-weight: inherit; letter-spacing: normal; line-height: inherit; orphans: 2; text-align: left; text-decoration: none; text-indent: 0px; text-transform: none; -webkit-text-stroke-width: 0px; white-space: normal; word-spacing: 0px;\">Acquatic preta<\/span><\/p>\n","protected":false},"excerpt":{"rendered":"<p><strong>CA:\u00a0<\/strong>36026<\/p>\n<p><strong>Equipamento:\u00a0<\/strong>CAL\u00c7ADO TIPO BOTA<\/p>\n<p><strong>Descri\u00e7\u00e3o:<\/strong>\u00a0Cal\u00e7ado ocupacional, tipo bota imperme\u00e1vel, confeccionado em PVC (Policloreto de Vinila) injetado na cor branca, preta ou azul, cano longo, solado antiderrapante na cor branca, preta ou amarela.<\/p>\n<p><strong>Aprovado para<\/strong>: PROTE\u00c7\u00c3O DOS P\u00c9S PROTE\u00c7\u00c3O DOS P\u00c9S DO USU\u00c1RIO CONTRA RISCOS DE NATUREZA LEVE, CONTRA AGENTES ABRASIVOS E ESCORIANTES E CONTRA UMIDADE PROVENIENTE DE OPERA\u00c7\u00d5ES COM USO DE \u00c1GUA.<\/p>\n<p><strong>Restri\u00e7\u00f5es \/ Limita\u00e7\u00f5es:<\/strong>\u00a0N\u00c3O UTILIZAR EM OPERA\u00c7\u00d5ES DE COMBATE A INC\u00caNDIO.<\/p>\n<p><strong>Observa\u00e7\u00e3o:<\/strong>\u00a0Cal\u00e7ado com resist\u00eancia ao escorregamento em piso de cer\u00e2mica contaminado com lauril sulfato de s\u00f3dio &#8211; detergente (SRA).<\/p>\n<p><strong>Marca\u00e7\u00e3o do CA:<\/strong>\u00a0No cabedal<\/p>\n","protected":false},"featured_media":23213,"comment_status":"open","ping_status":"closed","template":"","meta":[],"product_brand":[],"product_cat":[16,169],"product_tag":[],"class_list":{"0":"post-23212","1":"product","2":"type-product","3":"status-publish","4":"has-post-thumbnail","6":"product_cat-calcados","7":"product_cat-innpro","9":"first","10":"onbackorder","11":"taxable","12":"shipping-taxable","13":"purchasable","14":"product-type-variable"},"_links":{"self":[{"href":"https:\/\/segtotaltreinamentos.com.br\/Loja\/wp-json\/wp\/v2\/product\/23212","targetHints":{"allow":["GET"]}}],"collection":[{"href":"https:\/\/segtotaltreinamentos.com.br\/Loja\/wp-json\/wp\/v2\/product"}],"about":[{"href":"https:\/\/segtotaltreinamentos.com.br\/Loja\/wp-json\/wp\/v2\/types\/product"}],"replies":[{"embeddable":true,"href":"https:\/\/segtotaltreinamentos.com.br\/Loja\/wp-json\/wp\/v2\/comments?post=23212"}],"wp:featuredmedia":[{"embeddable":true,"href":"https:\/\/segtotaltreinamentos.com.br\/Loja\/wp-json\/wp\/v2\/media\/23213"}],"wp:attachment":[{"href":"https:\/\/segtotaltreinamentos.com.br\/Loja\/wp-json\/wp\/v2\/media?parent=23212"}],"wp:term":[{"taxonomy":"product_brand","embeddable":true,"href":"https:\/\/segtotaltreinamentos.com.br\/Loja\/wp-json\/wp\/v2\/product_brand?post=23212"},{"taxonomy":"product_cat","embeddable":true,"href":"https:\/\/segtotaltreinamentos.com.br\/Loja\/wp-json\/wp\/v2\/product_cat?post=23212"},{"taxonomy":"product_tag","embeddable":true,"href":"https:\/\/segtotaltreinamentos.com.br\/Loja\/wp-json\/wp\/v2\/product_tag?post=23212"}],"curies":[{"name":"wp","href":"https:\/\/api.w.org\/{rel}","templated":true}]}}