{"id":23287,"date":"2019-07-27T18:54:19","date_gmt":"2019-07-27T18:54:19","guid":{"rendered":"http:\/\/segtotaltreinamentos.com.br\/Loja\/?post_type=product&#038;p=23287"},"modified":"2019-07-29T12:51:05","modified_gmt":"2019-07-29T12:51:05","slug":"luvas-nbr-pro-preta-copia","status":"publish","type":"product","link":"https:\/\/segtotaltreinamentos.com.br\/Loja\/produto\/luvas-nbr-pro-preta-copia\/","title":{"rendered":"Luvas &#8211; NBR Pro Preta"},"content":{"rendered":"<p><a href=\"https:\/\/segtotaltreinamentos.com.br\/Loja\/wp-content\/uploads\/2019\/03\/02_05_5_x.pdf\">02_05_5_x<\/a><\/p>\n<p><a href=\"https:\/\/segtotaltreinamentos.com.br\/Loja\/wp-content\/uploads\/2019\/03\/ImprimirCAPesquisaInternet.pdf\">ImprimirCAPesquisaInternet<\/a><\/p>\n","protected":false},"excerpt":{"rendered":"<p><b>Descri\u00e7\u00e3o: <\/b><\/p>\n<ul>Luva de seguran\u00e7a tricotada em n\u00e1ilon (poliamida), revestimento em borracha nitr\u00edlica na palma, face palmar e pontas dos dedos; punho com elastano.<\/ul>\n<table>\n<tbody>\n<tr>\n<td><strong>REF.<\/strong><\/td>\n<td><strong>TAMANHO*<\/strong><\/td>\n<\/tr>\n<tr>\n<td>\u00a002.05.5.2<\/td>\n<td>8.0 &#8211; M<\/td>\n<\/tr>\n<tr>\n<td>\u00a002.05.5.3<\/td>\n<td>9.0 &#8211; G<\/td>\n<\/tr>\n<tr>\n<td>\u00a002.05.5.4<\/td>\n<td>10.0 &#8211; XG<\/td>\n<\/tr>\n<\/tbody>\n<\/table>\n","protected":false},"featured_media":5385,"comment_status":"open","ping_status":"closed","template":"","meta":[],"product_brand":[],"product_cat":[48,53,100,6,9],"product_tag":[],"class_list":{"0":"post-23287","1":"product","2":"type-product","3":"status-publish","4":"has-post-thumbnail","6":"product_cat-aderencia-a-oleo","7":"product_cat-alta-perfomance","8":"product_cat-kalipso","9":"product_cat-luvas","10":"product_cat-luvas-quimico","12":"first","13":"onbackorder","14":"taxable","15":"shipping-taxable","16":"purchasable","17":"product-type-variable"},"_links":{"self":[{"href":"https:\/\/segtotaltreinamentos.com.br\/Loja\/wp-json\/wp\/v2\/product\/23287","targetHints":{"allow":["GET"]}}],"collection":[{"href":"https:\/\/segtotaltreinamentos.com.br\/Loja\/wp-json\/wp\/v2\/product"}],"about":[{"href":"https:\/\/segtotaltreinamentos.com.br\/Loja\/wp-json\/wp\/v2\/types\/product"}],"replies":[{"embeddable":true,"href":"https:\/\/segtotaltreinamentos.com.br\/Loja\/wp-json\/wp\/v2\/comments?post=23287"}],"wp:featuredmedia":[{"embeddable":true,"href":"https:\/\/segtotaltreinamentos.com.br\/Loja\/wp-json\/wp\/v2\/media\/5385"}],"wp:attachment":[{"href":"https:\/\/segtotaltreinamentos.com.br\/Loja\/wp-json\/wp\/v2\/media?parent=23287"}],"wp:term":[{"taxonomy":"product_brand","embeddable":true,"href":"https:\/\/segtotaltreinamentos.com.br\/Loja\/wp-json\/wp\/v2\/product_brand?post=23287"},{"taxonomy":"product_cat","embeddable":true,"href":"https:\/\/segtotaltreinamentos.com.br\/Loja\/wp-json\/wp\/v2\/product_cat?post=23287"},{"taxonomy":"product_tag","embeddable":true,"href":"https:\/\/segtotaltreinamentos.com.br\/Loja\/wp-json\/wp\/v2\/product_tag?post=23287"}],"curies":[{"name":"wp","href":"https:\/\/api.w.org\/{rel}","templated":true}]}}