{"id":23632,"date":"2019-08-03T22:16:52","date_gmt":"2019-08-03T22:16:52","guid":{"rendered":"http:\/\/segtotaltreinamentos.com.br\/Loja\/?post_type=product&#038;p=23632"},"modified":"2019-08-03T22:17:42","modified_gmt":"2019-08-03T22:17:42","slug":"luvas-flexcut-pu","status":"publish","type":"product","link":"https:\/\/segtotaltreinamentos.com.br\/Loja\/produto\/luvas-flexcut-pu\/","title":{"rendered":"LUVAS FLEXCUT PU"},"content":{"rendered":"<p><a href=\"https:\/\/segtotaltreinamentos.com.br\/Loja\/wp-content\/uploads\/2019\/08\/ficha_tecnica_flexcut_pu_punho_curto_da45400.pdf\">ficha_tecnica_flexcut_pu_punho_curto_da45400<\/a><\/p>\n","protected":false},"excerpt":{"rendered":"<p>Luva de seguran\u00e7a de polietileno de alta densidade e PU<\/p>\n<p>Solicite um or\u00e7amento<br \/>\nBenef\u00edcios<br \/>\nAlto n\u00edvel de prote\u00e7\u00e3o contra corte<br \/>\nIdeal para manuseio de pe\u00e7as cortantes com umidade*<br \/>\nDorso ventilado para melhor conforto t\u00e9rmico<br \/>\nDescri\u00e7\u00e3o<br \/>\nA luva Flexcut PU \u00e9 confeccionada em polietileno de alta densidade, recoberta de poliuretano na palma e nos dedos. Possui alta resist\u00eancia contra cortes de l\u00e2minas e metais. O banho em PU \u00e9 ideal para atividades com pe\u00e7as \u00famidas*. Seu formato anat\u00f4mico e o dorso ventilado, proporcionam excelente conforto para per\u00edodos prolongados de uso. (*) Consultar ficha t\u00e9cnica<br \/>\nAplica\u00e7\u00f5es<br \/>\nInd\u00fastria automobil\u00edstica e petroqu\u00edmica<br \/>\nServi\u00e7os na constru\u00e7\u00e3o civil<br \/>\nAtividades na minera\u00e7\u00e3o<br \/>\nMontagem de linha branca<\/p>\n<p>C\u00f3digo: DA-45.400<br \/>\nTamanho(s): P (7) | M (8) | G (9) | XG (10)<br \/>\nCor: cinza<br \/>\nNormas T\u00e9cnicas: EN 388:2003<\/p>\n","protected":false},"featured_media":23633,"comment_status":"open","ping_status":"closed","template":"","meta":[],"product_brand":[],"product_cat":[39,31,6],"product_tag":[],"class_list":{"0":"post-23632","1":"product","2":"type-product","3":"status-publish","4":"has-post-thumbnail","6":"product_cat-danny","7":"product_cat-luva-isolante","8":"product_cat-luvas","10":"first","11":"onbackorder","12":"taxable","13":"shipping-taxable","14":"purchasable","15":"product-type-simple"},"_links":{"self":[{"href":"https:\/\/segtotaltreinamentos.com.br\/Loja\/wp-json\/wp\/v2\/product\/23632","targetHints":{"allow":["GET"]}}],"collection":[{"href":"https:\/\/segtotaltreinamentos.com.br\/Loja\/wp-json\/wp\/v2\/product"}],"about":[{"href":"https:\/\/segtotaltreinamentos.com.br\/Loja\/wp-json\/wp\/v2\/types\/product"}],"replies":[{"embeddable":true,"href":"https:\/\/segtotaltreinamentos.com.br\/Loja\/wp-json\/wp\/v2\/comments?post=23632"}],"wp:featuredmedia":[{"embeddable":true,"href":"https:\/\/segtotaltreinamentos.com.br\/Loja\/wp-json\/wp\/v2\/media\/23633"}],"wp:attachment":[{"href":"https:\/\/segtotaltreinamentos.com.br\/Loja\/wp-json\/wp\/v2\/media?parent=23632"}],"wp:term":[{"taxonomy":"product_brand","embeddable":true,"href":"https:\/\/segtotaltreinamentos.com.br\/Loja\/wp-json\/wp\/v2\/product_brand?post=23632"},{"taxonomy":"product_cat","embeddable":true,"href":"https:\/\/segtotaltreinamentos.com.br\/Loja\/wp-json\/wp\/v2\/product_cat?post=23632"},{"taxonomy":"product_tag","embeddable":true,"href":"https:\/\/segtotaltreinamentos.com.br\/Loja\/wp-json\/wp\/v2\/product_tag?post=23632"}],"curies":[{"name":"wp","href":"https:\/\/api.w.org\/{rel}","templated":true}]}}