{"id":23727,"date":"2019-08-05T18:11:27","date_gmt":"2019-08-05T18:11:27","guid":{"rendered":"http:\/\/segtotaltreinamentos.com.br\/Loja\/?post_type=product&#038;p=23727"},"modified":"2019-08-05T18:35:45","modified_gmt":"2019-08-05T18:35:45","slug":"bone-arabe-com-aba-integrada","status":"publish","type":"product","link":"https:\/\/segtotaltreinamentos.com.br\/Loja\/produto\/bone-arabe-com-aba-integrada\/","title":{"rendered":"Bon\u00e9 \u00e1rabe com aba integrada"},"content":{"rendered":"","protected":false},"excerpt":{"rendered":"<p>Bon\u00e9 \u00e1rabe com aba integrada<\/p>\n<p>Descri\u00e7\u00e3o<br \/>\nPromove prote\u00e7\u00e3o da cabe\u00e7a, pesco\u00e7o e face, capuz com abertura frontal com fechamento em velcro, ajuste em el\u00e1stico na nuca, prote\u00e7\u00e3o ao redor do pesco\u00e7o e aba tipo bico de bato.<br \/>\nVantagens<br \/>\n1. Certificado de Aprova\u00e7\u00e3o<br \/>\n2. Resist\u00eancia \u00e0 abras\u00e3o<br \/>\n3. Melhor pre\u00e7o devido ao tecido n\u00e3o tingido<br \/>\n4. Conforto T\u00e9rmico<br \/>\n5. Costuras Rebatidas<\/p>\n","protected":false},"featured_media":23729,"comment_status":"open","ping_status":"closed","template":"","meta":[],"product_brand":[],"product_cat":[159,160,76],"product_tag":[],"class_list":{"0":"post-23727","1":"product","2":"type-product","3":"status-publish","4":"has-post-thumbnail","6":"product_cat-agricultura","7":"product_cat-protspray","8":"product_cat-vestimenta-de-protecao","10":"first","11":"onbackorder","12":"taxable","13":"shipping-taxable","14":"purchasable","15":"product-type-variable"},"_links":{"self":[{"href":"https:\/\/segtotaltreinamentos.com.br\/Loja\/wp-json\/wp\/v2\/product\/23727","targetHints":{"allow":["GET"]}}],"collection":[{"href":"https:\/\/segtotaltreinamentos.com.br\/Loja\/wp-json\/wp\/v2\/product"}],"about":[{"href":"https:\/\/segtotaltreinamentos.com.br\/Loja\/wp-json\/wp\/v2\/types\/product"}],"replies":[{"embeddable":true,"href":"https:\/\/segtotaltreinamentos.com.br\/Loja\/wp-json\/wp\/v2\/comments?post=23727"}],"wp:featuredmedia":[{"embeddable":true,"href":"https:\/\/segtotaltreinamentos.com.br\/Loja\/wp-json\/wp\/v2\/media\/23729"}],"wp:attachment":[{"href":"https:\/\/segtotaltreinamentos.com.br\/Loja\/wp-json\/wp\/v2\/media?parent=23727"}],"wp:term":[{"taxonomy":"product_brand","embeddable":true,"href":"https:\/\/segtotaltreinamentos.com.br\/Loja\/wp-json\/wp\/v2\/product_brand?post=23727"},{"taxonomy":"product_cat","embeddable":true,"href":"https:\/\/segtotaltreinamentos.com.br\/Loja\/wp-json\/wp\/v2\/product_cat?post=23727"},{"taxonomy":"product_tag","embeddable":true,"href":"https:\/\/segtotaltreinamentos.com.br\/Loja\/wp-json\/wp\/v2\/product_tag?post=23727"}],"curies":[{"name":"wp","href":"https:\/\/api.w.org\/{rel}","templated":true}]}}