{"id":23730,"date":"2019-08-05T18:20:36","date_gmt":"2019-08-05T18:20:36","guid":{"rendered":"http:\/\/segtotaltreinamentos.com.br\/Loja\/?post_type=product&#038;p=23730"},"modified":"2020-11-18T14:41:51","modified_gmt":"2020-11-18T14:41:51","slug":"conjunto-agrotoxicos-tratorizado","status":"publish","type":"product","link":"https:\/\/segtotaltreinamentos.com.br\/Loja\/produto\/conjunto-agrotoxicos-tratorizado\/","title":{"rendered":"CONJUNTO AGROT\u00d3XICOS TRATORIZADO"},"content":{"rendered":"","protected":false},"excerpt":{"rendered":"<p>Conjunto para aplica\u00e7\u00e3o de agrot\u00f3xicos<br \/>\nDescri\u00e7\u00e3o<br \/>\nConjunto de prote\u00e7\u00e3o corporal contra agrot\u00f3xicos. Composto por camisa com capuz integrado, ajuste facial, aba bico de pato, mangas compridas e ajuste em cordonel na cintura. Etiqueta de controle de lavagens na parte frontal.<br \/>\nVantagens<br \/>\n1. Durabilidade de 50 Lavagens<br \/>\n2. Etiqueta com Controle de Lavagens<br \/>\n3. Capuz Integrado, evitando a entrada de contaminantes<br \/>\nIndica\u00e7\u00e3o<br \/>\n1. Servi\u00e7os de aplica\u00e7\u00e3o de agrot\u00f3xicos<br \/>\n2. Capina qu\u00edmica<br \/>\n3. Detetiza\u00e7\u00e3o<br \/>\n4. Aplica\u00e7\u00e3o de produtos domissanit\u00e1rios<br \/>\n5. Preparo de pr\u00e9-misturas, caldas agrot\u00f3xicas<br \/>\nCA: 10.180 CAMISA<br \/>\nC.A: 29.254 CAL\u00c7A<br \/>\nTamanho<br \/>\nM, G, XG, XXG<\/p>\n","protected":false},"featured_media":23731,"comment_status":"open","ping_status":"closed","template":"","meta":[],"product_brand":[],"product_cat":[159,160,76],"product_tag":[],"class_list":{"0":"post-23730","1":"product","2":"type-product","3":"status-publish","4":"has-post-thumbnail","6":"product_cat-agricultura","7":"product_cat-protspray","8":"product_cat-vestimenta-de-protecao","10":"first","11":"onbackorder","12":"taxable","13":"shipping-taxable","14":"product-type-variable"},"_links":{"self":[{"href":"https:\/\/segtotaltreinamentos.com.br\/Loja\/wp-json\/wp\/v2\/product\/23730","targetHints":{"allow":["GET"]}}],"collection":[{"href":"https:\/\/segtotaltreinamentos.com.br\/Loja\/wp-json\/wp\/v2\/product"}],"about":[{"href":"https:\/\/segtotaltreinamentos.com.br\/Loja\/wp-json\/wp\/v2\/types\/product"}],"replies":[{"embeddable":true,"href":"https:\/\/segtotaltreinamentos.com.br\/Loja\/wp-json\/wp\/v2\/comments?post=23730"}],"wp:featuredmedia":[{"embeddable":true,"href":"https:\/\/segtotaltreinamentos.com.br\/Loja\/wp-json\/wp\/v2\/media\/23731"}],"wp:attachment":[{"href":"https:\/\/segtotaltreinamentos.com.br\/Loja\/wp-json\/wp\/v2\/media?parent=23730"}],"wp:term":[{"taxonomy":"product_brand","embeddable":true,"href":"https:\/\/segtotaltreinamentos.com.br\/Loja\/wp-json\/wp\/v2\/product_brand?post=23730"},{"taxonomy":"product_cat","embeddable":true,"href":"https:\/\/segtotaltreinamentos.com.br\/Loja\/wp-json\/wp\/v2\/product_cat?post=23730"},{"taxonomy":"product_tag","embeddable":true,"href":"https:\/\/segtotaltreinamentos.com.br\/Loja\/wp-json\/wp\/v2\/product_tag?post=23730"}],"curies":[{"name":"wp","href":"https:\/\/api.w.org\/{rel}","templated":true}]}}