{"id":23736,"date":"2019-08-05T18:26:11","date_gmt":"2019-08-05T18:26:11","guid":{"rendered":"http:\/\/segtotaltreinamentos.com.br\/Loja\/?post_type=product&#038;p=23736"},"modified":"2019-08-05T19:05:36","modified_gmt":"2019-08-05T19:05:36","slug":"conjunto-agrotoxicos-costal","status":"publish","type":"product","link":"https:\/\/segtotaltreinamentos.com.br\/Loja\/produto\/conjunto-agrotoxicos-costal\/","title":{"rendered":"CONJUNTO AGROT\u00d3XICOS COSTAL"},"content":{"rendered":"","protected":false},"excerpt":{"rendered":"<p><strong>Descri\u00e7\u00e3o<\/strong><\/p>\n<p>Conjunto que promove a prote\u00e7\u00e3o corporal contra agrot\u00f3xicos acompanha camisa com capuz integrado com ajuste facial, aba bico de pato, mangas longas e ajuste em cordonel na cintura.<br \/>\nNa vers\u00e3o Costal h\u00e1 prote\u00e7\u00e3o na cal\u00e7a abaixo do joelho em\u00a0Polipropileno laminado com Polietileno resistente a abras\u00e3o e prote\u00e7\u00e3o \u00e0 produtos qu\u00edmicos e t\u00f3xicos.<\/p>\n<p><strong>Vantagens<br \/>\n<\/strong>1.Prote\u00e7\u00e3o em Polipropileno abaixo do Joelho<br \/>\n2. Durabilidade de\u00a050 Lavagens<br \/>\n3. Etiqueta com Controle de Lavagens<br \/>\n4. Capuz Integrado, evitando a entrada de contaminantes<br \/>\n5. Tecido de alta performance<strong><br \/>\n<\/strong><\/p>\n<p><strong>Indica\u00e7\u00e3o<br \/>\n<\/strong>1. Servi\u00e7os de aplica\u00e7\u00e3o de agrot\u00f3xicos<br \/>\n2. Capina qu\u00edmica<br \/>\n3. Detetiza\u00e7\u00e3o<br \/>\n4. Aplica\u00e7\u00e3o de produtos domissanit\u00e1rios<br \/>\n5. Preparo de pr\u00e9-misturas, caldas agrot\u00f3xicas<\/p>\n<p>CA: 10,180 CAMISA<br \/>\nC.A: 29.254 CAL\u00c7A<strong><br \/>\n<\/strong><\/p>\n<div><strong>Tamanho<\/strong><\/div>\n<div>M, G, XG, XXG<\/div>\n","protected":false},"featured_media":23739,"comment_status":"open","ping_status":"closed","template":"","meta":[],"product_brand":[],"product_cat":[159,160,76],"product_tag":[],"class_list":{"0":"post-23736","1":"product","2":"type-product","3":"status-publish","4":"has-post-thumbnail","6":"product_cat-agricultura","7":"product_cat-protspray","8":"product_cat-vestimenta-de-protecao","10":"first","11":"onbackorder","12":"taxable","13":"shipping-taxable","14":"purchasable","15":"product-type-variable"},"_links":{"self":[{"href":"https:\/\/segtotaltreinamentos.com.br\/Loja\/wp-json\/wp\/v2\/product\/23736","targetHints":{"allow":["GET"]}}],"collection":[{"href":"https:\/\/segtotaltreinamentos.com.br\/Loja\/wp-json\/wp\/v2\/product"}],"about":[{"href":"https:\/\/segtotaltreinamentos.com.br\/Loja\/wp-json\/wp\/v2\/types\/product"}],"replies":[{"embeddable":true,"href":"https:\/\/segtotaltreinamentos.com.br\/Loja\/wp-json\/wp\/v2\/comments?post=23736"}],"wp:featuredmedia":[{"embeddable":true,"href":"https:\/\/segtotaltreinamentos.com.br\/Loja\/wp-json\/wp\/v2\/media\/23739"}],"wp:attachment":[{"href":"https:\/\/segtotaltreinamentos.com.br\/Loja\/wp-json\/wp\/v2\/media?parent=23736"}],"wp:term":[{"taxonomy":"product_brand","embeddable":true,"href":"https:\/\/segtotaltreinamentos.com.br\/Loja\/wp-json\/wp\/v2\/product_brand?post=23736"},{"taxonomy":"product_cat","embeddable":true,"href":"https:\/\/segtotaltreinamentos.com.br\/Loja\/wp-json\/wp\/v2\/product_cat?post=23736"},{"taxonomy":"product_tag","embeddable":true,"href":"https:\/\/segtotaltreinamentos.com.br\/Loja\/wp-json\/wp\/v2\/product_tag?post=23736"}],"curies":[{"name":"wp","href":"https:\/\/api.w.org\/{rel}","templated":true}]}}