{"id":2396,"date":"2016-08-13T19:29:51","date_gmt":"2016-08-13T19:29:51","guid":{"rendered":"http:\/\/segtotaltreinamentos.com.br\/Loja\/?post_type=product&#038;p=2396"},"modified":"2020-07-08T18:59:37","modified_gmt":"2020-07-08T18:59:37","slug":"cinto-tipo-para-quedista-vic420","status":"publish","type":"product","link":"https:\/\/segtotaltreinamentos.com.br\/Loja\/produto\/cinto-tipo-para-quedista-vic420\/","title":{"rendered":"Cinto tipo Para Quedista VIC20420 CA 36746"},"content":{"rendered":"<p>CA 29.373 CA VENCIDO DESTE <span id=\"PlaceHolderConteudo_lblDTValidade\">24\/07\/2015<\/span><\/p>\n<p>NOVO CA 36746<\/p>\n<p><b>C\u00f3digo:<br \/>\n<\/b><span style=\"display: inline !important; float: none; background-color: transparent; color: #000000; font-family: 'lato'; font-size: 16px; font-size-adjust: none; font-stretch: 100%; font-style: normal; font-variant: normal; font-weight: 400; letter-spacing: normal; line-height: 20px; orphans: 2; text-align: left; text-decoration: none; text-indent: 0px; text-transform: none; -webkit-text-stroke-width: 0px; white-space: normal; word-spacing: 0px;\">VIC-20.420<\/span><br \/>\n<b>Tamanho(s):<\/b><span style=\"display: inline !important; float: none; background-color: transparent; color: #000000; font-family: 'lato'; font-size: 16px; font-size-adjust: none; font-stretch: 100%; font-style: normal; font-variant: normal; font-weight: 400; letter-spacing: normal; line-height: 20px; orphans: 2; text-align: left; text-decoration: none; text-indent: 0px; text-transform: none; -webkit-text-stroke-width: 0px; white-space: normal; word-spacing: 0px;\"> \u00fanico<\/span><br \/>\n<b>Cor:<\/b><span style=\"display: inline !important; float: none; background-color: transparent; color: #000000; font-family: 'lato'; font-size: 16px; font-size-adjust: none; font-stretch: 100%; font-style: normal; font-variant: normal; font-weight: 400; letter-spacing: normal; line-height: 20px; orphans: 2; text-align: left; text-decoration: none; text-indent: 0px; text-transform: none; -webkit-text-stroke-width: 0px; white-space: normal; word-spacing: 0px;\"> amarela com preta e cinza<\/span><br \/>\n<b>Normas T\u00e9cnicas:<\/b><span style=\"display: inline !important; float: none; background-color: transparent; color: #000000; font-family: 'lato'; font-size: 16px; font-size-adjust: none; font-stretch: 100%; font-style: normal; font-variant: normal; font-weight: 400; letter-spacing: normal; line-height: 20px; orphans: 2; text-align: left; text-decoration: none; text-indent: 0px; text-transform: none; -webkit-text-stroke-width: 0px; white-space: normal; word-spacing: 0px;\"> ABNT NBR 15835:2010 | ABNT NBR 15836:2010<\/span><\/p>\n<p><a href=\"https:\/\/segtotaltreinamentos.com.br\/Loja\/wp-content\/uploads\/2016\/08\/cinturao_de_seguranca_05_pontos_vic20420.pdf\">cinturao_de_seguranca_05_pontos_vic20420<\/a><\/p>\n<p><a href=\"https:\/\/segtotaltreinamentos.com.br\/Loja\/wp-content\/uploads\/2016\/08\/manual_de_instru\u00e7\u00f5es_cintur\u00f5es_de_seguran\u00e7a.pdf\">manual_de_instru\u00e7\u00f5es_cintur\u00f5es_de_seguran\u00e7a<\/a><\/p>\n<p><a href=\"https:\/\/segtotaltreinamentos.com.br\/Loja\/wp-content\/uploads\/2016\/08\/VIC20420-CINT-DE-SEG-FICHA-TECNICA.pdf\">VIC20420 &#8211; CINT DE SEG &#8211; FICHA TECNICA<\/a><\/p>\n<p><a href=\"https:\/\/segtotaltreinamentos.com.br\/Loja\/wp-content\/uploads\/2020\/06\/FAQ-CAPACIDADE-DE-CARGA.pdf\">FAQ &#8211; CAPACIDADE DE CARGA<\/a><\/p>\n","protected":false},"excerpt":{"rendered":"<p>Confeccionado em cadar\u00e7o poli\u00e9ster bicolor de 45 mm, cinco pontos de ancoragem\u00a0 ( frontal, dorsal, umbilical e laterais ), al\u00e7as nos ombros para espa\u00e7o confinado, regulagem total, apoio lombar, acolchoamento nas pernas, ombros, cintura e costas para melhor conforto. Tamanho \u00fanico e ajust\u00e1vel. APA4E-KT5.<\/p>\n<div id=\"h1-prod\">\n<h1>VIC-20.420<br \/>\nCintur\u00e3o tipo paraquedista\/abdominal com 5 pontos de ancoragem<\/h1>\n<div id=\"prodIcons\">\n<div class=\"fb-like\" data-href=\"https:\/\/www.vicsa.com.br\/cinto-de-seguranca-tipo-paraquedista-com-5-pontos-de-ancoragem-vic-20420\/\" data-layout=\"button\" data-size=\"small\" data-show-faces=\"false\" data-share=\"true\" data-action=\"like\"><\/div>\n<p><b>Benef\u00edcios<\/b><\/p>\n<\/div>\n<\/div>\n<div id=\"desc-prod\">\n<div id=\"corpo-van-prod\">\n<div id=\"txt-van-prod\">\n<ul>\n<li><img decoding=\"async\" src=\"https:\/\/www.vicsa.com.br\/wp-content\/uploads\/2017\/12\/beneficio-aprovado-vicsa.png\" \/>Tamanho ajust\u00e1vel com regulagem total<\/li>\n<li><img decoding=\"async\" src=\"https:\/\/www.vicsa.com.br\/wp-content\/uploads\/2017\/12\/beneficio-aprovado-vicsa.png\" \/>5 pontos de ancoragem (dorsal, frontal umbilical e laterais)<\/li>\n<li><img decoding=\"async\" src=\"https:\/\/www.vicsa.com.br\/wp-content\/uploads\/2017\/12\/beneficio-aprovado-vicsa.png\" \/>Al\u00e7as nos ombros para resgate e movimenta\u00e7\u00e3o em espa\u00e7os confinados<\/li>\n<li><img decoding=\"async\" src=\"https:\/\/www.vicsa.com.br\/wp-content\/uploads\/2017\/12\/beneficio-aprovado-vicsa.png\" \/>Apoio lombar para trabalho posicionado<\/li>\n<li><img decoding=\"async\" src=\"https:\/\/www.vicsa.com.br\/wp-content\/uploads\/2017\/12\/beneficio-aprovado-vicsa.png\" \/>Chip para sistema de inspe\u00e7\u00e3o atrav\u00e9s do celular \u2013 Mob Check<\/li>\n<\/ul>\n<\/div>\n<\/div>\n<div id=\"corpo-desc-prod\"><b>Descri\u00e7\u00e3o<\/b><br \/>\nCintur\u00e3o de seguran\u00e7a paraquedista\/abdominal com 5 pontos de ancoragem (dorsal, frontal, umbilical e laterais), confeccionado em fita prim\u00e1ria e secund\u00e1ria de poli\u00e9ster de 45 mm, com apoio lombar, fivelas em a\u00e7o para regulagem e chip para sistema de inspe\u00e7\u00e3o atrav\u00e9s do celular &#8211; Mob Check.<\/div>\n<div id=\"corpo-desc-prod\">\n<div id=\"txt-van-prod\">\n<p><b>Aplica\u00e7\u00f5es<\/b><\/p>\n<ul>\n<li><img decoding=\"async\" src=\"https:\/\/www.vicsa.com.br\/wp-content\/uploads\/2017\/12\/beneficio-aprovado-vicsa.png\" \/>Deslocamento e restri\u00e7\u00e3o pela argola dorsal<\/li>\n<li><img decoding=\"async\" src=\"https:\/\/www.vicsa.com.br\/wp-content\/uploads\/2017\/12\/beneficio-aprovado-vicsa.png\" \/>Movimenta\u00e7\u00e3o, suspens\u00e3o e resgate em espa\u00e7os confinados e escadas do tipo marinheiro<\/li>\n<li><img decoding=\"async\" src=\"https:\/\/www.vicsa.com.br\/wp-content\/uploads\/2017\/12\/beneficio-aprovado-vicsa.png\" \/>Apoio lombar para trabalho posicionado e acesso por corda<\/li>\n<\/ul>\n<\/div>\n<\/div>\n<\/div>\n","protected":false},"featured_media":2397,"comment_status":"open","ping_status":"closed","template":"","meta":[],"product_brand":[],"product_cat":[139,105,32,80],"product_tag":[],"class_list":{"0":"post-2396","1":"product","2":"type-product","3":"status-publish","4":"has-post-thumbnail","6":"product_cat-cintos-de-seguranca","7":"product_cat-espaco-confinado","8":"product_cat-trabalho-em-altura","9":"product_cat-vicza","11":"first","12":"onbackorder","13":"taxable","14":"shipping-taxable","15":"purchasable","16":"product-type-simple"},"_links":{"self":[{"href":"https:\/\/segtotaltreinamentos.com.br\/Loja\/wp-json\/wp\/v2\/product\/2396","targetHints":{"allow":["GET"]}}],"collection":[{"href":"https:\/\/segtotaltreinamentos.com.br\/Loja\/wp-json\/wp\/v2\/product"}],"about":[{"href":"https:\/\/segtotaltreinamentos.com.br\/Loja\/wp-json\/wp\/v2\/types\/product"}],"replies":[{"embeddable":true,"href":"https:\/\/segtotaltreinamentos.com.br\/Loja\/wp-json\/wp\/v2\/comments?post=2396"}],"wp:featuredmedia":[{"embeddable":true,"href":"https:\/\/segtotaltreinamentos.com.br\/Loja\/wp-json\/wp\/v2\/media\/2397"}],"wp:attachment":[{"href":"https:\/\/segtotaltreinamentos.com.br\/Loja\/wp-json\/wp\/v2\/media?parent=2396"}],"wp:term":[{"taxonomy":"product_brand","embeddable":true,"href":"https:\/\/segtotaltreinamentos.com.br\/Loja\/wp-json\/wp\/v2\/product_brand?post=2396"},{"taxonomy":"product_cat","embeddable":true,"href":"https:\/\/segtotaltreinamentos.com.br\/Loja\/wp-json\/wp\/v2\/product_cat?post=2396"},{"taxonomy":"product_tag","embeddable":true,"href":"https:\/\/segtotaltreinamentos.com.br\/Loja\/wp-json\/wp\/v2\/product_tag?post=2396"}],"curies":[{"name":"wp","href":"https:\/\/api.w.org\/{rel}","templated":true}]}}