{"id":24109,"date":"2019-08-12T15:10:06","date_gmt":"2019-08-12T15:10:06","guid":{"rendered":"http:\/\/segtotaltreinamentos.com.br\/Loja\/?post_type=product&#038;p=24109"},"modified":"2023-07-24T17:25:40","modified_gmt":"2023-07-24T17:25:40","slug":"luva-latex-verniz-silver-slim-ca-37277","status":"publish","type":"product","link":"https:\/\/segtotaltreinamentos.com.br\/Loja\/produto\/luva-latex-verniz-silver-slim-ca-37277\/","title":{"rendered":"LUVA L\u00c1TEX VERNIZ SILVER SLIM CA: 37277"},"content":{"rendered":"<p>&nbsp;<\/p>\n<p><a href=\"https:\/\/segtotaltreinamentos.com.br\/Loja\/wp-content\/uploads\/2019\/08\/Descritivo-t\u00e9cnico-Luva-verniz-silver-slim.pdf\">Descritivo t\u00e9cnico Luva verniz silver slim<\/a><\/p>\n<p>cores amarela<\/p>\n<p>Azul<\/p>\n","protected":false},"excerpt":{"rendered":"<p>Luva de seguran\u00e7a confeccionada em l\u00e1tex natural, revestimento interno em verniz silver, relevo antiderrapante na face palmar e face palmar dos dedos. CA: 37277<\/p>\n<p><strong>Comprimento:\u00a0<\/strong>30cm<br \/>\n<strong>Tamanhos:\u00a0<\/strong>7(P) 8 (M) 9 (G) 10 (EG)<br \/>\n<strong>Uso:\u00a0<\/strong>Reutiliz\u00e1vel<br \/>\n<strong>Formato:\u00a0<\/strong>Anat\u00f4mico<br \/>\n<strong>Estrutura:\u00a0<\/strong>Sem Suporte T\u00eaxtil<br \/>\n<strong>Acabamento interno:\u00a0<\/strong>Verniz Silver<br \/>\n<strong>Punho:\u00a0<\/strong>Picotado<\/p>\n<h4>VANTAGENS E BENEF\u00cdCIOS<\/h4>\n<p><strong>FLEXIBILIDADE e EL\u00c1STICIDADE<\/strong>\u00a0&#8211; Confeccionada em l\u00e1tex<\/p>\n<p><strong>HIPOALERG\u00caNICA<\/strong>\u00a0&#8211; Forro verniz silver, seu forro diminui os riscos de rea\u00e7\u00f5es al\u00e9rgicas ao l\u00e1tex<\/p>\n<p><strong>F\u00c1CIL HIGIENIZA\u00c7\u00c3O E SECAGEM<\/strong>\u00a0&#8211; Facilidade\u00a0na higieniza\u00e7\u00e3o e secagem<\/p>\n<p><strong>ANTIDERRAPANTE<\/strong>\u00a0&#8211; Acabamento em formato colmeia. Permite ader\u00eancia na manipula\u00e7\u00e3o de objetos molhados, e tamb\u00e9m,\u00a0ader\u00eancia em superf\u00edcie seca, com alto padr\u00e3o de\u00a0resist\u00eancia a abras\u00e3o<\/p>\n<p><strong>Excelente durabilidade e custo benef\u00edcio<\/strong><\/p>\n<p><strong>FORMATO ANAT\u00d4MICO<\/strong>\u00a0&#8211; Redu\u00e7\u00e3o da fadiga muscular<\/p>\n<p><strong>OP\u00c7\u00d5ES\u00a0DE CORES<\/strong>\u00a0&#8211;\u00a0Azul e\u00a0Amarela\u00a0&#8211; para distinguir \u00e1reas e\/ou turnos diversos de trabalho, colaborando no controle de contamina\u00e7\u00e3o cruzada.<\/p>\n<p>Indicada para trabalhos gerais, leves ou\u00a0m\u00e9dios, protegendo o trabalhador em ambientes secos e \u00famidos, sob temperatura ambiente ou controlada, em servi\u00e7os de higiene e limpeza, cozinhas industriais, em postos de trabalho na ind\u00fastria aliment\u00edcia\u00a0(massas, biscoitos, bolos e\u00a0p\u00e3es), frigor\u00edfica (aves, su\u00ednos, pesca e bovinos), na sangria, abate, escaldagem, depenagem, espostejamento, eviscera\u00e7\u00e3o, sala de cortes e\u00a0embalagem prim\u00e1ria. Pode ser utilizada sobrepondo as luvas resistentes a corte ou t\u00e9rmica para uma prote\u00e7\u00e3o imperme\u00e1vel.<\/p>\n<p>* Este produto cont\u00e9m l\u00e1tex de borracha natural, seu uso pode causar rea\u00e7\u00f5es al\u00e9rgicas em pessoas sens\u00edveis ao l\u00e1tex.<\/p>\n<p>Ind\u00fastria aliment\u00edcia e frigor\u00edfica, prestadoras de servi\u00e7o, conserva\u00e7\u00e3o e limpeza, saneamento (ETE e ETA), laborat\u00f3rios e ambulat\u00f3rios, cozinhas industriais, food service, agricultura, ind\u00fastria metalmec\u00e2nica, constru\u00e7\u00e3o civil.<\/p>\n","protected":false},"featured_media":24116,"comment_status":"open","ping_status":"closed","template":"","meta":[],"product_brand":[],"product_cat":[56,6,9,133,86],"product_tag":[],"class_list":{"0":"post-24109","1":"product","2":"type-product","3":"status-publish","4":"has-post-thumbnail","6":"product_cat-latex-natural","7":"product_cat-luvas","8":"product_cat-luvas-quimico","9":"product_cat-sem-categoria","10":"product_cat-volk","12":"first","13":"instock","14":"taxable","15":"shipping-taxable","16":"purchasable","17":"product-type-variable"},"_links":{"self":[{"href":"https:\/\/segtotaltreinamentos.com.br\/Loja\/wp-json\/wp\/v2\/product\/24109","targetHints":{"allow":["GET"]}}],"collection":[{"href":"https:\/\/segtotaltreinamentos.com.br\/Loja\/wp-json\/wp\/v2\/product"}],"about":[{"href":"https:\/\/segtotaltreinamentos.com.br\/Loja\/wp-json\/wp\/v2\/types\/product"}],"replies":[{"embeddable":true,"href":"https:\/\/segtotaltreinamentos.com.br\/Loja\/wp-json\/wp\/v2\/comments?post=24109"}],"wp:featuredmedia":[{"embeddable":true,"href":"https:\/\/segtotaltreinamentos.com.br\/Loja\/wp-json\/wp\/v2\/media\/24116"}],"wp:attachment":[{"href":"https:\/\/segtotaltreinamentos.com.br\/Loja\/wp-json\/wp\/v2\/media?parent=24109"}],"wp:term":[{"taxonomy":"product_brand","embeddable":true,"href":"https:\/\/segtotaltreinamentos.com.br\/Loja\/wp-json\/wp\/v2\/product_brand?post=24109"},{"taxonomy":"product_cat","embeddable":true,"href":"https:\/\/segtotaltreinamentos.com.br\/Loja\/wp-json\/wp\/v2\/product_cat?post=24109"},{"taxonomy":"product_tag","embeddable":true,"href":"https:\/\/segtotaltreinamentos.com.br\/Loja\/wp-json\/wp\/v2\/product_tag?post=24109"}],"curies":[{"name":"wp","href":"https:\/\/api.w.org\/{rel}","templated":true}]}}