{"id":2424,"date":"2016-08-19T14:43:55","date_gmt":"2016-08-19T14:43:55","guid":{"rendered":"http:\/\/segtotaltreinamentos.com.br\/Loja\/?post_type=product&#038;p=2424"},"modified":"2016-10-04T11:05:29","modified_gmt":"2016-10-04T11:05:29","slug":"sapato-masculino-de-amarrar-em-vaqueta-relax-preta-solado-em-pu-bi-densidade-com-palmilha-anti-bacteriana","status":"publish","type":"product","link":"https:\/\/segtotaltreinamentos.com.br\/Loja\/produto\/sapato-masculino-de-amarrar-em-vaqueta-relax-preta-solado-em-pu-bi-densidade-com-palmilha-anti-bacteriana\/","title":{"rendered":"Sapato masculino Sem biqueira d Amarrar"},"content":{"rendered":"<p><b>SV-60500<\/b> &#8211; Sapato masculino de amarrar em vaqueta relax preta, solado em PU Bi Densidade, com palmilha anti-bacteriana<\/p>\n<h3>Sem biqueira<\/h3>\n","protected":false},"excerpt":{"rendered":"<p>Sapato de seguran\u00e7a, modelo Derby, de amarrar, em vaqueta, palmilha de montagem em material n\u00e3o tecido, palmilha interna remov\u00edvel em l\u00e1tex com tecido algod\u00e3o antimicr\u00f3bios, sola PU bidensidade antiderrapante e biqueira truline. Indicado servi\u00e7os em \u00e1reas que, em geral, apresentem riscos de natureza leve, uniformizando e garantindo conforto e prote\u00e7\u00e3o aos p\u00e9s do usu\u00e1rio.<\/p>\n<p>Sistema de fixa\u00e7\u00e3o ao p\u00e9: amarrar\/cadar\u00e7o<br \/>\nCabedal: vaqueta relax<br \/>\nCor: preto<br \/>\nCoura\u00e7a: trueline<br \/>\nForro: n\u00e3o tecido transpirante<br \/>\nPalmilha de montagem: n\u00e3o tecido<br \/>\nSolado: PU<br \/>\nPalmilha interna: antimicrobiana (remov\u00edvel)<br \/>\nTamanho: 34 a 45<br \/>\nPeso m\u00e9dio n\u00ba 40 &#8211; Par: 0,730 Kg<\/p>\n","protected":false},"featured_media":2425,"comment_status":"open","ping_status":"closed","template":"","meta":[],"product_brand":[],"product_cat":[16,82,17],"product_tag":[],"class_list":{"0":"post-2424","1":"product","2":"type-product","3":"status-publish","4":"has-post-thumbnail","6":"product_cat-calcados","7":"product_cat-conforto","8":"product_cat-economico","10":"first","11":"outofstock","12":"taxable","13":"shipping-taxable","14":"purchasable","15":"product-type-simple"},"_links":{"self":[{"href":"https:\/\/segtotaltreinamentos.com.br\/Loja\/wp-json\/wp\/v2\/product\/2424","targetHints":{"allow":["GET"]}}],"collection":[{"href":"https:\/\/segtotaltreinamentos.com.br\/Loja\/wp-json\/wp\/v2\/product"}],"about":[{"href":"https:\/\/segtotaltreinamentos.com.br\/Loja\/wp-json\/wp\/v2\/types\/product"}],"replies":[{"embeddable":true,"href":"https:\/\/segtotaltreinamentos.com.br\/Loja\/wp-json\/wp\/v2\/comments?post=2424"}],"wp:featuredmedia":[{"embeddable":true,"href":"https:\/\/segtotaltreinamentos.com.br\/Loja\/wp-json\/wp\/v2\/media\/2425"}],"wp:attachment":[{"href":"https:\/\/segtotaltreinamentos.com.br\/Loja\/wp-json\/wp\/v2\/media?parent=2424"}],"wp:term":[{"taxonomy":"product_brand","embeddable":true,"href":"https:\/\/segtotaltreinamentos.com.br\/Loja\/wp-json\/wp\/v2\/product_brand?post=2424"},{"taxonomy":"product_cat","embeddable":true,"href":"https:\/\/segtotaltreinamentos.com.br\/Loja\/wp-json\/wp\/v2\/product_cat?post=2424"},{"taxonomy":"product_tag","embeddable":true,"href":"https:\/\/segtotaltreinamentos.com.br\/Loja\/wp-json\/wp\/v2\/product_tag?post=2424"}],"curies":[{"name":"wp","href":"https:\/\/api.w.org\/{rel}","templated":true}]}}