{"id":2426,"date":"2016-08-19T14:46:59","date_gmt":"2016-08-19T14:46:59","guid":{"rendered":"http:\/\/segtotaltreinamentos.com.br\/Loja\/index.php\/produto\/sapato-masculino-com-biqueira-de-plastico\/"},"modified":"2024-04-27T13:41:34","modified_gmt":"2024-04-27T13:41:34","slug":"sapato-masculino-com-biqueira-de-composite-3","status":"publish","type":"product","link":"https:\/\/segtotaltreinamentos.com.br\/Loja\/produto\/sapato-masculino-com-biqueira-de-composite-3\/","title":{"rendered":"Sapato masculino Com biqueira de composite d Amarrar"},"content":{"rendered":"<p>CA 4642<\/p>\n<p><b>SV-60500<\/b> &#8211; Sapato masculino de amarrar em vaqueta relax preta, solado em PU Bi Densidade, com palmilha anti-bacteriana<\/p>\n<h3>Com biqueira de Pl\u00e1stico (polipropileno = PP)<\/h3>\n<p>Em caso de pedido de encomenda por falta de estoque, previs\u00e3o de entrega em 30 dias;<\/p>\n","protected":false},"excerpt":{"rendered":"<p>Sapato de seguran\u00e7a, modelo Derby, de amarrar, em vaqueta, palmilha de montagem em material n\u00e3o tecido, palmilha interna remov\u00edvel em l\u00e1tex com tecido algod\u00e3o antimicr\u00f3bios, sola PU bidensidade antiderrapante e biqueira truline. Indicado servi\u00e7os em \u00e1reas que, em geral, apresentem riscos de natureza leve, uniformizando e garantindo conforto e prote\u00e7\u00e3o aos p\u00e9s do usu\u00e1rio.<\/p>\n<p>Sistema de fixa\u00e7\u00e3o ao p\u00e9: amarrar\/cadar\u00e7o<br \/>\nCabedal: vaqueta relax<br \/>\nCor: preto<br \/>\nCoura\u00e7a: trueline<br \/>\nForro: n\u00e3o tecido transpirante<br \/>\nPalmilha de montagem: n\u00e3o tecido<br \/>\nSolado: PU<br \/>\nPalmilha interna: antimicrobiana (remov\u00edvel)<br \/>\nTamanho: 34 a 45<br \/>\nPeso m\u00e9dio n\u00ba 40 &#8211; Par: 0,730 Kg<\/p>\n","protected":false},"featured_media":2425,"comment_status":"open","ping_status":"closed","template":"","meta":[],"product_brand":[],"product_cat":[16,82,17],"product_tag":[],"class_list":{"0":"post-2426","1":"product","2":"type-product","3":"status-publish","4":"has-post-thumbnail","6":"product_cat-calcados","7":"product_cat-conforto","8":"product_cat-economico","10":"first","11":"onbackorder","12":"featured","13":"taxable","14":"shipping-taxable","15":"purchasable","16":"product-type-variable"},"_links":{"self":[{"href":"https:\/\/segtotaltreinamentos.com.br\/Loja\/wp-json\/wp\/v2\/product\/2426","targetHints":{"allow":["GET"]}}],"collection":[{"href":"https:\/\/segtotaltreinamentos.com.br\/Loja\/wp-json\/wp\/v2\/product"}],"about":[{"href":"https:\/\/segtotaltreinamentos.com.br\/Loja\/wp-json\/wp\/v2\/types\/product"}],"replies":[{"embeddable":true,"href":"https:\/\/segtotaltreinamentos.com.br\/Loja\/wp-json\/wp\/v2\/comments?post=2426"}],"wp:featuredmedia":[{"embeddable":true,"href":"https:\/\/segtotaltreinamentos.com.br\/Loja\/wp-json\/wp\/v2\/media\/2425"}],"wp:attachment":[{"href":"https:\/\/segtotaltreinamentos.com.br\/Loja\/wp-json\/wp\/v2\/media?parent=2426"}],"wp:term":[{"taxonomy":"product_brand","embeddable":true,"href":"https:\/\/segtotaltreinamentos.com.br\/Loja\/wp-json\/wp\/v2\/product_brand?post=2426"},{"taxonomy":"product_cat","embeddable":true,"href":"https:\/\/segtotaltreinamentos.com.br\/Loja\/wp-json\/wp\/v2\/product_cat?post=2426"},{"taxonomy":"product_tag","embeddable":true,"href":"https:\/\/segtotaltreinamentos.com.br\/Loja\/wp-json\/wp\/v2\/product_tag?post=2426"}],"curies":[{"name":"wp","href":"https:\/\/api.w.org\/{rel}","templated":true}]}}