{"id":2433,"date":"2016-08-19T15:24:40","date_gmt":"2016-08-19T15:24:40","guid":{"rendered":"http:\/\/segtotaltreinamentos.com.br\/Loja\/index.php\/produto\/sapato-masculino-com-biqueira-de-composite-2\/"},"modified":"2021-03-19T17:25:38","modified_gmt":"2021-03-19T17:25:38","slug":"sapato-masculino-com-biqueira-de-composite-2","status":"publish","type":"product","link":"https:\/\/segtotaltreinamentos.com.br\/Loja\/produto\/sapato-masculino-com-biqueira-de-composite-2\/","title":{"rendered":"Botina masculino Com biqueira de Composite"},"content":{"rendered":"<h4><b>SV-62500<\/b> &#8211; Sapato masculino de el\u00e1stico em vaqueta relax preta, solado em PU <u>Bi Densidade<\/u>, com palmilha anti-bacteriana<\/h4>\n<h3>Com biqueira de Composite<\/h3>\n<p><a href=\"https:\/\/segtotaltreinamentos.com.br\/Loja\/wp-content\/uploads\/2016\/08\/Biqueiras-PL-ACO-COMPOSITE-1.pdf\">Biqueiras PL-A\u00c7O-COMPOSITE<\/a><\/p>\n","protected":false},"excerpt":{"rendered":"<p>Botina de Seguran\u00e7a, modelo Blatt, com el\u00e1stico lateral, em vaqueta, palmilha de montagem em material n\u00e3o tecido, palmilha interna remov\u00edvel em l\u00e1tex com tecido algod\u00e3o antimicr\u00f3bios, sola PU bidensidade antiderrapante e biqueira truline. Indicado servi\u00e7os em \u00e1reas que, em geral, apresentem riscos de natureza leve, uniformizando e garantindo conforto e prote\u00e7\u00e3o aos p\u00e9s e tornozelos do usu\u00e1rio.<\/p>\n<p>Sistema de fixa\u00e7\u00e3o ao p\u00e9: el\u00e1stico na lateral<br \/>\nCabedal: vaqueta relax<br \/>\nCor: preto<br \/>\nCoura\u00e7a: trueline<br \/>\nForro: n\u00e3o tecido transpirante<br \/>\nPalmilha de montagem: n\u00e3o tecido<br \/>\nSolado: PU<br \/>\nPalmilha interna: antimicrobiana (remov\u00edvel)<br \/>\nTamanho: 34 a 45<br \/>\nPeso m\u00e9dio n\u00ba 40 &#8211; Par: 0,743 Kg<\/p>\n","protected":false},"featured_media":2430,"comment_status":"open","ping_status":"closed","template":"","meta":[],"product_brand":[],"product_cat":[16,82,17],"product_tag":[],"class_list":{"0":"post-2433","1":"product","2":"type-product","3":"status-publish","4":"has-post-thumbnail","6":"product_cat-calcados","7":"product_cat-conforto","8":"product_cat-economico","10":"first","11":"outofstock","12":"taxable","13":"shipping-taxable","14":"purchasable","15":"product-type-simple"},"_links":{"self":[{"href":"https:\/\/segtotaltreinamentos.com.br\/Loja\/wp-json\/wp\/v2\/product\/2433","targetHints":{"allow":["GET"]}}],"collection":[{"href":"https:\/\/segtotaltreinamentos.com.br\/Loja\/wp-json\/wp\/v2\/product"}],"about":[{"href":"https:\/\/segtotaltreinamentos.com.br\/Loja\/wp-json\/wp\/v2\/types\/product"}],"replies":[{"embeddable":true,"href":"https:\/\/segtotaltreinamentos.com.br\/Loja\/wp-json\/wp\/v2\/comments?post=2433"}],"wp:featuredmedia":[{"embeddable":true,"href":"https:\/\/segtotaltreinamentos.com.br\/Loja\/wp-json\/wp\/v2\/media\/2430"}],"wp:attachment":[{"href":"https:\/\/segtotaltreinamentos.com.br\/Loja\/wp-json\/wp\/v2\/media?parent=2433"}],"wp:term":[{"taxonomy":"product_brand","embeddable":true,"href":"https:\/\/segtotaltreinamentos.com.br\/Loja\/wp-json\/wp\/v2\/product_brand?post=2433"},{"taxonomy":"product_cat","embeddable":true,"href":"https:\/\/segtotaltreinamentos.com.br\/Loja\/wp-json\/wp\/v2\/product_cat?post=2433"},{"taxonomy":"product_tag","embeddable":true,"href":"https:\/\/segtotaltreinamentos.com.br\/Loja\/wp-json\/wp\/v2\/product_tag?post=2433"}],"curies":[{"name":"wp","href":"https:\/\/api.w.org\/{rel}","templated":true}]}}