{"id":24436,"date":"2019-08-26T15:19:19","date_gmt":"2019-08-26T15:19:19","guid":{"rendered":"http:\/\/segtotaltreinamentos.com.br\/Loja\/?post_type=product&#038;p=24436"},"modified":"2020-01-19T19:58:18","modified_gmt":"2020-01-19T19:58:18","slug":"bone-arabe-sem-fechamento-frontal","status":"publish","type":"product","link":"https:\/\/segtotaltreinamentos.com.br\/Loja\/produto\/bone-arabe-sem-fechamento-frontal\/","title":{"rendered":"Bon\u00e9 \u00c1rabe sem Fechamento Frontal"},"content":{"rendered":"","protected":false},"excerpt":{"rendered":"<h2 data-componente-fbits-id=\"28\" data-componente-fbits-config=\"\">CA 39.856<\/h2>\n<p>Material: Brim<\/p>\n<p>Capuz de seguran\u00e7a confeccionado em tecido brim costurado com elastico frontal ajuste no pesco\u00e7o com velcro e aba tipo bon\u00e9<\/p>\n<p>Aprovado para: PROTE\u00c7\u00c3O DO CR\u00c2NIO E PESCO\u00c7O DO USU\u00c1RIO CONTRA AGENTES ABRASIVOS ESCORIANTES E T\u00c9RMICOS<\/p>\n<p>Restri\u00e7\u00f5es\/Limita\u00e7\u00f5es: EPI N\u00c3O APROVADO CONTRA ARCO EL\u00c9TRICO FOGO REPENTINO E COMBATE A INC\u00caNDIO. Observa\u00e7\u00e3o: I) O EPI obteve resultado de n\u00edveis de desempenho A1 Classe 2 para ISO 11611. II) Demais especifica\u00e7\u00f5es t\u00e9cnicas do EPI dever\u00e3o ser obtidas junto ao fabricante.<\/p>\n","protected":false},"featured_media":24437,"comment_status":"open","ping_status":"closed","template":"","meta":[],"product_brand":[],"product_cat":[159,133,76],"product_tag":[],"class_list":{"0":"post-24436","1":"product","2":"type-product","3":"status-publish","4":"has-post-thumbnail","6":"product_cat-agricultura","7":"product_cat-sem-categoria","8":"product_cat-vestimenta-de-protecao","10":"first","11":"instock","12":"taxable","13":"shipping-taxable","14":"purchasable","15":"product-type-simple"},"_links":{"self":[{"href":"https:\/\/segtotaltreinamentos.com.br\/Loja\/wp-json\/wp\/v2\/product\/24436","targetHints":{"allow":["GET"]}}],"collection":[{"href":"https:\/\/segtotaltreinamentos.com.br\/Loja\/wp-json\/wp\/v2\/product"}],"about":[{"href":"https:\/\/segtotaltreinamentos.com.br\/Loja\/wp-json\/wp\/v2\/types\/product"}],"replies":[{"embeddable":true,"href":"https:\/\/segtotaltreinamentos.com.br\/Loja\/wp-json\/wp\/v2\/comments?post=24436"}],"wp:featuredmedia":[{"embeddable":true,"href":"https:\/\/segtotaltreinamentos.com.br\/Loja\/wp-json\/wp\/v2\/media\/24437"}],"wp:attachment":[{"href":"https:\/\/segtotaltreinamentos.com.br\/Loja\/wp-json\/wp\/v2\/media?parent=24436"}],"wp:term":[{"taxonomy":"product_brand","embeddable":true,"href":"https:\/\/segtotaltreinamentos.com.br\/Loja\/wp-json\/wp\/v2\/product_brand?post=24436"},{"taxonomy":"product_cat","embeddable":true,"href":"https:\/\/segtotaltreinamentos.com.br\/Loja\/wp-json\/wp\/v2\/product_cat?post=24436"},{"taxonomy":"product_tag","embeddable":true,"href":"https:\/\/segtotaltreinamentos.com.br\/Loja\/wp-json\/wp\/v2\/product_tag?post=24436"}],"curies":[{"name":"wp","href":"https:\/\/api.w.org\/{rel}","templated":true}]}}