{"id":24527,"date":"2019-10-06T21:20:02","date_gmt":"2019-10-06T21:20:02","guid":{"rendered":"http:\/\/segtotaltreinamentos.com.br\/Loja\/?post_type=product&#038;p=24527"},"modified":"2019-11-03T19:36:16","modified_gmt":"2019-11-03T19:36:16","slug":"polia-dupla-de-aluminio-em-paralelo-stec-p08","status":"publish","type":"product","link":"https:\/\/segtotaltreinamentos.com.br\/Loja\/produto\/polia-dupla-de-aluminio-em-paralelo-stec-p08\/","title":{"rendered":"Polia Dupla de Alum\u00ednio em Paralelo Stec &#8211; P08"},"content":{"rendered":"<p><a href=\"https:\/\/segtotaltreinamentos.com.br\/Loja\/wp-content\/uploads\/2019\/10\/manual-polia-dupla-paralela-stec-ap082-pdf_1502800503.pdf\">manual-polia-dupla-paralela-stec-ap082-pdf_1502800503<\/a><\/p>\n","protected":false},"excerpt":{"rendered":"<h6>P08<\/h6>\n<p>Polia Dupla de Alum\u00ednio em Paralelo Stec<\/p>\n<p>Polia com duas roldanas paralelas ou gemeas s\u00e3o feitas para trabalharem combinadas, isto \u00e9: Quando passar a corda em um lado, esta deve retornar e tambem passar na roldana paralela para equilibrar a carga no ponto de amarra\u00e7\u00e3o. Muito utilizada em sistemas de resgate e i\u00e7amento de carga por ter seu volume reduzido e maximizar os esfor\u00e7os.<\/p>\n<h4 class=\"tituloEspecs\">Especifica\u00e7\u00f5es<\/h4>\n<div>Material: Alum\u00ednio<\/div>\n<div>Carga M\u00e1xima: 24 kN<\/div>\n<div>Cor: Vermelho e Cinza<\/div>\n<div>Cordas: Max 16 mm<\/div>\n<div>Normas: EN 12278 &#8211; CE 1019<\/div>\n<div>Peso: 430 g<\/div>\n<div>C\u00f3digo: P08<\/div>\n","protected":false},"featured_media":24528,"comment_status":"open","ping_status":"closed","template":"","meta":[],"product_brand":[],"product_cat":[105,141,138,32],"product_tag":[],"class_list":{"0":"post-24527","1":"product","2":"type-product","3":"status-publish","4":"has-post-thumbnail","6":"product_cat-espaco-confinado","7":"product_cat-polias","8":"product_cat-stec","9":"product_cat-trabalho-em-altura","11":"first","12":"onbackorder","13":"taxable","14":"shipping-taxable","15":"purchasable","16":"product-type-simple"},"_links":{"self":[{"href":"https:\/\/segtotaltreinamentos.com.br\/Loja\/wp-json\/wp\/v2\/product\/24527","targetHints":{"allow":["GET"]}}],"collection":[{"href":"https:\/\/segtotaltreinamentos.com.br\/Loja\/wp-json\/wp\/v2\/product"}],"about":[{"href":"https:\/\/segtotaltreinamentos.com.br\/Loja\/wp-json\/wp\/v2\/types\/product"}],"replies":[{"embeddable":true,"href":"https:\/\/segtotaltreinamentos.com.br\/Loja\/wp-json\/wp\/v2\/comments?post=24527"}],"wp:featuredmedia":[{"embeddable":true,"href":"https:\/\/segtotaltreinamentos.com.br\/Loja\/wp-json\/wp\/v2\/media\/24528"}],"wp:attachment":[{"href":"https:\/\/segtotaltreinamentos.com.br\/Loja\/wp-json\/wp\/v2\/media?parent=24527"}],"wp:term":[{"taxonomy":"product_brand","embeddable":true,"href":"https:\/\/segtotaltreinamentos.com.br\/Loja\/wp-json\/wp\/v2\/product_brand?post=24527"},{"taxonomy":"product_cat","embeddable":true,"href":"https:\/\/segtotaltreinamentos.com.br\/Loja\/wp-json\/wp\/v2\/product_cat?post=24527"},{"taxonomy":"product_tag","embeddable":true,"href":"https:\/\/segtotaltreinamentos.com.br\/Loja\/wp-json\/wp\/v2\/product_tag?post=24527"}],"curies":[{"name":"wp","href":"https:\/\/api.w.org\/{rel}","templated":true}]}}