{"id":24533,"date":"2019-10-06T21:33:09","date_gmt":"2019-10-06T21:33:09","guid":{"rendered":"http:\/\/segtotaltreinamentos.com.br\/Loja\/?post_type=product&#038;p=24533"},"modified":"2020-08-02T16:27:59","modified_gmt":"2020-08-02T16:27:59","slug":"descensor-flow-d05","status":"publish","type":"product","link":"https:\/\/segtotaltreinamentos.com.br\/Loja\/produto\/descensor-flow-d05\/","title":{"rendered":"Descensor FLOW D05"},"content":{"rendered":"<p><a href=\"https:\/\/segtotaltreinamentos.com.br\/Loja\/wp-content\/uploads\/2019\/10\/flow-declaration-of-conformity-2-pdf_1547837006.pdf\">flow-declaration-of-conformity-2-pdf_1547837006<\/a><\/p>\n<p><a href=\"https:\/\/segtotaltreinamentos.com.br\/Loja\/wp-content\/uploads\/2019\/10\/flow-additional-applications-and-information-final-10-05-2019-curvas-pdf_1562077452.pdf\">flow-additional-applications-and-information-final-10-05-2019-curvas-pdf_1562077452<\/a><\/p>\n<p><a href=\"https:\/\/segtotaltreinamentos.com.br\/Loja\/wp-content\/uploads\/2019\/10\/english-manual-flow-2019-version-ap-gl-001-aba-web-pdf_1555093062.pdf\">english-manual-flow-2019-version-ap-gl-001-aba-web-pdf_1555093062<\/a><a href=\"https:\/\/segtotaltreinamentos.com.br\/Loja\/wp-content\/uploads\/2019\/10\/manual-portugues-flow-2019-version-ap-gl-001-aba-web-pdf_1555092486.pdf\">manual-portugues-flow-2019-version-ap-gl-001-aba-web-pdf_1555092486<\/a><\/p>\n","protected":false},"excerpt":{"rendered":"<h6>D05<\/h6>\n<p>O Descensor <strong>FLOW D05<\/strong>\u00a0\u00e9 um aparelho autoblocante, pr\u00e1tico e eficiente para descidas controladas.\u00a0O\u00a0dispositivo anti-p\u00e2nico no modelo verde <strong>D05<\/strong>, aumenta ainda mais a seguran\u00e7a de pessoas inexperientes.<\/p>\n<p>\u00c9 fabricado em Alum\u00ednio, A\u00e7o Inox \u00a0e componentes em Poliamida de alta resist\u00eancia, e\u00a0testado em conformidade com as normas EN12841: 2006 Tipo C, EN341: Tipo 2 &#8211; Classe A, para cargas de at\u00e9 200 Kg e descidas cont\u00ednuas de at\u00e9 200 metros.<\/p>\n<p>Pode ser utilizado em diversas atividades\u00a0como: Acesso por cordas, Sistemas de resgate por corda, trabalho em altura e atividades esportivas como rappel, descida controlada\u00a0em cachoeiras e ravinas.<\/p>\n<div id=\"\\&quot;cke_pastebin\\&quot;\" hidden=\"\"><\/div>\n<h4 class=\"tituloEspecs\">Especifica\u00e7\u00f5es<\/h4>\n<p>Modelo: D05<\/p>\n<p>Cor: Verde<\/p>\n<p>Sistema Anti p\u00e2nico<\/p>\n<p>Materiais: Alum\u00ednio, A\u00e7o Inox, Poliamida<\/p>\n<p>Certifica\u00e7\u00e3o: EN12841: 2006 Type C , EN 341: 2011 Type 2 &#8211; Class A<\/p>\n<p>Peso: 515g \/ 17,5 oz<\/p>\n","protected":false},"featured_media":24534,"comment_status":"open","ping_status":"closed","template":"","meta":[],"product_brand":[],"product_cat":[146,133,138,32],"product_tag":[],"class_list":{"0":"post-24533","1":"product","2":"type-product","3":"status-publish","4":"has-post-thumbnail","6":"product_cat-descensores","7":"product_cat-sem-categoria","8":"product_cat-stec","9":"product_cat-trabalho-em-altura","11":"first","12":"instock","13":"taxable","14":"shipping-taxable","15":"purchasable","16":"product-type-simple"},"_links":{"self":[{"href":"https:\/\/segtotaltreinamentos.com.br\/Loja\/wp-json\/wp\/v2\/product\/24533","targetHints":{"allow":["GET"]}}],"collection":[{"href":"https:\/\/segtotaltreinamentos.com.br\/Loja\/wp-json\/wp\/v2\/product"}],"about":[{"href":"https:\/\/segtotaltreinamentos.com.br\/Loja\/wp-json\/wp\/v2\/types\/product"}],"replies":[{"embeddable":true,"href":"https:\/\/segtotaltreinamentos.com.br\/Loja\/wp-json\/wp\/v2\/comments?post=24533"}],"wp:featuredmedia":[{"embeddable":true,"href":"https:\/\/segtotaltreinamentos.com.br\/Loja\/wp-json\/wp\/v2\/media\/24534"}],"wp:attachment":[{"href":"https:\/\/segtotaltreinamentos.com.br\/Loja\/wp-json\/wp\/v2\/media?parent=24533"}],"wp:term":[{"taxonomy":"product_brand","embeddable":true,"href":"https:\/\/segtotaltreinamentos.com.br\/Loja\/wp-json\/wp\/v2\/product_brand?post=24533"},{"taxonomy":"product_cat","embeddable":true,"href":"https:\/\/segtotaltreinamentos.com.br\/Loja\/wp-json\/wp\/v2\/product_cat?post=24533"},{"taxonomy":"product_tag","embeddable":true,"href":"https:\/\/segtotaltreinamentos.com.br\/Loja\/wp-json\/wp\/v2\/product_tag?post=24533"}],"curies":[{"name":"wp","href":"https:\/\/api.w.org\/{rel}","templated":true}]}}