{"id":24563,"date":"2019-10-12T19:07:37","date_gmt":"2019-10-12T19:07:37","guid":{"rendered":"http:\/\/segtotaltreinamentos.com.br\/Loja\/?post_type=product&#038;p=24563"},"modified":"2019-11-03T19:53:31","modified_gmt":"2019-11-03T19:53:31","slug":"fita-protegida-80-cm-ftp80","status":"publish","type":"product","link":"https:\/\/segtotaltreinamentos.com.br\/Loja\/produto\/fita-protegida-80-cm-ftp80\/","title":{"rendered":"Fita Protegida 80 cm &#8211; FTP80"},"content":{"rendered":"<p><a href=\"https:\/\/segtotaltreinamentos.com.br\/Loja\/wp-content\/uploads\/2019\/10\/manual-anel-de-fita-ft80-ft100-ft120-ft150-pdf_1412001497.pdf\">manual-anel-de-fita-ft80-ft100-ft120-ft150-pdf_1412001497<\/a><\/p>\n","protected":false},"excerpt":{"rendered":"<h6>FTP80<\/h6>\n<p>Fita Protegida Stec, possui uma lona que envolve a fita afim de evitar abras\u00e3o, aumentando a vida \u00fatil da mesma. Utilizada para desvios e ancoragens que ficam em contato com estruturas. As Fitas Protegidas Stec s\u00e3o fabricadas com nylon de alta resist\u00eancia costuradas eletronicamente. Carga de ruptura 22 KN. Facilita a instala\u00e7\u00e3o dos pontos de ancoragem, equaliza\u00e7\u00f5es de cargas e desvios sem a nescessidade de adicionar uma prote\u00e7\u00e3o nos pontos de contato.<\/p>\n<h4 class=\"tituloEspecs\">Especifica\u00e7\u00f5es<\/h4>\n<p>Fita Protegida com capa<\/p>\n<p>Comprimento: 80 cm<\/p>\n<p>Carga de Ruptura: 22 kN<\/p>\n<p>Peso: 115 g<\/p>\n<p>C\u00f3digo:\u00a0FTP80<\/p>\n","protected":false},"featured_media":24564,"comment_status":"open","ping_status":"closed","template":"","meta":[],"product_brand":[],"product_cat":[105,144,138,32],"product_tag":[],"class_list":{"0":"post-24563","1":"product","2":"type-product","3":"status-publish","4":"has-post-thumbnail","6":"product_cat-espaco-confinado","7":"product_cat-fitas","8":"product_cat-stec","9":"product_cat-trabalho-em-altura","11":"first","12":"onbackorder","13":"taxable","14":"shipping-taxable","15":"purchasable","16":"product-type-simple"},"_links":{"self":[{"href":"https:\/\/segtotaltreinamentos.com.br\/Loja\/wp-json\/wp\/v2\/product\/24563","targetHints":{"allow":["GET"]}}],"collection":[{"href":"https:\/\/segtotaltreinamentos.com.br\/Loja\/wp-json\/wp\/v2\/product"}],"about":[{"href":"https:\/\/segtotaltreinamentos.com.br\/Loja\/wp-json\/wp\/v2\/types\/product"}],"replies":[{"embeddable":true,"href":"https:\/\/segtotaltreinamentos.com.br\/Loja\/wp-json\/wp\/v2\/comments?post=24563"}],"wp:featuredmedia":[{"embeddable":true,"href":"https:\/\/segtotaltreinamentos.com.br\/Loja\/wp-json\/wp\/v2\/media\/24564"}],"wp:attachment":[{"href":"https:\/\/segtotaltreinamentos.com.br\/Loja\/wp-json\/wp\/v2\/media?parent=24563"}],"wp:term":[{"taxonomy":"product_brand","embeddable":true,"href":"https:\/\/segtotaltreinamentos.com.br\/Loja\/wp-json\/wp\/v2\/product_brand?post=24563"},{"taxonomy":"product_cat","embeddable":true,"href":"https:\/\/segtotaltreinamentos.com.br\/Loja\/wp-json\/wp\/v2\/product_cat?post=24563"},{"taxonomy":"product_tag","embeddable":true,"href":"https:\/\/segtotaltreinamentos.com.br\/Loja\/wp-json\/wp\/v2\/product_tag?post=24563"}],"curies":[{"name":"wp","href":"https:\/\/api.w.org\/{rel}","templated":true}]}}