{"id":24567,"date":"2019-10-12T20:58:27","date_gmt":"2019-10-12T20:58:27","guid":{"rendered":"http:\/\/segtotaltreinamentos.com.br\/Loja\/?post_type=product&#038;p=24567"},"modified":"2019-11-16T13:44:35","modified_gmt":"2019-11-16T13:44:35","slug":"conector-oval-stec-de-aluminio-25-kn-mlro25","status":"publish","type":"product","link":"https:\/\/segtotaltreinamentos.com.br\/Loja\/produto\/conector-oval-stec-de-aluminio-25-kn-mlro25\/","title":{"rendered":"Conector Oval Stec de Alum\u00ednio 25 kN &#8211; MLRO25"},"content":{"rendered":"<p><a href=\"https:\/\/segtotaltreinamentos.com.br\/Loja\/wp-content\/uploads\/2019\/10\/Conector-Oval-Stec-de-Alum\u00ednio-25-kN-\u2013-MLRO25.pdf\">Conector Oval Stec de Alum\u00ednio 25 kN \u2013 MLRO25<\/a><\/p>\n","protected":false},"excerpt":{"rendered":"<h6>MLRO25<\/h6>\n<p>Conector ou mosquet\u00e3o \u00e9 um dispositivo de liga\u00e7\u00e3o entre componentes de um sistema anti-queda e ou ponto de ancoragem. Para responder \u00a0a \u00a0diferentes condi\u00e7\u00f5es encontradas, os de Alum\u00ednio Oval c\/ Trava de Rosca s\u00e3o ideais por sua polival\u00eancia permite montar ancoragens, conectar-se a estruturas met\u00e1licas e utilizar em cintos e aparelhos. Com um sistema de trava de rosca o conector oval, tem forma sim\u00e9trica, que proporciona maior facilidade de posicionamento quando utilizado com cintos, roldanas, aparelhos de descida, bloqueadores e trava quedas. Ideal para sistemas de desmultiplica\u00e7\u00e3o de for\u00e7a e aplica\u00e7\u00f5es gerais. O conector oval possui o ponto de ancoragem centralizado o que facilita a sua manipula\u00e7\u00e3o em manobras complexas.<\/p>\n<h4 class=\"tituloEspecs\">Especifica\u00e7\u00f5es<\/h4>\n<p>Material: Alum\u00ednio<\/p>\n<p>Modelo: Oval de Rosca<\/p>\n<p>Trava: Rosca<\/p>\n<p>Carga: 25 kN<\/p>\n<p>Peso: 85g<\/p>\n<p>Detalhe: Sem anzol ou KEY LOCK<\/p>\n<p>C\u00f3digo:\u00a0MLRO25<\/p>\n","protected":false},"featured_media":24568,"comment_status":"open","ping_status":"closed","template":"","meta":[],"product_brand":[],"product_cat":[105,140,138,32],"product_tag":[],"class_list":{"0":"post-24567","1":"product","2":"type-product","3":"status-publish","4":"has-post-thumbnail","6":"product_cat-espaco-confinado","7":"product_cat-mosquetoes","8":"product_cat-stec","9":"product_cat-trabalho-em-altura","11":"first","12":"onbackorder","13":"taxable","14":"shipping-taxable","15":"purchasable","16":"product-type-simple"},"_links":{"self":[{"href":"https:\/\/segtotaltreinamentos.com.br\/Loja\/wp-json\/wp\/v2\/product\/24567","targetHints":{"allow":["GET"]}}],"collection":[{"href":"https:\/\/segtotaltreinamentos.com.br\/Loja\/wp-json\/wp\/v2\/product"}],"about":[{"href":"https:\/\/segtotaltreinamentos.com.br\/Loja\/wp-json\/wp\/v2\/types\/product"}],"replies":[{"embeddable":true,"href":"https:\/\/segtotaltreinamentos.com.br\/Loja\/wp-json\/wp\/v2\/comments?post=24567"}],"wp:featuredmedia":[{"embeddable":true,"href":"https:\/\/segtotaltreinamentos.com.br\/Loja\/wp-json\/wp\/v2\/media\/24568"}],"wp:attachment":[{"href":"https:\/\/segtotaltreinamentos.com.br\/Loja\/wp-json\/wp\/v2\/media?parent=24567"}],"wp:term":[{"taxonomy":"product_brand","embeddable":true,"href":"https:\/\/segtotaltreinamentos.com.br\/Loja\/wp-json\/wp\/v2\/product_brand?post=24567"},{"taxonomy":"product_cat","embeddable":true,"href":"https:\/\/segtotaltreinamentos.com.br\/Loja\/wp-json\/wp\/v2\/product_cat?post=24567"},{"taxonomy":"product_tag","embeddable":true,"href":"https:\/\/segtotaltreinamentos.com.br\/Loja\/wp-json\/wp\/v2\/product_tag?post=24567"}],"curies":[{"name":"wp","href":"https:\/\/api.w.org\/{rel}","templated":true}]}}