{"id":24580,"date":"2019-10-12T21:45:23","date_gmt":"2019-10-12T21:45:23","guid":{"rendered":"http:\/\/segtotaltreinamentos.com.br\/Loja\/?post_type=product&#038;p=24580"},"modified":"2019-11-16T12:15:14","modified_gmt":"2019-11-16T12:15:14","slug":"mangote-descartavel-de-polietileno","status":"publish","type":"product","link":"https:\/\/segtotaltreinamentos.com.br\/Loja\/produto\/mangote-descartavel-de-polietileno\/","title":{"rendered":"MANGOTE DESCART\u00c1VEL DE POLIETILENO"},"content":{"rendered":"<p><a href=\"https:\/\/segtotaltreinamentos.com.br\/Loja\/wp-content\/uploads\/2019\/10\/39-01112019154201.pdf\">39-01112019154201<\/a><\/p>\n","protected":false},"excerpt":{"rendered":"<h3>DESCRI\u00c7\u00c3O<\/h3>\n<p>Mangote de polietileno liso<\/p>\n<hr \/>\n<h4 style=\"box-sizing: border-box; font-family: Montserrat, sans-serif; font-weight: 500; line-height: 1.1; color: #155977; margin: 0px 0px 30px; font-size: 18px; -webkit-font-smoothing: antialiased; outline: none; text-transform: uppercase; padding: 0px 0px 0px 30px; background: url('..\/..\/img\/layout\/bg-h4.png') left center no-repeat #ffffff; font-style: normal; font-variant-ligatures: normal; font-variant-caps: normal; letter-spacing: normal; orphans: 2; text-align: start; text-indent: 0px; white-space: normal; widows: 2; word-spacing: 0px; -webkit-text-stroke-width: 0px; text-decoration-style: initial; text-decoration-color: initial;\">ESPECIFICA\u00c7\u00d5ES<\/h4>\n<p><strong>Comprimento:\u00a0<\/strong>50cm<br \/>\n<strong>Tamanhos:\u00a0<\/strong>\u00danico<br \/>\n<strong>Uso:\u00a0<\/strong>Descart\u00e1vel<br \/>\n<strong>Embalagem:\u00a0<\/strong>Pacote com 100 unid, Caixa com 10 pacotes.<\/p>\n<hr \/>\n<h4 style=\"box-sizing: border-box; font-family: Montserrat, sans-serif; font-weight: 500; line-height: 1.1; color: #155977; margin: 0px 0px 30px; font-size: 18px; -webkit-font-smoothing: antialiased; outline: none; text-transform: uppercase; padding: 0px 0px 0px 30px; background: url('..\/..\/img\/layout\/bg-h4.png') left center no-repeat #ffffff; font-style: normal; font-variant-ligatures: normal; font-variant-caps: normal; letter-spacing: normal; orphans: 2; text-align: start; text-indent: 0px; white-space: normal; widows: 2; word-spacing: 0px; -webkit-text-stroke-width: 0px; text-decoration-style: initial; text-decoration-color: initial;\">APLICA\u00c7\u00d5ES<\/h4>\n<p>Atividades onde seja necess\u00e1rio prote\u00e7\u00e3o do produto como em processamento de carnes in natura, massas, chocolates, castanha e outros alimentos. An\u00e1lise de qualidade, tratamento est\u00e9tico entre outros.<\/p>\n<hr \/>\n<h4 style=\"box-sizing: border-box; font-family: Montserrat, sans-serif; font-weight: 500; line-height: 1.1; color: #155977; margin: 0px 0px 30px; font-size: 18px; -webkit-font-smoothing: antialiased; outline: none; text-transform: uppercase; padding: 0px 0px 0px 30px; background: url('..\/..\/img\/layout\/bg-h4.png') left center no-repeat #ffffff; font-style: normal; font-variant-ligatures: normal; font-variant-caps: normal; letter-spacing: normal; orphans: 2; text-align: start; text-indent: 0px; white-space: normal; widows: 2; word-spacing: 0px; -webkit-text-stroke-width: 0px; text-decoration-style: initial; text-decoration-color: initial;\">POTENCIAIS CLIENTES<\/h4>\n<p>Ind\u00fastria aliment\u00edcia, restaurantes e food service, \u00f3tica, cl\u00ednicas de est\u00e9tica e beleza, ind\u00fastria gr\u00e1fica e outros.<\/p>\n","protected":false},"featured_media":24581,"comment_status":"open","ping_status":"closed","template":"","meta":[],"product_brand":[],"product_cat":[76,86],"product_tag":[],"class_list":{"0":"post-24580","1":"product","2":"type-product","3":"status-publish","4":"has-post-thumbnail","6":"product_cat-vestimenta-de-protecao","7":"product_cat-volk","9":"first","10":"onbackorder","11":"taxable","12":"shipping-taxable","13":"purchasable","14":"product-type-simple"},"_links":{"self":[{"href":"https:\/\/segtotaltreinamentos.com.br\/Loja\/wp-json\/wp\/v2\/product\/24580","targetHints":{"allow":["GET"]}}],"collection":[{"href":"https:\/\/segtotaltreinamentos.com.br\/Loja\/wp-json\/wp\/v2\/product"}],"about":[{"href":"https:\/\/segtotaltreinamentos.com.br\/Loja\/wp-json\/wp\/v2\/types\/product"}],"replies":[{"embeddable":true,"href":"https:\/\/segtotaltreinamentos.com.br\/Loja\/wp-json\/wp\/v2\/comments?post=24580"}],"wp:featuredmedia":[{"embeddable":true,"href":"https:\/\/segtotaltreinamentos.com.br\/Loja\/wp-json\/wp\/v2\/media\/24581"}],"wp:attachment":[{"href":"https:\/\/segtotaltreinamentos.com.br\/Loja\/wp-json\/wp\/v2\/media?parent=24580"}],"wp:term":[{"taxonomy":"product_brand","embeddable":true,"href":"https:\/\/segtotaltreinamentos.com.br\/Loja\/wp-json\/wp\/v2\/product_brand?post=24580"},{"taxonomy":"product_cat","embeddable":true,"href":"https:\/\/segtotaltreinamentos.com.br\/Loja\/wp-json\/wp\/v2\/product_cat?post=24580"},{"taxonomy":"product_tag","embeddable":true,"href":"https:\/\/segtotaltreinamentos.com.br\/Loja\/wp-json\/wp\/v2\/product_tag?post=24580"}],"curies":[{"name":"wp","href":"https:\/\/api.w.org\/{rel}","templated":true}]}}