{"id":24813,"date":"2019-10-20T13:06:59","date_gmt":"2019-10-20T13:06:59","guid":{"rendered":"http:\/\/segtotaltreinamentos.com.br\/Loja\/?post_type=product&#038;p=24813"},"modified":"2020-01-22T12:20:03","modified_gmt":"2020-01-22T12:20:03","slug":"sv46-sapato-feminino-de-elastico","status":"publish","type":"product","link":"https:\/\/segtotaltreinamentos.com.br\/Loja\/produto\/sv46-sapato-feminino-de-elastico\/","title":{"rendered":"SV46 &#8211; Sapato Feminino de El\u00e1stico"},"content":{"rendered":"","protected":false},"excerpt":{"rendered":"<p>Sapato de seguran\u00e7a feminino confeccionado em couro vaqueta integral<br \/>\nestampa relax, com el\u00e1stico nas laterais. Possui palmilha interna<br \/>\nremov\u00edvel em EVA com tratamento antimicr\u00f3bios. Indicado para servi\u00e7os<br \/>\nque apresentem riscos de natureza leve, uniformizando e garantindo<br \/>\nconforto e prote\u00e7\u00e3o aos p\u00e9s da usu\u00e1ria.<\/p>\n","protected":false},"featured_media":24814,"comment_status":"open","ping_status":"closed","template":"","meta":[],"product_brand":[],"product_cat":[16,82,17],"product_tag":[],"class_list":{"0":"post-24813","1":"product","2":"type-product","3":"status-publish","4":"has-post-thumbnail","6":"product_cat-calcados","7":"product_cat-conforto","8":"product_cat-economico","10":"first","11":"onbackorder","12":"taxable","13":"shipping-taxable","14":"purchasable","15":"product-type-simple"},"_links":{"self":[{"href":"https:\/\/segtotaltreinamentos.com.br\/Loja\/wp-json\/wp\/v2\/product\/24813","targetHints":{"allow":["GET"]}}],"collection":[{"href":"https:\/\/segtotaltreinamentos.com.br\/Loja\/wp-json\/wp\/v2\/product"}],"about":[{"href":"https:\/\/segtotaltreinamentos.com.br\/Loja\/wp-json\/wp\/v2\/types\/product"}],"replies":[{"embeddable":true,"href":"https:\/\/segtotaltreinamentos.com.br\/Loja\/wp-json\/wp\/v2\/comments?post=24813"}],"wp:featuredmedia":[{"embeddable":true,"href":"https:\/\/segtotaltreinamentos.com.br\/Loja\/wp-json\/wp\/v2\/media\/24814"}],"wp:attachment":[{"href":"https:\/\/segtotaltreinamentos.com.br\/Loja\/wp-json\/wp\/v2\/media?parent=24813"}],"wp:term":[{"taxonomy":"product_brand","embeddable":true,"href":"https:\/\/segtotaltreinamentos.com.br\/Loja\/wp-json\/wp\/v2\/product_brand?post=24813"},{"taxonomy":"product_cat","embeddable":true,"href":"https:\/\/segtotaltreinamentos.com.br\/Loja\/wp-json\/wp\/v2\/product_cat?post=24813"},{"taxonomy":"product_tag","embeddable":true,"href":"https:\/\/segtotaltreinamentos.com.br\/Loja\/wp-json\/wp\/v2\/product_tag?post=24813"}],"curies":[{"name":"wp","href":"https:\/\/api.w.org\/{rel}","templated":true}]}}