{"id":2604,"date":"2016-08-25T00:56:05","date_gmt":"2016-08-25T00:56:05","guid":{"rendered":"http:\/\/segtotaltreinamentos.com.br\/Loja\/?post_type=product&#038;p=2604"},"modified":"2016-08-25T11:31:52","modified_gmt":"2016-08-25T11:31:52","slug":"bota-de-pvc-cano-medio-466","status":"publish","type":"product","link":"https:\/\/segtotaltreinamentos.com.br\/Loja\/produto\/bota-de-pvc-cano-medio-466\/","title":{"rendered":"bota de pvc cano medio 466"},"content":{"rendered":"","protected":false},"excerpt":{"rendered":"<p>Bota de uso ocupacional, tipo bota (imperme\u00e1vel)\u00a0injetada em uma s\u00f3 pe\u00e7a;<\/p>\n<p><strong>Mat\u00e9ria Prima:<\/strong><\/p>\n<p>&#8211;\u00a0Constitu\u00edda em PVC (Policloreto de Vinila) branca\u00a0com aplica\u00e7\u00e3o nitr\u00edlica.<\/p>\n<p><strong>Altura Total:<\/strong><\/p>\n<p>&#8211; 28 mm (Nr.40)<\/p>\n<p><strong>Biqueira:<\/strong><\/p>\n<p><strong>&#8211;\u00a0<\/strong>Sem biqueira.<\/p>\n<p><strong>Peso par:<\/strong><\/p>\n<p>M\u00e9dia 1,430gr (Nr.40)<\/p>\n<p><strong>Normas Regulamentadoras &#8211; ABNT:<\/strong><\/p>\n<p>NBR ISO 20347:2008 \u2013 Cal\u00e7ado Ocupacional, classe\u00a0II, OB SRA FO.<\/p>\n<table class=\"descricao-produto\">\n<tbody>\n<tr class=\"descricao-produto\">\n<th>Modelo<\/th>\n<th>505<\/th>\n<\/tr>\n<tr>\n<td class=\"titulo\">Marca<\/td>\n<td class=\"descricao\">ECONTECH<\/td>\n<\/tr>\n<tr>\n<td class=\"titulo\">Forro<\/td>\n<td class=\"descricao\">Poli\u00e9ster<\/td>\n<\/tr>\n<tr>\n<td class=\"titulo\">CA<\/td>\n<td class=\"descricao\">37.130<\/td>\n<\/tr>\n<tr>\n<td class=\"titulo\">Tamanhos<\/td>\n<td class=\"descricao\">35 ao 46<\/td>\n<\/tr>\n<\/tbody>\n<\/table>\n","protected":false},"featured_media":2605,"comment_status":"open","ping_status":"closed","template":"","meta":[],"product_brand":[],"product_cat":[133],"product_tag":[],"class_list":{"0":"post-2604","1":"product","2":"type-product","3":"status-publish","4":"has-post-thumbnail","6":"product_cat-sem-categoria","8":"first","9":"outofstock","10":"taxable","11":"shipping-taxable","12":"product-type-simple"},"_links":{"self":[{"href":"https:\/\/segtotaltreinamentos.com.br\/Loja\/wp-json\/wp\/v2\/product\/2604","targetHints":{"allow":["GET"]}}],"collection":[{"href":"https:\/\/segtotaltreinamentos.com.br\/Loja\/wp-json\/wp\/v2\/product"}],"about":[{"href":"https:\/\/segtotaltreinamentos.com.br\/Loja\/wp-json\/wp\/v2\/types\/product"}],"replies":[{"embeddable":true,"href":"https:\/\/segtotaltreinamentos.com.br\/Loja\/wp-json\/wp\/v2\/comments?post=2604"}],"wp:featuredmedia":[{"embeddable":true,"href":"https:\/\/segtotaltreinamentos.com.br\/Loja\/wp-json\/wp\/v2\/media\/2605"}],"wp:attachment":[{"href":"https:\/\/segtotaltreinamentos.com.br\/Loja\/wp-json\/wp\/v2\/media?parent=2604"}],"wp:term":[{"taxonomy":"product_brand","embeddable":true,"href":"https:\/\/segtotaltreinamentos.com.br\/Loja\/wp-json\/wp\/v2\/product_brand?post=2604"},{"taxonomy":"product_cat","embeddable":true,"href":"https:\/\/segtotaltreinamentos.com.br\/Loja\/wp-json\/wp\/v2\/product_cat?post=2604"},{"taxonomy":"product_tag","embeddable":true,"href":"https:\/\/segtotaltreinamentos.com.br\/Loja\/wp-json\/wp\/v2\/product_tag?post=2604"}],"curies":[{"name":"wp","href":"https:\/\/api.w.org\/{rel}","templated":true}]}}