{"id":2622,"date":"2016-08-27T13:18:18","date_gmt":"2016-08-27T13:18:18","guid":{"rendered":"http:\/\/segtotaltreinamentos.com.br\/Loja\/?post_type=product&#038;p=2622"},"modified":"2016-09-15T19:53:06","modified_gmt":"2016-09-15T19:53:06","slug":"luvas-solda-weld-luva-weld-master","status":"publish","type":"product","link":"https:\/\/segtotaltreinamentos.com.br\/Loja\/produto\/luvas-solda-weld-luva-weld-master\/","title":{"rendered":"Luvas Solda Weld Luva Weld Master"},"content":{"rendered":"<p><a href=\"https:\/\/segtotaltreinamentos.com.br\/Loja\/wp-content\/uploads\/2016\/08\/25-12022016130101.pdf\">25-12022016130101<\/a><\/p>\n<p><img fetchpriority=\"high\" decoding=\"async\" class=\"alignnone size-medium wp-image-2625\" src=\"https:\/\/segtotaltreinamentos.com.br\/Loja\/wp-content\/uploads\/2016\/08\/5-12022016130101-212x300.jpg\" alt=\"5-12022016130101\" width=\"212\" height=\"300\" srcset=\"https:\/\/segtotaltreinamentos.com.br\/Loja\/wp-content\/uploads\/2016\/08\/5-12022016130101-212x300.jpg 212w, https:\/\/segtotaltreinamentos.com.br\/Loja\/wp-content\/uploads\/2016\/08\/5-12022016130101-600x848.jpg 600w, https:\/\/segtotaltreinamentos.com.br\/Loja\/wp-content\/uploads\/2016\/08\/5-12022016130101-768x1086.jpg 768w, https:\/\/segtotaltreinamentos.com.br\/Loja\/wp-content\/uploads\/2016\/08\/5-12022016130101-724x1024.jpg 724w, https:\/\/segtotaltreinamentos.com.br\/Loja\/wp-content\/uploads\/2016\/08\/5-12022016130101-1200x1697.jpg 1200w, https:\/\/segtotaltreinamentos.com.br\/Loja\/wp-content\/uploads\/2016\/08\/5-12022016130101.jpg 1288w\" sizes=\"(max-width: 212px) 100vw, 212px\" \/><\/p>\n","protected":false},"excerpt":{"rendered":"<h3>Descri\u00e7\u00e3o<\/h3>\n<p>Luva de seguran\u00e7a confeccionada em raspa, refor\u00e7o em couro na palma e polegar, forrada com tecido de algod\u00e3o e espuma na palma e dorso, costurada em fios de aramida.<\/p>\n<h4>Especifica\u00e7\u00f5es<\/h4>\n<p><strong>CA: <\/strong><a href=\"https:\/\/consultaca.com\/ca19894\" target=\"_blank\">19.894<\/a> \/ <a href=\"https:\/\/consultaca.com\/ca19895\" target=\"_blank\">19.895<\/a><br \/>\n<strong>Tamanhos: <\/strong>10(EG)<br \/>\n<strong>Uso: <\/strong>Reutiliz\u00e1vel<br \/>\n<strong>Formato: <\/strong>Anat\u00f4mico<br \/>\n<strong>Estrutura: <\/strong>Suporte T\u00eaxtil<br \/>\n<strong>Modelo da Estrutura: <\/strong>Montado\/ Costurado<br \/>\n<strong>Material Suporte: <\/strong>Couro com forro algod\u00e3o e espuma<br \/>\n<strong>Punho: <\/strong>Reto<br \/>\n<strong>Embalagem: <\/strong>1 par. Pacote com 12 pares. Caixa com 36 pares<br \/>\n<strong>Grip: Refor\u00e7ado<\/strong><\/p>\n<h4>Vantagens e benef\u00edcios<\/h4>\n<p><strong>MAIOR RESIST\u00caNCIA E DURABILIDADE<\/strong>\u00a0&#8211; Fabricada em couro, materiais de alta performance e costurada com fios de aramida<\/p>\n<p><strong>CONFORTO E SEGURAN\u00c7A<\/strong>\u00a0&#8211; Revestimento interno especial<\/p>\n<p><strong>PROTE\u00c7\u00c3O T\u00c9RMICA SUPERIOR<\/strong>\u00a0&#8211; Oito vezes maior que as luvas tradicionais de raspa, vaqueta ou lona. Resist\u00eancia ao calor de contato at\u00e9 350\u00b0C com intermit\u00eancia de 15 segundos<\/p>\n<p><strong>MAIOR PRODUTIVIDADE<\/strong> &#8211; Redu\u00e7\u00e3o no intervalo de tempo por parte soldada<\/p>\n<p><strong>MELHORIA SIGNIFICATIVA NOS TRABALHOS DE SOLDAGEM CONT\u00cdNUA<\/strong><\/p>\n<p><strong>MELHOR OP\u00c7\u00c3O PARA TRABALHOS EM SOLDAS DIVERSAS\u00a0(Eletrodos, MIG, Oxi-Acetil\u00eanica, dentre outro processos)<\/strong><\/p>\n<p><strong>DUAS OP\u00c7\u00d5ES DE COMPRIMENTO<\/strong> &#8211;\u00a033 cm Weld Premium \/ 41 cm Weld Master<\/p>\n<h4>Aplica\u00e7\u00f5es<\/h4>\n<p>Indicada para trabalhos com altas agress\u00f5es, protegendo o usu\u00e1rio contra agentes mec\u00e2nicos e t\u00e9rmicos. O projeto de fabrica\u00e7\u00e3o da Luva Weld foi elaborado com o prop\u00f3sito de oferecer efetiva prote\u00e7\u00e3o, conforto e seguran\u00e7a em soldas diversas (Eletrodos, MIG, Oxi-Acetil\u00eanica, dentre outro processos). Utilizada nos setores soldagens e manuten\u00e7\u00f5es das ind\u00fastrias.<\/p>\n<h4>Potenciais clientes<\/h4>\n<p>Ind\u00fastrias automotivas, aeron\u00e1utica, celulose, metalurgia, metalmec\u00e2nica, siderurgia, mineradoras, naval, eletroeletr\u00f4nica, high-tech, eletrodom\u00e9sticos, manuseio de vidros, instaladores industriais e outras.<\/p>\n","protected":false},"featured_media":2623,"comment_status":"open","ping_status":"closed","template":"","meta":[],"product_brand":[],"product_cat":[6,8,12,86],"product_tag":[],"class_list":{"0":"post-2622","1":"product","2":"type-product","3":"status-publish","4":"has-post-thumbnail","6":"product_cat-luvas","7":"product_cat-luvas-calor","8":"product_cat-luvas-de-couro","9":"product_cat-volk","11":"first","12":"onbackorder","13":"taxable","14":"shipping-taxable","15":"purchasable","16":"product-type-simple"},"_links":{"self":[{"href":"https:\/\/segtotaltreinamentos.com.br\/Loja\/wp-json\/wp\/v2\/product\/2622","targetHints":{"allow":["GET"]}}],"collection":[{"href":"https:\/\/segtotaltreinamentos.com.br\/Loja\/wp-json\/wp\/v2\/product"}],"about":[{"href":"https:\/\/segtotaltreinamentos.com.br\/Loja\/wp-json\/wp\/v2\/types\/product"}],"replies":[{"embeddable":true,"href":"https:\/\/segtotaltreinamentos.com.br\/Loja\/wp-json\/wp\/v2\/comments?post=2622"}],"wp:featuredmedia":[{"embeddable":true,"href":"https:\/\/segtotaltreinamentos.com.br\/Loja\/wp-json\/wp\/v2\/media\/2623"}],"wp:attachment":[{"href":"https:\/\/segtotaltreinamentos.com.br\/Loja\/wp-json\/wp\/v2\/media?parent=2622"}],"wp:term":[{"taxonomy":"product_brand","embeddable":true,"href":"https:\/\/segtotaltreinamentos.com.br\/Loja\/wp-json\/wp\/v2\/product_brand?post=2622"},{"taxonomy":"product_cat","embeddable":true,"href":"https:\/\/segtotaltreinamentos.com.br\/Loja\/wp-json\/wp\/v2\/product_cat?post=2622"},{"taxonomy":"product_tag","embeddable":true,"href":"https:\/\/segtotaltreinamentos.com.br\/Loja\/wp-json\/wp\/v2\/product_tag?post=2622"}],"curies":[{"name":"wp","href":"https:\/\/api.w.org\/{rel}","templated":true}]}}