{"id":2626,"date":"2016-08-27T13:23:13","date_gmt":"2016-08-27T13:23:13","guid":{"rendered":"http:\/\/segtotaltreinamentos.com.br\/Loja\/?post_type=product&#038;p=2626"},"modified":"2021-03-22T23:21:55","modified_gmt":"2021-03-22T23:21:55","slug":"luvas-pvc-luva-pvc-volk-36","status":"publish","type":"product","link":"https:\/\/segtotaltreinamentos.com.br\/Loja\/produto\/luvas-pvc-luva-pvc-volk-36\/","title":{"rendered":"Luvas Pvc Luva Pvc Volk 36"},"content":{"rendered":"<p><a href=\"https:\/\/segtotaltreinamentos.com.br\/Loja\/wp-content\/uploads\/2016\/08\/37-11022016154524.pdf\">37-11022016154524<\/a><\/p>\n<p><a href=\"https:\/\/segtotaltreinamentos.com.br\/Loja\/wp-content\/uploads\/2016\/08\/9-11022016154524.pdf\">9-11022016154524<\/a><\/p>\n","protected":false},"excerpt":{"rendered":"<h3>Descri\u00e7\u00e3o<\/h3>\n<p>Luva de seguran\u00e7a confeccionada em suporte t\u00eaxtil de algod\u00e3o, revestimento externo em policloreto de vinila (PVC) e acabamento antiderrapante tipo areia, na regi\u00e3o palmar, ponta dos dedos e dorso.<\/p>\n<h4>Especifica\u00e7\u00f5es<\/h4>\n<p><strong>CA: <\/strong><a href=\"http:\/\/consultaca.com\/ca37127\" target=\"_blank\" rel=\"noopener noreferrer\">37127<\/a>\/\u00a0<a href=\"http:\/\/consultaca.com\/ca33747\" target=\"_blank\" rel=\"noopener noreferrer\">33747<\/a><br \/>\n<strong>Comprimento: <\/strong>36cm<br \/>\n<strong>Tamanhos: <\/strong>9(G) 10(EG)<br \/>\n<strong>Uso: <\/strong>Reutiliz\u00e1vel<br \/>\n<strong>Formato: <\/strong>Anat\u00f4mico<br \/>\n<strong>Estrutura: <\/strong>Suporte T\u00eaxti<br \/>\n<strong>Modelo da Estrutura: <\/strong>Montado\/ Costurado<br \/>\n<strong>Material Suporte: <\/strong>Algod\u00e3o<br \/>\n<strong>Punho: <\/strong>Reto<br \/>\n<strong>Embalagem: <\/strong>Pacote com 12 pares e Caixa com 72 pares.<br \/>\n<strong>Grip: <\/strong>Aspero<\/p>\n<h4>Vantagens e benef\u00edcios<\/h4>\n<p><strong>\u00d3TIMA RESIST\u00caNCIA<\/strong> &#8211; A abras\u00e3o e produtos qu\u00edmicos<\/p>\n<p><strong>MAIOR CONFORTO E ABSOR\u00c7\u00c3O DE SUOR<\/strong>\u00a0&#8211; Suporte t\u00eaxtil em algod\u00e3o<\/p>\n<p><strong>\u00d3TIMA FLEXIBILIDADE<\/strong><\/p>\n<p><strong>FORMATO ANAT\u00d4MICO<\/strong> &#8211;\u00a0Redu\u00e7\u00e3o da fadiga muscular<\/p>\n<p><strong>ADER\u00caNCIA EM OBJETOS \u00daMIDOS OU OLEOSOS<\/strong> &#8211; Antiderrapante \/ Grip \u00e1spero<\/p>\n<p><strong>OP\u00c7\u00d5ES DE COMPRIMENTO<\/strong> &#8211;\u00a026 cm, 36 cm e 46 cm<\/p>\n<p><strong>ECON\u00d4MICAS<\/strong>\u00a0&#8211; Fabricadas em PVC, uma das mat\u00e9rias-primas com o menor custo comparado aos outros materiais<\/p>\n<h4>Aplica\u00e7\u00f5es<\/h4>\n<p>Indicada para trabalhos gerais m\u00e9dios e pesados, protegendo o trabalhador em ambientes contra agentes mec\u00e2nicos e qu\u00edmicos, no manuseio de pe\u00e7as abrasivas com ou sem presen\u00e7a de res\u00edduos qu\u00edmicos, nas atividades de minera\u00e7\u00e3o, coleta seletiva, materiais da constru\u00e7\u00e3o, galvanoplastia, processamento qu\u00edmico e petroqu\u00edmico, transporte e manuseio de combust\u00edveis, limpeza leve e pesada, entre outros.<\/p>\n<h4>Potenciais clientes<\/h4>\n<p>Ind\u00fastrias qu\u00edmicas, petroqu\u00edmicas, galv\u00e2nicas, naval, saneamento, frigor\u00edfica (limpeza pesada), mec\u00e2nica pesada, higiene e limpeza, constru\u00e7\u00e3o civil, cer\u00e2mica, plasticas, prestadoras de servi\u00e7os, e outras.<\/p>\n","protected":false},"featured_media":2627,"comment_status":"open","ping_status":"closed","template":"","meta":[],"product_brand":[],"product_cat":[6,9,86],"product_tag":[],"class_list":{"0":"post-2626","1":"product","2":"type-product","3":"status-publish","4":"has-post-thumbnail","6":"product_cat-luvas","7":"product_cat-luvas-quimico","8":"product_cat-volk","10":"first","11":"onbackorder","12":"taxable","13":"shipping-taxable","14":"purchasable","15":"product-type-simple"},"_links":{"self":[{"href":"https:\/\/segtotaltreinamentos.com.br\/Loja\/wp-json\/wp\/v2\/product\/2626","targetHints":{"allow":["GET"]}}],"collection":[{"href":"https:\/\/segtotaltreinamentos.com.br\/Loja\/wp-json\/wp\/v2\/product"}],"about":[{"href":"https:\/\/segtotaltreinamentos.com.br\/Loja\/wp-json\/wp\/v2\/types\/product"}],"replies":[{"embeddable":true,"href":"https:\/\/segtotaltreinamentos.com.br\/Loja\/wp-json\/wp\/v2\/comments?post=2626"}],"wp:featuredmedia":[{"embeddable":true,"href":"https:\/\/segtotaltreinamentos.com.br\/Loja\/wp-json\/wp\/v2\/media\/2627"}],"wp:attachment":[{"href":"https:\/\/segtotaltreinamentos.com.br\/Loja\/wp-json\/wp\/v2\/media?parent=2626"}],"wp:term":[{"taxonomy":"product_brand","embeddable":true,"href":"https:\/\/segtotaltreinamentos.com.br\/Loja\/wp-json\/wp\/v2\/product_brand?post=2626"},{"taxonomy":"product_cat","embeddable":true,"href":"https:\/\/segtotaltreinamentos.com.br\/Loja\/wp-json\/wp\/v2\/product_cat?post=2626"},{"taxonomy":"product_tag","embeddable":true,"href":"https:\/\/segtotaltreinamentos.com.br\/Loja\/wp-json\/wp\/v2\/product_tag?post=2626"}],"curies":[{"name":"wp","href":"https:\/\/api.w.org\/{rel}","templated":true}]}}