{"id":2634,"date":"2016-08-27T13:40:59","date_gmt":"2016-08-27T13:40:59","guid":{"rendered":"http:\/\/segtotaltreinamentos.com.br\/Loja\/?post_type=product&#038;p=2634"},"modified":"2016-09-18T19:52:29","modified_gmt":"2016-09-18T19:52:29","slug":"luva-pvc-cano-longo-65cm-handschuhe","status":"publish","type":"product","link":"https:\/\/segtotaltreinamentos.com.br\/Loja\/produto\/luva-pvc-cano-longo-65cm-handschuhe\/","title":{"rendered":"LUVA PVC CANO LONGO 65CM HANDSCHUHE\u00a0"},"content":{"rendered":"<p>LUVA PVC CANO LONGO 65CM HANDSCHUHE<\/p>\n","protected":false},"excerpt":{"rendered":"<h4>CA 1169<\/h4>\n<p>Luva de Seguran\u00e7a confeccionada em PVC; sem forro; palama lisa; nos comprimentos 26 cm, 35 cm, 45 cm, 56 cm e 65cm.<\/p>\n<p><strong>Aprovado para<\/strong>:<\/p>\n<p>Prote\u00e7\u00e3o das m\u00e3os contra agentes qu\u00edmicos tais como classe b &#8211; detergentes, sab\u00f5es, amon\u00edaco e similares.<\/p>\n<h4><i class=\"fa fa-check-square-o\"><\/i> CA 3185<\/h4>\n<p>Luva de Seguran\u00e7a confeccionada em PVC, forrada; palma granulada; nos comprimentos 26 cm, 35 cm e 45 cm.<\/p>\n<p><strong>Aprovado para<\/strong>:<\/p>\n<p>Prote\u00e7\u00e3o das m\u00e3os contra agentes qu\u00edmicos tais como classe a &#8211; tipo 1: agressivos \u00e1cidos e tipo 2: agressivos b\u00e1sicos.<\/p>\n<h4><i class=\"fa fa-check-square-o\"><\/i> CA 1171<\/h4>\n<p>Luva de Seguran\u00e7a confeccionada em PVC, forrada, palma lisa, nos comprimentos 26 cm, 35 cm, 45 cm, 56 cm e 70 cm.<\/p>\n<p><strong>Aprovado para<\/strong>:<\/p>\n<p>Prote\u00e7\u00e3o das m\u00e3os contra agentes qu\u00edmicos tais como classe a &#8211; tipo 1: agressivos \u00e1cidos e tipo 2: agressivos b\u00e1sicos.<\/p>\n<h4><i class=\"fa fa-check-square-o\"><\/i> CA 1170<\/h4>\n<p>Luva de Seguran\u00e7a confeccionada em PVC, forrada, palma \u00e1spera, nos comprimentos 26 cm, 35 cm, 45 cm, 56 cm e 70 cm.<\/p>\n<p><strong>Aprovado para<\/strong>:<\/p>\n<p>Prote\u00e7\u00e3o das m\u00e3os contra agentes qu\u00edmicos tais como classe a &#8211; tipo 1: agressivos \u00e1cidos e tipo 2: agressivos b\u00e1sicos.<\/p>\n","protected":false},"featured_media":2635,"comment_status":"open","ping_status":"closed","template":"","meta":[],"product_brand":[],"product_cat":[87,6,9],"product_tag":[],"class_list":{"0":"post-2634","1":"product","2":"type-product","3":"status-publish","4":"has-post-thumbnail","6":"product_cat-handschuhe","7":"product_cat-luvas","8":"product_cat-luvas-quimico","10":"first","11":"onbackorder","12":"taxable","13":"shipping-taxable","14":"purchasable","15":"product-type-simple"},"_links":{"self":[{"href":"https:\/\/segtotaltreinamentos.com.br\/Loja\/wp-json\/wp\/v2\/product\/2634","targetHints":{"allow":["GET"]}}],"collection":[{"href":"https:\/\/segtotaltreinamentos.com.br\/Loja\/wp-json\/wp\/v2\/product"}],"about":[{"href":"https:\/\/segtotaltreinamentos.com.br\/Loja\/wp-json\/wp\/v2\/types\/product"}],"replies":[{"embeddable":true,"href":"https:\/\/segtotaltreinamentos.com.br\/Loja\/wp-json\/wp\/v2\/comments?post=2634"}],"wp:featuredmedia":[{"embeddable":true,"href":"https:\/\/segtotaltreinamentos.com.br\/Loja\/wp-json\/wp\/v2\/media\/2635"}],"wp:attachment":[{"href":"https:\/\/segtotaltreinamentos.com.br\/Loja\/wp-json\/wp\/v2\/media?parent=2634"}],"wp:term":[{"taxonomy":"product_brand","embeddable":true,"href":"https:\/\/segtotaltreinamentos.com.br\/Loja\/wp-json\/wp\/v2\/product_brand?post=2634"},{"taxonomy":"product_cat","embeddable":true,"href":"https:\/\/segtotaltreinamentos.com.br\/Loja\/wp-json\/wp\/v2\/product_cat?post=2634"},{"taxonomy":"product_tag","embeddable":true,"href":"https:\/\/segtotaltreinamentos.com.br\/Loja\/wp-json\/wp\/v2\/product_tag?post=2634"}],"curies":[{"name":"wp","href":"https:\/\/api.w.org\/{rel}","templated":true}]}}