{"id":2676,"date":"2016-08-31T20:25:37","date_gmt":"2016-08-31T20:25:37","guid":{"rendered":"http:\/\/segtotaltreinamentos.com.br\/Loja\/?post_type=product&#038;p=2676"},"modified":"2017-02-25T13:06:09","modified_gmt":"2017-02-25T13:06:09","slug":"mascara-de-solda-hw200","status":"publish","type":"product","link":"https:\/\/segtotaltreinamentos.com.br\/Loja\/produto\/mascara-de-solda-hw200\/","title":{"rendered":"mascara de solda hw200"},"content":{"rendered":"","protected":false},"excerpt":{"rendered":"<p>codigo HHw200<\/p>\n<p>Modelo:Hw200<\/p>\n<p>CA:32.965<\/p>\n<p>Escurecimento autom\u00e1tico,Filtro de alta qualidade,Casco Leve,filtro funciona atrav\u00e9s de energia solar.<\/p>\n<p>Tonalidade ajust\u00e1vel de 9 a 13,Ajuste de sensibilidade e delay,Banda de suor substitu\u00edvel,desenho que permite uso com \u00f3culos de seguran\u00e7a e protetores respirat\u00f3rios.<\/p>\n<p>\u00c0rea de vis\u00e3o: 46cm\u00b2(9,7cm x 4,7cm)<\/p>\n<p>Temperatura Operacional:-10\u00bac \u00e1 55\u00bac<\/p>\n<p>&nbsp;<\/p>\n","protected":false},"featured_media":2678,"comment_status":"open","ping_status":"closed","template":"","meta":[],"product_brand":[],"product_cat":[62,25,88],"product_tag":[],"class_list":{"0":"post-2676","1":"product","2":"type-product","3":"status-publish","4":"has-post-thumbnail","6":"product_cat-honeywell","7":"product_cat-mascara","8":"product_cat-solda","10":"first","11":"onbackorder","12":"taxable","13":"shipping-taxable","14":"purchasable","15":"product-type-simple"},"_links":{"self":[{"href":"https:\/\/segtotaltreinamentos.com.br\/Loja\/wp-json\/wp\/v2\/product\/2676","targetHints":{"allow":["GET"]}}],"collection":[{"href":"https:\/\/segtotaltreinamentos.com.br\/Loja\/wp-json\/wp\/v2\/product"}],"about":[{"href":"https:\/\/segtotaltreinamentos.com.br\/Loja\/wp-json\/wp\/v2\/types\/product"}],"replies":[{"embeddable":true,"href":"https:\/\/segtotaltreinamentos.com.br\/Loja\/wp-json\/wp\/v2\/comments?post=2676"}],"wp:featuredmedia":[{"embeddable":true,"href":"https:\/\/segtotaltreinamentos.com.br\/Loja\/wp-json\/wp\/v2\/media\/2678"}],"wp:attachment":[{"href":"https:\/\/segtotaltreinamentos.com.br\/Loja\/wp-json\/wp\/v2\/media?parent=2676"}],"wp:term":[{"taxonomy":"product_brand","embeddable":true,"href":"https:\/\/segtotaltreinamentos.com.br\/Loja\/wp-json\/wp\/v2\/product_brand?post=2676"},{"taxonomy":"product_cat","embeddable":true,"href":"https:\/\/segtotaltreinamentos.com.br\/Loja\/wp-json\/wp\/v2\/product_cat?post=2676"},{"taxonomy":"product_tag","embeddable":true,"href":"https:\/\/segtotaltreinamentos.com.br\/Loja\/wp-json\/wp\/v2\/product_tag?post=2676"}],"curies":[{"name":"wp","href":"https:\/\/api.w.org\/{rel}","templated":true}]}}