{"id":2691,"date":"2016-09-06T14:24:36","date_gmt":"2016-09-06T14:24:36","guid":{"rendered":"http:\/\/segtotaltreinamentos.com.br\/Loja\/?post_type=product&#038;p=2691"},"modified":"2016-09-15T19:00:22","modified_gmt":"2016-09-15T19:00:22","slug":"luvas-descartaveis-luva-sensivolk-sem-amido","status":"publish","type":"product","link":"https:\/\/segtotaltreinamentos.com.br\/Loja\/produto\/luvas-descartaveis-luva-sensivolk-sem-amido\/","title":{"rendered":"Luvas Descart\u00e1veis Luva Sensivolk sem amido"},"content":{"rendered":"<p>Caixa com 100 pares;<\/p>\n<p><a href=\"https:\/\/segtotaltreinamentos.com.br\/Loja\/wp-content\/uploads\/2016\/09\/32-29022016160009.pdf\">32-29022016160009<\/a><\/p>\n<p><a href=\"https:\/\/segtotaltreinamentos.com.br\/Loja\/wp-content\/uploads\/2016\/09\/14-10022016110329.pdf\">14-10022016110329<\/a><\/p>\n","protected":false},"excerpt":{"rendered":"<h3>Descri\u00e7\u00e3o<\/h3>\n<p>Luva de seguran\u00e7a confeccionada em borracha nitr\u00edlica, sem pulveriza\u00e7\u00e3o de amido de milho, ambidestra, superf\u00edcie externa lisa.<\/p>\n<hr \/>\n<h4>Especifica\u00e7\u00f5es<\/h4>\n<p><strong>CA: <\/strong>17968<br \/>\n<strong>Comprimento: <\/strong>25cm<br \/>\n<strong>Tamanhos: <\/strong>7 (P) 8 (M) 9 (G) 10 (EG)<br \/>\n<strong>Uso: <\/strong>Descart\u00e1vel<br \/>\n<strong>Formato: <\/strong>Ambidestro<br \/>\n<strong>Acabamento interno: <\/strong>Sem Talco\/ Clorinado<br \/>\n<strong>Punho: <\/strong>Virola<br \/>\n<strong>Embalagem: <\/strong>Display com 100 unidades, Caixa fechada com 10 displays<\/p>\n<h4>Vantagens e benef\u00edcios<\/h4>\n<p><strong>HIPOALERG\u00caNICA<\/strong> &#8211; 100% nitr\u00edlica.\u00a0Livre de prote\u00ednas do l\u00e1tex<\/p>\n<p><strong>\u00d3TIMA SENSIBILIDADE T\u00c1TIL COM RESIST\u00caNCIA QU\u00cdMICA<\/strong> &#8211; Aumento de produtividade<\/p>\n<p><strong>5 OP\u00c7\u00d5ES DE MODELOS<\/strong> &#8211; Op\u00e7\u00f5es de cor azul ou preta, maior ou menor espessura, com ou sem p\u00f3 e cano longo<\/p>\n<p><strong>DESCART\u00c1VEIS E AMBIDESTRAS<\/strong><\/p>\n<p><strong>\u00d3TIMA ADER\u00caNCIA<\/strong> &#8211; Com palma ou ponta dos dedos texturizadas<\/p>\n<p><strong>PROTE\u00c7\u00c3O DO USU\u00c1RIO E DO PRODUTO<\/strong><\/p>\n<h4>Aplica\u00e7\u00f5es<\/h4>\n<p>Indicada para trabalhos de precis\u00e3o, protegendo o trabalhador contra agentes qu\u00edmicos. Prote\u00e7\u00e3o qu\u00edmica ideal para manuten\u00e7\u00f5es mec\u00e2nicas de m\u00e1quinas, motores, rotores e demais pe\u00e7as met\u00e1licas com alto teor de \u00f3leo, graxa, flu\u00eddos e lubrificantes. Utilizadas tamb\u00e9m nos setores operacionais de ind\u00fastrias aliment\u00edcias, frigor\u00edfica (aves, su\u00ednos, pesca e bovinos), high-tech, automotivas, metalmec\u00e2nica, pl\u00e1stica, aeron\u00e1utica, eletroeletr\u00f4nica, perif\u00e9ricos, microprocessadores, componentes eletr\u00f4nicos, eletrodom\u00e9sticos, e outras.<\/p>\n<h4>Potenciais clientes<\/h4>\n<p>Ind\u00fastria aliment\u00edcia e frigor\u00edfica, metalmec\u00e2nica, automotiva, eletroeletr\u00f4nica, farmac\u00eautica, qu\u00edmica, implementos rodovi\u00e1rios, e outros.<\/p>\n","protected":false},"featured_media":2692,"comment_status":"open","ping_status":"closed","template":"","meta":[],"product_brand":[],"product_cat":[6,9,86],"product_tag":[],"class_list":{"0":"post-2691","1":"product","2":"type-product","3":"status-publish","4":"has-post-thumbnail","6":"product_cat-luvas","7":"product_cat-luvas-quimico","8":"product_cat-volk","10":"first","11":"onbackorder","12":"taxable","13":"shipping-taxable","14":"purchasable","15":"product-type-simple"},"_links":{"self":[{"href":"https:\/\/segtotaltreinamentos.com.br\/Loja\/wp-json\/wp\/v2\/product\/2691","targetHints":{"allow":["GET"]}}],"collection":[{"href":"https:\/\/segtotaltreinamentos.com.br\/Loja\/wp-json\/wp\/v2\/product"}],"about":[{"href":"https:\/\/segtotaltreinamentos.com.br\/Loja\/wp-json\/wp\/v2\/types\/product"}],"replies":[{"embeddable":true,"href":"https:\/\/segtotaltreinamentos.com.br\/Loja\/wp-json\/wp\/v2\/comments?post=2691"}],"wp:featuredmedia":[{"embeddable":true,"href":"https:\/\/segtotaltreinamentos.com.br\/Loja\/wp-json\/wp\/v2\/media\/2692"}],"wp:attachment":[{"href":"https:\/\/segtotaltreinamentos.com.br\/Loja\/wp-json\/wp\/v2\/media?parent=2691"}],"wp:term":[{"taxonomy":"product_brand","embeddable":true,"href":"https:\/\/segtotaltreinamentos.com.br\/Loja\/wp-json\/wp\/v2\/product_brand?post=2691"},{"taxonomy":"product_cat","embeddable":true,"href":"https:\/\/segtotaltreinamentos.com.br\/Loja\/wp-json\/wp\/v2\/product_cat?post=2691"},{"taxonomy":"product_tag","embeddable":true,"href":"https:\/\/segtotaltreinamentos.com.br\/Loja\/wp-json\/wp\/v2\/product_tag?post=2691"}],"curies":[{"name":"wp","href":"https:\/\/api.w.org\/{rel}","templated":true}]}}