{"id":2735,"date":"2016-09-16T20:38:26","date_gmt":"2016-09-16T20:38:26","guid":{"rendered":"http:\/\/segtotaltreinamentos.com.br\/Loja\/?post_type=product&#038;p=2735"},"modified":"2018-09-11T22:18:19","modified_gmt":"2018-09-11T22:18:19","slug":"protetor-auditivo-3m-millenium-tamanho-p","status":"publish","type":"product","link":"https:\/\/segtotaltreinamentos.com.br\/Loja\/produto\/protetor-auditivo-3m-millenium-tamanho-p\/","title":{"rendered":"PROTETOR AUDITIVO 3M MILLENIUM"},"content":{"rendered":"<div>PROTETOR 0301 MILLENIUM CP H0002311 G\/-<\/div>\n<div><\/div>\n<div><\/div>\n<div>PROTETOR 0301 MILLENIUM CP H0002311 M\/-<\/div>\n<div><\/div>\n<div><\/div>\n<div>PROTETOR 0301 MILLENIUM CP H0002311 P\/-<\/div>\n","protected":false},"excerpt":{"rendered":"<p>Protetor auditivo de inser\u00e7\u00e3o de silicone com cord\u00e3o de polipropileno ou silicone. Os protetores 3M Millenium aliam facilidade de inser\u00e7\u00e3o com o conforto do usu\u00e1rio. Por esse motivo, a 3M criou o sistema de duas densidades, uma para a haste (mais firme) e outra para os flanges (extraconfort\u00e1vel). Foi criado o conceito de tr\u00eas tamanhos (P, M e G) para uma prote\u00e7\u00e3o mais adequada para cada usu\u00e1rio. Assim, 3M Millenium \u00e9 a solu\u00e7\u00e3o eficaz e bem aceita para a prote\u00e7\u00e3o contra o ru\u00eddo.<\/p>\n<p><b>Atenua\u00e7\u00e3o: 15 dB (NRRsf)<\/b><\/p>\n<p><b>CA: 11882 <\/b><\/p>\n<div id=\"tabs-1\" class=\"ui-tabs-panel ui-widget-content ui-corner-bottom\">\n<ul>\n<li>Resistente a altas e baixas temperaturas e a vapores org\u00e2nicos.<\/li>\n<li>N\u00e3o apresenta efeito mem\u00f3ria.<\/li>\n<li>Possui caixa clipe pl\u00e1stica.<\/li>\n<li>Dispon\u00edvel em 3 tamanhos: P, M e G.<\/li>\n<li>Hastes e flanges com diferentes durezas.<\/li>\n<\/ul>\n<ul>\n<li>At\u00f3xico. Flex\u00edvel.<\/li>\n<li>Tamanho P: azul\/amarelo \/ Tamanho M: verde\/amarelo \/ tamanho G: vermelho\/amarelo.<\/li>\n<\/ul>\n<p>&nbsp;<\/p>\n<\/div>\n","protected":false},"featured_media":2736,"comment_status":"open","ping_status":"closed","template":"","meta":[],"product_brand":[],"product_cat":[60,22],"product_tag":[],"class_list":{"0":"post-2735","1":"product","2":"type-product","3":"status-publish","4":"has-post-thumbnail","6":"product_cat-3m","7":"product_cat-protetor-de-ouvido","9":"first","10":"outofstock","11":"taxable","12":"shipping-taxable","13":"purchasable","14":"product-type-simple"},"_links":{"self":[{"href":"https:\/\/segtotaltreinamentos.com.br\/Loja\/wp-json\/wp\/v2\/product\/2735","targetHints":{"allow":["GET"]}}],"collection":[{"href":"https:\/\/segtotaltreinamentos.com.br\/Loja\/wp-json\/wp\/v2\/product"}],"about":[{"href":"https:\/\/segtotaltreinamentos.com.br\/Loja\/wp-json\/wp\/v2\/types\/product"}],"replies":[{"embeddable":true,"href":"https:\/\/segtotaltreinamentos.com.br\/Loja\/wp-json\/wp\/v2\/comments?post=2735"}],"wp:featuredmedia":[{"embeddable":true,"href":"https:\/\/segtotaltreinamentos.com.br\/Loja\/wp-json\/wp\/v2\/media\/2736"}],"wp:attachment":[{"href":"https:\/\/segtotaltreinamentos.com.br\/Loja\/wp-json\/wp\/v2\/media?parent=2735"}],"wp:term":[{"taxonomy":"product_brand","embeddable":true,"href":"https:\/\/segtotaltreinamentos.com.br\/Loja\/wp-json\/wp\/v2\/product_brand?post=2735"},{"taxonomy":"product_cat","embeddable":true,"href":"https:\/\/segtotaltreinamentos.com.br\/Loja\/wp-json\/wp\/v2\/product_cat?post=2735"},{"taxonomy":"product_tag","embeddable":true,"href":"https:\/\/segtotaltreinamentos.com.br\/Loja\/wp-json\/wp\/v2\/product_tag?post=2735"}],"curies":[{"name":"wp","href":"https:\/\/api.w.org\/{rel}","templated":true}]}}