{"id":27697,"date":"2020-01-25T20:46:19","date_gmt":"2020-01-25T20:46:19","guid":{"rendered":"http:\/\/segtotaltreinamentos.com.br\/Loja\/?post_type=product&#038;p=27697"},"modified":"2020-04-17T14:55:28","modified_gmt":"2020-04-17T14:55:28","slug":"faixa-lombar","status":"publish","type":"product","link":"https:\/\/segtotaltreinamentos.com.br\/Loja\/produto\/faixa-lombar\/","title":{"rendered":"Faixa lombar"},"content":{"rendered":"<p><a href=\"https:\/\/segtotaltreinamentos.com.br\/Loja\/wp-content\/uploads\/2020\/01\/Vests-Ficha_Tecnica-FaixaLombar.pdf\">Vests-Ficha_Tecnica-FaixaLombar<\/a><\/p>\n","protected":false},"excerpt":{"rendered":"<div class=\"wpb_text_column wpb_content_element \">\n<div class=\"wpb_wrapper\">\n<div class=\"elementor-element elementor-element-4c1d900b elementor-widget elementor-widget-text-editor\" data-id=\"4c1d900b\" data-widget_type=\"text-editor.default\" data-element_type=\"widget\">\n<div class=\"elementor-widget-container\">\n<div class=\"elementor-text-editor elementor-clearfix\">\n<div class=\"elementor-element elementor-element-341e73a6 elementor-widget elementor-widget-image\" data-id=\"341e73a6\" data-widget_type=\"image.default\" data-element_type=\"widget\">\n<div class=\"elementor-widget-container\">\n<div class=\"elementor-image\">\n<div class=\"elementor-element elementor-element-f2dbf90 elementor-widget elementor-widget-text-editor\" data-id=\"f2dbf90\" data-widget_type=\"text-editor.default\" data-element_type=\"widget\">\n<div class=\"elementor-widget-container\">\n<div class=\"elementor-text-editor elementor-clearfix\">\n<p>A faixa lombar ergon\u00f4mica \u00e9 indicado para atividade f\u00edsica onde haver\u00e1 movimentos de flex\u00e3o, levantamento de peso, carregamento, exerc\u00edcios f\u00edsicos, servi\u00e7os pesados e movimentos intensos da coluna.<\/p>\n<ul>\n<li>Composi\u00e7\u00e3o: Suporte em poli\u00e9ster e elastodieno<\/li>\n<li>Acabamento: \u2013<\/li>\n<li>Tam. dispon\u00edveis: P M G GG<\/li>\n<li>Embalagem: 01 unidade \/ 50 unidades<\/li>\n<li>Cor: Preto<\/li>\n<\/ul>\n<\/div>\n<\/div>\n<\/div>\n<\/div>\n<\/div>\n<\/div>\n<\/div>\n<\/div>\n<\/div>\n<\/div>\n<\/div>\n<div class=\"vc_empty_space\"><\/div>\n<div class=\"wpb_single_image wpb_content_element vc_align_left\">\n<figure class=\"wpb_wrapper vc_figure\">\n<div class=\"vc_single_image-wrapper vc_box_border_grey\"><\/div>\n<\/figure>\n<\/div>\n<div class=\"wpb_text_column wpb_content_element \">\n<div class=\"wpb_wrapper\">\n<p><strong>Norma Aplic\u00e1vel:<\/strong><\/p>\n<\/div>\n<\/div>\n<div class=\"vc_empty_space\"><\/div>\n<div class=\"wpb_text_column wpb_content_element \">\n<div class=\"wpb_wrapper\">\n<p>A <a href=\"https:\/\/sbot.org.br\/dor-lombar-quais-os-motivos\/\">Faixa lombar<\/a> ergon\u00f4mica, dispensa de Certificado de Aprova\u00e7\u00e3o (CA) para <a href=\"https:\/\/supersafety.com.br\/\">Equipamentos de Prote\u00e7\u00e3o Individual<\/a>. Conforme o paracer d MT-SSST de 29\/04\/98, e o que disciplina o item 6.1 da Norma Regulamentadora n\u00ba6, aprovada pela Portaria DNSST\/SNT n\u00ba6 de 19 de agosto de 1992. Publicada no DOU de 20 de agosto de 1992.<\/p>\n<\/div>\n<\/div>\n","protected":false},"featured_media":27698,"comment_status":"open","ping_status":"closed","template":"","meta":[],"product_brand":[],"product_cat":[163,94],"product_tag":[],"class_list":{"0":"post-27697","1":"product","2":"type-product","3":"status-publish","4":"has-post-thumbnail","6":"product_cat-ergonomia","7":"product_cat-supersafety","9":"first","10":"onbackorder","11":"taxable","12":"shipping-taxable","13":"purchasable","14":"product-type-simple"},"_links":{"self":[{"href":"https:\/\/segtotaltreinamentos.com.br\/Loja\/wp-json\/wp\/v2\/product\/27697","targetHints":{"allow":["GET"]}}],"collection":[{"href":"https:\/\/segtotaltreinamentos.com.br\/Loja\/wp-json\/wp\/v2\/product"}],"about":[{"href":"https:\/\/segtotaltreinamentos.com.br\/Loja\/wp-json\/wp\/v2\/types\/product"}],"replies":[{"embeddable":true,"href":"https:\/\/segtotaltreinamentos.com.br\/Loja\/wp-json\/wp\/v2\/comments?post=27697"}],"wp:featuredmedia":[{"embeddable":true,"href":"https:\/\/segtotaltreinamentos.com.br\/Loja\/wp-json\/wp\/v2\/media\/27698"}],"wp:attachment":[{"href":"https:\/\/segtotaltreinamentos.com.br\/Loja\/wp-json\/wp\/v2\/media?parent=27697"}],"wp:term":[{"taxonomy":"product_brand","embeddable":true,"href":"https:\/\/segtotaltreinamentos.com.br\/Loja\/wp-json\/wp\/v2\/product_brand?post=27697"},{"taxonomy":"product_cat","embeddable":true,"href":"https:\/\/segtotaltreinamentos.com.br\/Loja\/wp-json\/wp\/v2\/product_cat?post=27697"},{"taxonomy":"product_tag","embeddable":true,"href":"https:\/\/segtotaltreinamentos.com.br\/Loja\/wp-json\/wp\/v2\/product_tag?post=27697"}],"curies":[{"name":"wp","href":"https:\/\/api.w.org\/{rel}","templated":true}]}}