{"id":2835,"date":"2016-09-22T13:23:28","date_gmt":"2016-09-22T13:23:28","guid":{"rendered":"http:\/\/segtotaltreinamentos.com.br\/Loja\/?post_type=product&#038;p=2835"},"modified":"2019-05-23T19:08:29","modified_gmt":"2019-05-23T19:08:29","slug":"creme-protetor-luva-quimica-grupo-3-bomba-1000g-nutriex-agua-oleo-pintura-2","status":"publish","type":"product","link":"https:\/\/segtotaltreinamentos.com.br\/Loja\/produto\/creme-protetor-luva-quimica-grupo-3-bomba-1000g-nutriex-agua-oleo-pintura-2\/","title":{"rendered":"Creme Protetor Luva Qu\u00edmica Grupo 3 Bomba 1000g Nutriex (\u00c1gua \u2013 \u00d3leo \u2013 Pintura)"},"content":{"rendered":"<p><a href=\"https:\/\/segtotaltreinamentos.com.br\/Loja\/wp-content\/uploads\/2016\/09\/ET-PA-052-CREME-PROTETOR-PARA-A-PELE-LUVA-QU\u00cdMICA-GRUPO-3-N.pdf\">et-pa-052-creme-protetor-para-a-pele-luva-quimica-grupo-3-n<\/a><\/p>\n<p><a href=\"https:\/\/segtotaltreinamentos.com.br\/Loja\/wp-content\/uploads\/2016\/09\/FISPQ-052-CREME-PROTETOR-PARA-A-PELE-LUVA-QU\u00cdMICA-GRUPO-3-N.pdf\">fispq-052-creme-protetor-para-a-pele-luva-quimica-grupo-3-n<\/a><\/p>\n","protected":false},"excerpt":{"rendered":"<p>Luva Qu\u00edmica\u00a0Grupo 3 (\u00c1gua \u2013 \u00d3leo \u2013 Pintura)<\/p>\n<p>Proporciona melhores resultados quando utilizado em \u00e1reas de pintura, \u00e1cidos, vernizes, ceras e pigmenta\u00e7\u00f5es diversas.<\/p>\n<h2>Descri\u00e7\u00e3o do produto<\/h2>\n<p>Caracter\u00edsticas e Vantagens:<\/p>\n<ul>\n<li>Secagem r\u00e1pida, n\u00e3o deixando as m\u00e3os escorregadias;<\/li>\n<li>Indicado para m\u00e3os e bra\u00e7os,<\/li>\n<li>Removido com \u00e1gua e sab\u00e3o;<\/li>\n<li>Hidrata\u00e7\u00e3o progressiva;<\/li>\n<li>Pode ser utilizado no rosto;<\/li>\n<li>Aroma agrad\u00e1vel.<\/li>\n<\/ul>\n<h2>Informa\u00e7\u00e3o adicional<\/h2>\n<table class=\"shop_attributes\">\n<tbody>\n<tr>\n<th>Peso<\/th>\n<td class=\"product_weight\">1094 g<\/td>\n<\/tr>\n<tr class=\"alt\">\n<th>Dimens\u00f5es<\/th>\n<td class=\"product_dimensions\">8 x 8 x 28 cm<\/td>\n<\/tr>\n<\/tbody>\n<\/table>\n","protected":false},"featured_media":2838,"comment_status":"open","ping_status":"closed","template":"","meta":[],"product_brand":[],"product_cat":[21,78],"product_tag":[],"class_list":{"0":"post-2835","1":"product","2":"type-product","3":"status-publish","4":"has-post-thumbnail","6":"product_cat-cremes","7":"product_cat-nutriex","9":"first","10":"instock","11":"featured","12":"taxable","13":"shipping-taxable","14":"purchasable","15":"product-type-simple"},"_links":{"self":[{"href":"https:\/\/segtotaltreinamentos.com.br\/Loja\/wp-json\/wp\/v2\/product\/2835","targetHints":{"allow":["GET"]}}],"collection":[{"href":"https:\/\/segtotaltreinamentos.com.br\/Loja\/wp-json\/wp\/v2\/product"}],"about":[{"href":"https:\/\/segtotaltreinamentos.com.br\/Loja\/wp-json\/wp\/v2\/types\/product"}],"replies":[{"embeddable":true,"href":"https:\/\/segtotaltreinamentos.com.br\/Loja\/wp-json\/wp\/v2\/comments?post=2835"}],"wp:featuredmedia":[{"embeddable":true,"href":"https:\/\/segtotaltreinamentos.com.br\/Loja\/wp-json\/wp\/v2\/media\/2838"}],"wp:attachment":[{"href":"https:\/\/segtotaltreinamentos.com.br\/Loja\/wp-json\/wp\/v2\/media?parent=2835"}],"wp:term":[{"taxonomy":"product_brand","embeddable":true,"href":"https:\/\/segtotaltreinamentos.com.br\/Loja\/wp-json\/wp\/v2\/product_brand?post=2835"},{"taxonomy":"product_cat","embeddable":true,"href":"https:\/\/segtotaltreinamentos.com.br\/Loja\/wp-json\/wp\/v2\/product_cat?post=2835"},{"taxonomy":"product_tag","embeddable":true,"href":"https:\/\/segtotaltreinamentos.com.br\/Loja\/wp-json\/wp\/v2\/product_tag?post=2835"}],"curies":[{"name":"wp","href":"https:\/\/api.w.org\/{rel}","templated":true}]}}