{"id":28391,"date":"2020-02-16T12:48:14","date_gmt":"2020-02-16T12:48:14","guid":{"rendered":"http:\/\/segtotaltreinamentos.com.br\/Loja\/?post_type=product&#038;p=28391"},"modified":"2020-02-16T12:50:14","modified_gmt":"2020-02-16T12:50:14","slug":"creme-luva-quimica-grupo-3-agua-oleo-pintura-refil-para-dispenser-4-litros","status":"publish","type":"product","link":"https:\/\/segtotaltreinamentos.com.br\/Loja\/produto\/creme-luva-quimica-grupo-3-agua-oleo-pintura-refil-para-dispenser-4-litros\/","title":{"rendered":"Creme Luva-Qu\u00edmica-Grupo-3-Agua-\u00d3leo-Pintura refil para Dispenser 4 litros"},"content":{"rendered":"<p class=\"num_ca\"><strong>N\u00b0 CA:\u00a0\u00a0 <\/strong>35339<\/p>\n<p class=\"num_ca\">Entrega em 15 dias \u00fateis ap\u00f3s o limite do estoque.<\/p>\n","protected":false},"excerpt":{"rendered":"<p>Luva Qu\u00edmica\u00a0Grupo 3 (\u00c1gua \u2013 \u00d3leo \u2013 Pintura)<\/p>\n<p>Proporciona melhores resultados quando utilizado em \u00e1reas de pintura, \u00e1cidos, vernizes, ceras e pigmenta\u00e7\u00f5es diversas.<\/p>\n<div class=\"col-md-12\">\n<ul class=\"lista-produtos\">\n<li>\n<div class=\"capsule\">\n<p class=\"titulo-h3 wow fadeInLeft animated\">Descri\u00e7\u00e3o do produto:<\/p>\n<p>Creme protetor do grupo 3 \u2013 especial, que aplicado \u00e0 pele forma uma pel\u00edcula protetora invis\u00edvel contra os ataques de produtos, tais como: \u00e1gua, tolueno, xileno, benzina, querosene, aguarr\u00e1s, thinner, metileticetona, gasolina, \u00f3leo mineral, \u00f3leo diesel, acetona, p\u00f3s em geral, percloroetileno, cloreto de metileno, tintas, adesivos, sem que o usu\u00e1rio perca a sensibilidade ao tato.<\/p>\n<\/div>\n<\/li>\n<\/ul>\n<\/div>\n<div class=\"col-md-12\"><\/div>\n<div class=\"col-md-12\">\n<h3 class=\"titulo-h3 wow fadeInLeft animated\">Especifica\u00e7\u00f5es<\/h3>\n<div class=\"especificacoes\">\n<ul>\n<li>Secagem r\u00e1pida, n\u00e3o deixando as m\u00e3os escorradias;<\/li>\n<li>Removido com \u00e1gua e sab\u00e3o;<\/li>\n<li>Hidrata\u00e7\u00e3o progressiva;<\/li>\n<li>Fragr\u00e2ncia suave;<\/li>\n<li>Indicando para m\u00e3os, bra\u00e7os e antebra\u00e7os;<\/li>\n<\/ul>\n<\/div>\n<\/div>\n","protected":false},"featured_media":28390,"comment_status":"open","ping_status":"closed","template":"","meta":[],"product_brand":[],"product_cat":[21,78],"product_tag":[],"class_list":{"0":"post-28391","1":"product","2":"type-product","3":"status-publish","4":"has-post-thumbnail","6":"product_cat-cremes","7":"product_cat-nutriex","9":"first","10":"onbackorder","11":"taxable","12":"shipping-taxable","13":"purchasable","14":"product-type-simple"},"_links":{"self":[{"href":"https:\/\/segtotaltreinamentos.com.br\/Loja\/wp-json\/wp\/v2\/product\/28391","targetHints":{"allow":["GET"]}}],"collection":[{"href":"https:\/\/segtotaltreinamentos.com.br\/Loja\/wp-json\/wp\/v2\/product"}],"about":[{"href":"https:\/\/segtotaltreinamentos.com.br\/Loja\/wp-json\/wp\/v2\/types\/product"}],"replies":[{"embeddable":true,"href":"https:\/\/segtotaltreinamentos.com.br\/Loja\/wp-json\/wp\/v2\/comments?post=28391"}],"wp:featuredmedia":[{"embeddable":true,"href":"https:\/\/segtotaltreinamentos.com.br\/Loja\/wp-json\/wp\/v2\/media\/28390"}],"wp:attachment":[{"href":"https:\/\/segtotaltreinamentos.com.br\/Loja\/wp-json\/wp\/v2\/media?parent=28391"}],"wp:term":[{"taxonomy":"product_brand","embeddable":true,"href":"https:\/\/segtotaltreinamentos.com.br\/Loja\/wp-json\/wp\/v2\/product_brand?post=28391"},{"taxonomy":"product_cat","embeddable":true,"href":"https:\/\/segtotaltreinamentos.com.br\/Loja\/wp-json\/wp\/v2\/product_cat?post=28391"},{"taxonomy":"product_tag","embeddable":true,"href":"https:\/\/segtotaltreinamentos.com.br\/Loja\/wp-json\/wp\/v2\/product_tag?post=28391"}],"curies":[{"name":"wp","href":"https:\/\/api.w.org\/{rel}","templated":true}]}}