{"id":28694,"date":"2020-02-27T13:08:16","date_gmt":"2020-02-27T13:08:16","guid":{"rendered":"http:\/\/segtotaltreinamentos.com.br\/Loja\/?post_type=product&#038;p=28694"},"modified":"2020-02-27T13:08:16","modified_gmt":"2020-02-27T13:08:16","slug":"manga-de-pvc-com-2-elasticos-ca-31646","status":"publish","type":"product","link":"https:\/\/segtotaltreinamentos.com.br\/Loja\/produto\/manga-de-pvc-com-2-elasticos-ca-31646\/","title":{"rendered":"Manga de PVC com 2 el\u00e1sticos CA 31646"},"content":{"rendered":"<p><a href=\"https:\/\/segtotaltreinamentos.com.br\/Loja\/wp-content\/uploads\/2020\/02\/ficha_tecnica_pt-2019-08-12-18-16-56.pdf\">ficha_tecnica_pt-2019-08-12-18-16-56<\/a><\/p>\n","protected":false},"excerpt":{"rendered":"<div class=\"titulo_icon\">\n<div class=\"titulo_07\">ESPECIFICA\u00c7\u00d5ES<\/div>\n<\/div>\n<div class=\"clear\"><\/div>\n<p>&nbsp;<\/p>\n<table border=\"0\" width=\"935\" cellspacing=\"0\" cellpadding=\"0\">\n<tbody>\n<tr>\n<td height=\"33\">Manga de seguran\u00e7a confeccionada em filme de PVC (policloreto de vinila).<\/td>\n<\/tr>\n<\/tbody>\n<\/table>\n<p>&nbsp;<\/p>\n<div class=\"linha_01\"><\/div>\n<p>&nbsp;<\/p>\n<div class=\"titulo_icon\"><img decoding=\"async\" src=\"http:\/\/www.prevemax.com.br\/site\/_imgs\/icon_seta.png\" \/><\/p>\n<div class=\"titulo_07\">VANTAGENS E BENEF\u00cdCIOS<\/div>\n<\/div>\n<div class=\"clear\"><\/div>\n<p>&nbsp;<\/p>\n<table border=\"0\" width=\"1790\" cellspacing=\"0\" cellpadding=\"0\">\n<tbody>\n<tr>\n<td height=\"33\">Prote\u00e7\u00e3o do bra\u00e7o e antebra\u00e7o do usu\u00e1rio contra umidade provenientes de<br \/>\nOpera\u00e7\u00f5es com uso de \u00e1gua, EPI n\u00e3o apresenta nenhum componente met\u00e1lico em sua confec\u00e7\u00e3o,<\/p>\n<p>ou subst\u00e2ncia em seus componentes que possam a vir a causar algum dano ao usu\u00e1rio, desde que seja usado de maneira apropriada.<\/td>\n<\/tr>\n<\/tbody>\n<\/table>\n<p>&nbsp;<\/p>\n<div class=\"linha_01\"><\/div>\n<p>&nbsp;<\/p>\n<div class=\"titulo_icon\"><img decoding=\"async\" src=\"http:\/\/www.prevemax.com.br\/site\/_imgs\/icon_seta.png\" \/><\/p>\n<div class=\"titulo_07\">APLICA\u00c7\u00c3O<\/div>\n<\/div>\n<div class=\"clear\"><\/div>\n<p>&nbsp;<\/p>\n<table border=\"0\" width=\"428\" cellspacing=\"0\" cellpadding=\"0\">\n<tbody>\n<tr>\n<td height=\"33\">Industria aliment\u00edcia , fruticultura, industria qu\u00edmica \/ food service \/ laticinios\/curtume<\/td>\n<\/tr>\n<\/tbody>\n<\/table>\n<div class=\"titulo_icon\">\n<div class=\"titulo_07\">NORMAS<\/div>\n<\/div>\n<div class=\"clear\"><\/div>\n<p>&nbsp;<\/p>\n<table border=\"0\" width=\"1295\" cellspacing=\"0\" cellpadding=\"0\">\n<tbody>\n<tr>\n<td height=\"33\">Fabricado segundo as boas pr\u00e1ticas de fabrica\u00e7\u00e3o, a qual atende os requisitos definidos na resolu\u00e7\u00e3o RDC 91\/2001 ANVISA.<\/p>\n<p>Produto em conformidade com a norma BS 3546:1974<\/td>\n<\/tr>\n<\/tbody>\n<\/table>\n","protected":false},"featured_media":28695,"comment_status":"open","ping_status":"closed","template":"","meta":[],"product_brand":[],"product_cat":[11,123],"product_tag":[],"class_list":{"0":"post-28694","1":"product","2":"type-product","3":"status-publish","4":"has-post-thumbnail","6":"product_cat-manguito","7":"product_cat-prevemax","9":"first","10":"onbackorder","11":"taxable","12":"shipping-taxable","13":"product-type-simple"},"_links":{"self":[{"href":"https:\/\/segtotaltreinamentos.com.br\/Loja\/wp-json\/wp\/v2\/product\/28694","targetHints":{"allow":["GET"]}}],"collection":[{"href":"https:\/\/segtotaltreinamentos.com.br\/Loja\/wp-json\/wp\/v2\/product"}],"about":[{"href":"https:\/\/segtotaltreinamentos.com.br\/Loja\/wp-json\/wp\/v2\/types\/product"}],"replies":[{"embeddable":true,"href":"https:\/\/segtotaltreinamentos.com.br\/Loja\/wp-json\/wp\/v2\/comments?post=28694"}],"wp:featuredmedia":[{"embeddable":true,"href":"https:\/\/segtotaltreinamentos.com.br\/Loja\/wp-json\/wp\/v2\/media\/28695"}],"wp:attachment":[{"href":"https:\/\/segtotaltreinamentos.com.br\/Loja\/wp-json\/wp\/v2\/media?parent=28694"}],"wp:term":[{"taxonomy":"product_brand","embeddable":true,"href":"https:\/\/segtotaltreinamentos.com.br\/Loja\/wp-json\/wp\/v2\/product_brand?post=28694"},{"taxonomy":"product_cat","embeddable":true,"href":"https:\/\/segtotaltreinamentos.com.br\/Loja\/wp-json\/wp\/v2\/product_cat?post=28694"},{"taxonomy":"product_tag","embeddable":true,"href":"https:\/\/segtotaltreinamentos.com.br\/Loja\/wp-json\/wp\/v2\/product_tag?post=28694"}],"curies":[{"name":"wp","href":"https:\/\/api.w.org\/{rel}","templated":true}]}}