{"id":2879,"date":"2016-09-25T18:54:10","date_gmt":"2016-09-25T18:54:10","guid":{"rendered":"http:\/\/segtotaltreinamentos.com.br\/Loja\/?post_type=product&#038;p=2879"},"modified":"2016-10-22T21:23:53","modified_gmt":"2016-10-22T21:23:53","slug":"luva-de-seguranca-g-tact","status":"publish","type":"product","link":"https:\/\/segtotaltreinamentos.com.br\/Loja\/produto\/luva-de-seguranca-g-tact\/","title":{"rendered":"Luva de Seguran\u00e7a &#8211; G-TACT"},"content":{"rendered":"<p><a href=\"https:\/\/segtotaltreinamentos.com.br\/Loja\/wp-content\/uploads\/2016\/09\/FT-LUVA-VICSA-G-TACT-VIC13410-CA30152.pdf\">ft-luva-vicsa-g-tact-vic13410-ca30152<\/a><\/p>\n","protected":false},"excerpt":{"rendered":"<div id=\"produto-txt\">\n<div class=\"box-m\">\n<div class=\"titbox\">Principais Caracter\u00edsticas<\/div>\n<p>Fio de Poliamida<\/p>\n<p>L\u00e1tex Natural<\/p>\n<\/div>\n<div class=\"box-m\">\n<div class=\"titbox\">Principais Aplica\u00e7\u00f5es<\/div>\n<p>Constru\u00e7\u00e3o Civil<\/p>\n<p>Carga e Descarga de Materiais<\/p>\n<p>Montagens Automotivas<\/p>\n<\/div>\n<\/div>\n<div class=\"center-content-prod-dest\">\n<div class=\"produto-txt-g\">\n<p>A Luva de Seguran\u00e7a G-TACT \u00e9 tricotada em fio de poliamida com revestimento antiderrapante em l\u00e1tex natural corrugado na palma, face palmar dos dedos e pontas dos dedos com punho el\u00e1stico.<\/p>\n<\/div>\n<\/div>\n","protected":false},"featured_media":2881,"comment_status":"open","ping_status":"closed","template":"","meta":[],"product_brand":[],"product_cat":[6,51,80],"product_tag":[],"class_list":{"0":"post-2879","1":"product","2":"type-product","3":"status-publish","4":"has-post-thumbnail","6":"product_cat-luvas","7":"product_cat-tato-destreza","8":"product_cat-vicza","10":"first","11":"outofstock","12":"taxable","13":"shipping-taxable","14":"purchasable","15":"product-type-simple"},"_links":{"self":[{"href":"https:\/\/segtotaltreinamentos.com.br\/Loja\/wp-json\/wp\/v2\/product\/2879","targetHints":{"allow":["GET"]}}],"collection":[{"href":"https:\/\/segtotaltreinamentos.com.br\/Loja\/wp-json\/wp\/v2\/product"}],"about":[{"href":"https:\/\/segtotaltreinamentos.com.br\/Loja\/wp-json\/wp\/v2\/types\/product"}],"replies":[{"embeddable":true,"href":"https:\/\/segtotaltreinamentos.com.br\/Loja\/wp-json\/wp\/v2\/comments?post=2879"}],"wp:featuredmedia":[{"embeddable":true,"href":"https:\/\/segtotaltreinamentos.com.br\/Loja\/wp-json\/wp\/v2\/media\/2881"}],"wp:attachment":[{"href":"https:\/\/segtotaltreinamentos.com.br\/Loja\/wp-json\/wp\/v2\/media?parent=2879"}],"wp:term":[{"taxonomy":"product_brand","embeddable":true,"href":"https:\/\/segtotaltreinamentos.com.br\/Loja\/wp-json\/wp\/v2\/product_brand?post=2879"},{"taxonomy":"product_cat","embeddable":true,"href":"https:\/\/segtotaltreinamentos.com.br\/Loja\/wp-json\/wp\/v2\/product_cat?post=2879"},{"taxonomy":"product_tag","embeddable":true,"href":"https:\/\/segtotaltreinamentos.com.br\/Loja\/wp-json\/wp\/v2\/product_tag?post=2879"}],"curies":[{"name":"wp","href":"https:\/\/api.w.org\/{rel}","templated":true}]}}